{"id":11482,"date":"2026-03-26T14:17:05","date_gmt":"2026-03-26T13:17:05","guid":{"rendered":"http:\/\/192.168.1.121\/batelamarketing\/?page_id=11482"},"modified":"2026-04-30T08:50:45","modified_gmt":"2026-04-30T06:50:45","slug":"baztan","status":"publish","type":"page","link":"https:\/\/batelamarketing.eus\/es\/proyectos\/baztan\/","title":{"rendered":"Baztan"},"content":{"rendered":"\t\t<div data-elementor-type=\"wp-page\" data-elementor-id=\"11482\" class=\"elementor elementor-11482\" data-elementor-post-type=\"page\">\n\t\t\t\t<div class=\"elementor-element elementor-element-59d065f6 e-flex e-con-boxed e-con e-parent\" data-id=\"59d065f6\" data-element_type=\"container\" data-e-type=\"container\" data-settings=\"{&quot;background_background&quot;:&quot;classic&quot;}\">\n\t\t\t\t\t<div class=\"e-con-inner\">\n\t\t\t\t\t<\/div>\n\t\t\t\t<\/div>\n\t\t<div class=\"elementor-element elementor-element-3b389cda e-flex e-con-boxed e-con e-parent\" data-id=\"3b389cda\" data-element_type=\"container\" data-e-type=\"container\" data-settings=\"{&quot;background_background&quot;:&quot;classic&quot;}\">\n\t\t\t\t\t<div class=\"e-con-inner\">\n\t\t<div class=\"elementor-element elementor-element-6906b8b e-con-full e-flex e-con e-child\" data-id=\"6906b8b\" data-element_type=\"container\" data-e-type=\"container\">\n\t\t<div class=\"elementor-element elementor-element-43900f6a e-con-full e-flex e-con e-child\" data-id=\"43900f6a\" data-element_type=\"container\" data-e-type=\"container\">\n\t\t<div class=\"elementor-element elementor-element-e0fa830 e-con-full e-flex e-con e-child\" data-id=\"e0fa830\" data-element_type=\"container\" data-e-type=\"container\">\n\t\t\t\t<div class=\"elementor-element elementor-element-315897da elementor-widget elementor-widget-jkit_heading\" data-id=\"315897da\" data-element_type=\"widget\" data-e-type=\"widget\" data-widget_type=\"jkit_heading.default\">\n\t\t\t\t\t<div  class=\"jeg-elementor-kit jkit-heading  align-left align-tablet- align-mobile- jeg_module___69f339d394d39\" ><div class=\"heading-section-title  display-inline-block\"><h2 class=\"heading-title\">Nombre del Cliente<\/h2><\/div><div class=\"heading-section-description\"><p>Baztan<\/p><\/div><\/div>\t\t\t\t<\/div>\n\t\t\t\t<\/div>\n\t\t<div class=\"elementor-element elementor-element-19801e58 e-con-full e-flex e-con e-child\" data-id=\"19801e58\" data-element_type=\"container\" data-e-type=\"container\">\n\t\t\t\t<div class=\"elementor-element elementor-element-4dcad13e elementor-widget elementor-widget-jkit_heading\" data-id=\"4dcad13e\" data-element_type=\"widget\" data-e-type=\"widget\" data-widget_type=\"jkit_heading.default\">\n\t\t\t\t\t<div  class=\"jeg-elementor-kit jkit-heading  align-left align-tablet- align-mobile- jeg_module__1_69f339d3962c1\" ><div class=\"heading-section-title  display-inline-block\"><h2 class=\"heading-title\">enlaces<\/h2><\/div><\/div>\t\t\t\t<\/div>\n\t\t\t\t<div class=\"elementor-element elementor-element-4164411 elementor-position-inline-start elementor-mobile-position-inline-start elementor-view-default elementor-widget elementor-widget-icon-box\" data-id=\"4164411\" data-element_type=\"widget\" data-e-type=\"widget\" data-widget_type=\"icon-box.default\">\n\t\t\t\t\t\t\t<div class=\"elementor-icon-box-wrapper\">\n\n\t\t\t\t\t\t<div class=\"elementor-icon-box-icon\">\n\t\t\t\t<a href=\"https:\/\/baztangarbera.com\/\" class=\"elementor-icon\" tabindex=\"-1\" aria-label=\"baztangarbera.com\" target=\"_blank\" rel=\"noopener\">\n\t\t\t\t<i aria-hidden=\"true\" class=\"jki jki-internet-light\"><\/i>\t\t\t\t<\/a>\n\t\t\t<\/div>\n\t\t\t\n\t\t\t\t\t\t<div class=\"elementor-icon-box-content\">\n\n\t\t\t\t\t\t\t\t\t<p class=\"elementor-icon-box-title\">\n\t\t\t\t\t\t<a href=\"https:\/\/baztangarbera.com\/\" target=\"_blank\" rel=\"noopener\">\n\t\t\t\t\t\t\tbaztangarbera.com\t\t\t\t\t\t<\/a>\n\t\t\t\t\t<\/p>\n\t\t\t\t\n\t\t\t\t\n\t\t\t<\/div>\n\t\t\t\n\t\t<\/div>\n\t\t\t\t\t\t<\/div>\n\t\t\t\t<\/div>\n\t\t\t\t<\/div>\n\t\t<div class=\"elementor-element elementor-element-c586357 e-con-full e-flex e-con e-child\" data-id=\"c586357\" data-element_type=\"container\" data-e-type=\"container\">\n\t\t\t\t<div class=\"elementor-element elementor-element-362ae162 elementor-widget elementor-widget-jkit_heading\" data-id=\"362ae162\" data-element_type=\"widget\" data-e-type=\"widget\" data-widget_type=\"jkit_heading.default\">\n\t\t\t\t\t<div  class=\"jeg-elementor-kit jkit-heading  align-left align-tablet- align-mobile- jeg_module__2_69f339d39737a\" ><div class=\"heading-section-title  display-inline-block\"><p class=\"heading-title\"><span class=\"style-gradient\"><span>En Baztan el reto estaba en actualizar la imagen de su bar-restaurante dentro de un entorno tan particular como un centro comercial, sin perder la esencia que define al local. La intervenci\u00f3n deb\u00eda aportar un aire m\u00e1s moderno y juvenil, pero manteniendo intacto ese car\u00e1cter tradicional y vasco que forma parte de su identidad.<\/span><\/span><\/p><\/div><\/div>\t\t\t\t<\/div>\n\t\t<div class=\"elementor-element elementor-element-192003ad e-con-full e-flex e-con e-child\" data-id=\"192003ad\" data-element_type=\"container\" data-e-type=\"container\">\n\t\t\t\t<div class=\"elementor-element elementor-element-1c9c8de elementor-widget__width-auto elementor-invisible elementor-widget elementor-widget-heading\" data-id=\"1c9c8de\" data-element_type=\"widget\" data-e-type=\"widget\" data-settings=\"{&quot;_animation&quot;:&quot;fadeInUp&quot;}\" data-widget_type=\"heading.default\">\n\t\t\t\t\t<div class=\"elementor-heading-title elementor-size-default\"><a href=\"https:\/\/batelamarketing.eus\/es\/branding-diseno\/\">branding<\/a><\/div>\t\t\t\t<\/div>\n\t\t\t\t<div class=\"elementor-element elementor-element-7175fe6 elementor-widget__width-auto elementor-invisible elementor-widget elementor-widget-heading\" data-id=\"7175fe6\" data-element_type=\"widget\" data-e-type=\"widget\" data-settings=\"{&quot;_animation&quot;:&quot;fadeInUp&quot;}\" data-widget_type=\"heading.default\">\n\t\t\t\t\t<div class=\"elementor-heading-title elementor-size-default\"><a href=\"https:\/\/batelamarketing.eus\/es\/diseno-web\/\">dise\u00f1o web<\/a><\/div>\t\t\t\t<\/div>\n\t\t\t\t<\/div>\n\t\t\t\t<\/div>\n\t\t\t\t<\/div>\n\t\t<div class=\"elementor-element elementor-element-6075294 e-con-full e-flex e-con e-child\" data-id=\"6075294\" data-element_type=\"container\" data-e-type=\"container\">\n\t\t<div class=\"elementor-element elementor-element-5f4ef8cb e-con-full e-flex e-con e-child\" data-id=\"5f4ef8cb\" data-element_type=\"container\" data-e-type=\"container\">\n\t\t\t\t<div class=\"elementor-element elementor-element-360c007f elementor-widget elementor-widget-image\" data-id=\"360c007f\" data-element_type=\"widget\" data-e-type=\"widget\" data-widget_type=\"image.default\">\n\t\t\t\t\t\t\t\t\t\t\t\t\t\t\t<img fetchpriority=\"high\" decoding=\"async\" width=\"550\" height=\"476\" src=\"https:\/\/batelamarketing.eus\/wp-content\/uploads\/2026\/03\/placeholder-11-1.webp\" class=\"attachment-large size-large wp-image-11486\" alt=\"\" srcset=\"https:\/\/batelamarketing.eus\/wp-content\/uploads\/2026\/03\/placeholder-11-1.webp 550w, https:\/\/batelamarketing.eus\/wp-content\/uploads\/2026\/03\/placeholder-11-1-300x260.webp 300w\" sizes=\"(max-width: 550px) 100vw, 550px\" \/>\t\t\t\t\t\t\t\t\t\t\t\t\t\t\t<\/div>\n\t\t\t\t<\/div>\n\t\t<div class=\"elementor-element elementor-element-b7516ea e-con-full e-flex e-con e-child\" data-id=\"b7516ea\" data-element_type=\"container\" data-e-type=\"container\">\n\t\t\t\t<div class=\"elementor-element elementor-element-83cea88 elementor-widget elementor-widget-image\" data-id=\"83cea88\" data-element_type=\"widget\" data-e-type=\"widget\" data-widget_type=\"image.default\">\n\t\t\t\t\t\t\t\t\t\t\t\t\t\t\t<img decoding=\"async\" width=\"800\" height=\"600\" src=\"https:\/\/batelamarketing.eus\/wp-content\/uploads\/2026\/03\/Baztan-Cuadro-poster-1024x768.jpg\" class=\"attachment-large size-large wp-image-11500\" alt=\"\" srcset=\"https:\/\/batelamarketing.eus\/wp-content\/uploads\/2026\/03\/Baztan-Cuadro-poster-1024x768.jpg 1024w, https:\/\/batelamarketing.eus\/wp-content\/uploads\/2026\/03\/Baztan-Cuadro-poster-300x225.jpg 300w, https:\/\/batelamarketing.eus\/wp-content\/uploads\/2026\/03\/Baztan-Cuadro-poster-768x576.jpg 768w, https:\/\/batelamarketing.eus\/wp-content\/uploads\/2026\/03\/Baztan-Cuadro-poster-1536x1152.jpg 1536w, https:\/\/batelamarketing.eus\/wp-content\/uploads\/2026\/03\/Baztan-Cuadro-poster-2048x1536.jpg 2048w\" sizes=\"(max-width: 800px) 100vw, 800px\" \/>\t\t\t\t\t\t\t\t\t\t\t\t\t\t\t<\/div>\n\t\t\t\t<\/div>\n\t\t\t\t<\/div>\n\t\t<div class=\"elementor-element elementor-element-461917e5 e-con-full e-flex e-con e-child\" data-id=\"461917e5\" data-element_type=\"container\" data-e-type=\"container\">\n\t\t\t\t<div class=\"elementor-element elementor-element-261f338 elementor-widget__width-initial elementor-widget elementor-widget-jkit_heading\" data-id=\"261f338\" data-element_type=\"widget\" data-e-type=\"widget\" data-widget_type=\"jkit_heading.default\">\n\t\t\t\t\t<div  class=\"jeg-elementor-kit jkit-heading  align-center align-tablet- align-mobile- jeg_module__3_69f339d398474\" ><div class=\"heading-section-title  display-inline-block\"><p class=\"heading-title\"><span class=\"style-gradient\"><span>Trabajamos el dise\u00f1o de distintas piezas de carteler\u00eda pensadas para acompa\u00f1ar la experiencia del espacio y reforzar su personalidad. Desde elementos decorativos como cuadros, hasta soportes m\u00e1s funcionales como la carta o la hoja de pintxos, cada pieza se dise\u00f1\u00f3 buscando un equilibrio entre frescura visual y autenticidad.<\/span><\/span><\/p><\/div><\/div>\t\t\t\t<\/div>\n\t\t\t\t<\/div>\n\t\t<div class=\"elementor-element elementor-element-9e153cb e-con-full e-flex e-con e-child\" data-id=\"9e153cb\" data-element_type=\"container\" data-e-type=\"container\">\n\t\t<div class=\"elementor-element elementor-element-3a8eafc e-con-full e-flex e-con e-child\" data-id=\"3a8eafc\" data-element_type=\"container\" data-e-type=\"container\">\n\t\t\t\t<div class=\"elementor-element elementor-element-6aab173 elementor-widget elementor-widget-image\" data-id=\"6aab173\" data-element_type=\"widget\" data-e-type=\"widget\" data-widget_type=\"image.default\">\n\t\t\t\t\t\t\t\t\t\t\t\t\t\t\t<img decoding=\"async\" width=\"800\" height=\"752\" src=\"https:\/\/batelamarketing.eus\/wp-content\/uploads\/2026\/03\/baztan-cartel-1024x963.webp\" class=\"attachment-large size-large wp-image-11514\" alt=\"\" srcset=\"https:\/\/batelamarketing.eus\/wp-content\/uploads\/2026\/03\/baztan-cartel-1024x963.webp 1024w, https:\/\/batelamarketing.eus\/wp-content\/uploads\/2026\/03\/baztan-cartel-300x282.webp 300w, https:\/\/batelamarketing.eus\/wp-content\/uploads\/2026\/03\/baztan-cartel-768x722.webp 768w, https:\/\/batelamarketing.eus\/wp-content\/uploads\/2026\/03\/baztan-cartel-1536x1444.webp 1536w, https:\/\/batelamarketing.eus\/wp-content\/uploads\/2026\/03\/baztan-cartel-scaled.webp 1920w\" sizes=\"(max-width: 800px) 100vw, 800px\" \/>\t\t\t\t\t\t\t\t\t\t\t\t\t\t\t<\/div>\n\t\t\t\t<\/div>\n\t\t<div class=\"elementor-element elementor-element-bce44fc e-con-full e-flex e-con e-child\" data-id=\"bce44fc\" data-element_type=\"container\" data-e-type=\"container\">\n\t\t\t\t<div class=\"elementor-element elementor-element-9630b84 elementor-widget elementor-widget-jkit_heading\" data-id=\"9630b84\" data-element_type=\"widget\" data-e-type=\"widget\" data-widget_type=\"jkit_heading.default\">\n\t\t\t\t\t<div  class=\"jeg-elementor-kit jkit-heading  align-left align-tablet- align-mobile- jeg_module__4_69f339d3993f8\" ><div class=\"heading-section-title  display-inline-block\"><p class=\"heading-title\">Un trabajo de dise\u00f1o pensado para hacer m\u00e1s reconocible su propuesta, mejorar la presentaci\u00f3n de su oferta y generar un entorno m\u00e1s cuidado y alineado con el tipo de experiencia que quiere transmitir.<\/p><\/div><\/div>\t\t\t\t<\/div>\n\t\t\t\t<div class=\"elementor-element elementor-element-ae2c349 elementor-widget elementor-widget-jkit_heading\" data-id=\"ae2c349\" data-element_type=\"widget\" data-e-type=\"widget\" data-widget_type=\"jkit_heading.default\">\n\t\t\t\t\t<div  class=\"jeg-elementor-kit jkit-heading  align-left align-tablet- align-mobile- jeg_module__5_69f339d39a324\" ><div class=\"heading-section-title  display-inline-block\"><p class=\"heading-title\"><span class=\"style-gradient\"><span>El objetivo era conseguir que todos los elementos convivieran con coherencia, aportando una imagen m\u00e1s actual y atractiva, sin alejar al local de su esencia. <\/span><\/span><\/p><\/div><\/div>\t\t\t\t<\/div>\n\t\t\t\t<\/div>\n\t\t\t\t<\/div>\n\t\t<div class=\"elementor-element elementor-element-6ad3858 e-con-full e-flex e-con e-child\" data-id=\"6ad3858\" data-element_type=\"container\" data-e-type=\"container\">\n\t\t<div class=\"elementor-element elementor-element-6a83478 e-con-full e-flex e-con e-child\" data-id=\"6a83478\" data-element_type=\"container\" data-e-type=\"container\">\n\t\t\t\t<div class=\"elementor-element elementor-element-e4ef6fe elementor-widget elementor-widget-image\" data-id=\"e4ef6fe\" data-element_type=\"widget\" data-e-type=\"widget\" data-widget_type=\"image.default\">\n\t\t\t\t\t\t\t\t\t\t\t\t\t\t\t<img loading=\"lazy\" decoding=\"async\" width=\"740\" height=\"1024\" src=\"https:\/\/batelamarketing.eus\/wp-content\/uploads\/2026\/03\/100baztan-740x1024.jpg\" class=\"attachment-large size-large wp-image-11501\" alt=\"\" srcset=\"https:\/\/batelamarketing.eus\/wp-content\/uploads\/2026\/03\/100baztan-740x1024.jpg 740w, https:\/\/batelamarketing.eus\/wp-content\/uploads\/2026\/03\/100baztan-217x300.jpg 217w, https:\/\/batelamarketing.eus\/wp-content\/uploads\/2026\/03\/100baztan-768x1063.jpg 768w, https:\/\/batelamarketing.eus\/wp-content\/uploads\/2026\/03\/100baztan-1109x1536.jpg 1109w, https:\/\/batelamarketing.eus\/wp-content\/uploads\/2026\/03\/100baztan-1479x2048.jpg 1479w, https:\/\/batelamarketing.eus\/wp-content\/uploads\/2026\/03\/100baztan-scaled.jpg 1849w\" sizes=\"(max-width: 740px) 100vw, 740px\" \/>\t\t\t\t\t\t\t\t\t\t\t\t\t\t\t<\/div>\n\t\t\t\t<\/div>\n\t\t<div class=\"elementor-element elementor-element-8ec0abb e-con-full e-flex e-con e-child\" data-id=\"8ec0abb\" data-element_type=\"container\" data-e-type=\"container\">\n\t\t\t\t<div class=\"elementor-element elementor-element-52341e7 elementor-widget elementor-widget-image\" data-id=\"52341e7\" data-element_type=\"widget\" data-e-type=\"widget\" data-widget_type=\"image.default\">\n\t\t\t\t\t\t\t\t\t\t\t\t\t\t\t<img loading=\"lazy\" decoding=\"async\" width=\"550\" height=\"476\" src=\"https:\/\/batelamarketing.eus\/wp-content\/uploads\/2026\/03\/placeholder-12.webp\" class=\"attachment-large size-large wp-image-11487\" alt=\"\" srcset=\"https:\/\/batelamarketing.eus\/wp-content\/uploads\/2026\/03\/placeholder-12.webp 550w, https:\/\/batelamarketing.eus\/wp-content\/uploads\/2026\/03\/placeholder-12-300x260.webp 300w\" sizes=\"(max-width: 550px) 100vw, 550px\" \/>\t\t\t\t\t\t\t\t\t\t\t\t\t\t\t<\/div>\n\t\t\t\t<\/div>\n\t\t\t\t<\/div>\n\t\t<div class=\"elementor-element elementor-element-af6c49a e-con-full e-flex e-con e-child\" data-id=\"af6c49a\" data-element_type=\"container\" data-e-type=\"container\">\n\t\t\t\t<div class=\"elementor-element elementor-element-7ef9c3e elementor-widget__width-initial elementor-widget elementor-widget-jkit_heading\" data-id=\"7ef9c3e\" data-element_type=\"widget\" data-e-type=\"widget\" data-widget_type=\"jkit_heading.default\">\n\t\t\t\t\t<div  class=\"jeg-elementor-kit jkit-heading  align-center align-tablet- align-mobile- jeg_module__6_69f339d39b24b\" ><div class=\"heading-section-title  display-inline-block\"><p class=\"heading-title\"><span class=\"style-gradient\"><span>El resultado es una carteler\u00eda con identidad propia, capaz de modernizar la imagen del establecimiento sin romper con sus ra\u00edces, y de proyectar una versi\u00f3n m\u00e1s actual de un local que sigue poniendo en valor su personalidad tradicional.<\/span><\/span><\/p><\/div><\/div>\t\t\t\t<\/div>\n\t\t\t\t<\/div>\n\t\t\t\t\t<\/div>\n\t\t\t\t<\/div>\n\t\t\t\t<\/div>\n\t\t","protected":false},"excerpt":{"rendered":"<p>Nombre del Cliente Baztan enlaces baztangarbera.com En Baztan el reto estaba en actualizar la imagen de su bar-restaurante dentro de un entorno tan particular como un centro comercial, sin perder la esencia que define al local. La intervenci\u00f3n deb\u00eda aportar un aire m\u00e1s moderno y juvenil, pero manteniendo intacto ese car\u00e1cter tradicional y vasco que [&hellip;]<\/p>\n","protected":false},"author":1,"featured_media":0,"parent":136,"menu_order":0,"comment_status":"closed","ping_status":"closed","template":"elementor_header_footer","meta":{"footnotes":""},"class_list":["post-11482","page","type-page","status-publish","hentry"],"_links":{"self":[{"href":"https:\/\/batelamarketing.eus\/es\/wp-json\/wp\/v2\/pages\/11482","targetHints":{"allow":["GET"]}}],"collection":[{"href":"https:\/\/batelamarketing.eus\/es\/wp-json\/wp\/v2\/pages"}],"about":[{"href":"https:\/\/batelamarketing.eus\/es\/wp-json\/wp\/v2\/types\/page"}],"author":[{"embeddable":true,"href":"https:\/\/batelamarketing.eus\/es\/wp-json\/wp\/v2\/users\/1"}],"replies":[{"embeddable":true,"href":"https:\/\/batelamarketing.eus\/es\/wp-json\/wp\/v2\/comments?post=11482"}],"version-history":[{"count":0,"href":"https:\/\/batelamarketing.eus\/es\/wp-json\/wp\/v2\/pages\/11482\/revisions"}],"up":[{"embeddable":true,"href":"https:\/\/batelamarketing.eus\/es\/wp-json\/wp\/v2\/pages\/136"}],"wp:attachment":[{"href":"https:\/\/batelamarketing.eus\/es\/wp-json\/wp\/v2\/media?parent=11482"}],"curies":[{"name":"wp","href":"https:\/\/api.w.org\/{rel}","templated":true}]}}