{"id":11564,"date":"2026-03-27T09:11:51","date_gmt":"2026-03-27T08:11:51","guid":{"rendered":"http:\/\/192.168.1.121\/batelamarketing\/?page_id=11564"},"modified":"2026-04-30T10:09:00","modified_gmt":"2026-04-30T08:09:00","slug":"maskarada","status":"publish","type":"page","link":"https:\/\/batelamarketing.eus\/es\/proyectos\/maskarada\/","title":{"rendered":"Maskarada"},"content":{"rendered":"\t\t<div data-elementor-type=\"wp-page\" data-elementor-id=\"11564\" class=\"elementor elementor-11564\" data-elementor-post-type=\"page\">\n\t\t\t\t<div class=\"elementor-element elementor-element-59d065f6 e-flex e-con-boxed e-con e-parent\" data-id=\"59d065f6\" data-element_type=\"container\" data-e-type=\"container\" data-settings=\"{&quot;background_background&quot;:&quot;classic&quot;}\">\n\t\t\t\t\t<div class=\"e-con-inner\">\n\t\t\t\t\t<\/div>\n\t\t\t\t<\/div>\n\t\t<div class=\"elementor-element elementor-element-3b389cda e-flex e-con-boxed e-con e-parent\" data-id=\"3b389cda\" data-element_type=\"container\" data-e-type=\"container\" data-settings=\"{&quot;background_background&quot;:&quot;classic&quot;}\">\n\t\t\t\t\t<div class=\"e-con-inner\">\n\t\t<div class=\"elementor-element elementor-element-6906b8b e-con-full e-flex e-con e-child\" data-id=\"6906b8b\" data-element_type=\"container\" data-e-type=\"container\">\n\t\t<div class=\"elementor-element elementor-element-43900f6a e-con-full e-flex e-con e-child\" data-id=\"43900f6a\" data-element_type=\"container\" data-e-type=\"container\">\n\t\t<div class=\"elementor-element elementor-element-e0fa830 e-con-full e-flex e-con e-child\" data-id=\"e0fa830\" data-element_type=\"container\" data-e-type=\"container\">\n\t\t\t\t<div class=\"elementor-element elementor-element-315897da elementor-widget elementor-widget-jkit_heading\" data-id=\"315897da\" data-element_type=\"widget\" data-e-type=\"widget\" data-widget_type=\"jkit_heading.default\">\n\t\t\t\t\t<div  class=\"jeg-elementor-kit jkit-heading  align-left align-tablet- align-mobile- jeg_module___69f339d179c57\" ><div class=\"heading-section-title  display-inline-block\"><h2 class=\"heading-title\">Nombre del Cliente<\/h2><\/div><div class=\"heading-section-description\"><p>Maskarada<\/p><\/div><\/div>\t\t\t\t<\/div>\n\t\t\t\t<\/div>\n\t\t<div class=\"elementor-element elementor-element-3dc6433 e-con-full e-flex e-con e-child\" data-id=\"3dc6433\" data-element_type=\"container\" data-e-type=\"container\">\n\t\t\t\t<div class=\"elementor-element elementor-element-11b8e6d elementor-widget elementor-widget-heading\" data-id=\"11b8e6d\" data-element_type=\"widget\" data-e-type=\"widget\" data-widget_type=\"heading.default\">\n\t\t\t\t\t<h2 class=\"elementor-heading-title elementor-size-default\">Enlaces<\/h2>\t\t\t\t<\/div>\n\t\t\t\t<div class=\"elementor-element elementor-element-3055a33 elementor-position-inline-start elementor-mobile-position-inline-start elementor-view-default elementor-widget elementor-widget-icon-box\" data-id=\"3055a33\" data-element_type=\"widget\" data-e-type=\"widget\" data-widget_type=\"icon-box.default\">\n\t\t\t\t\t\t\t<div class=\"elementor-icon-box-wrapper\">\n\n\t\t\t\t\t\t<div class=\"elementor-icon-box-icon\">\n\t\t\t\t<a href=\"https:\/\/maskaradadenda.com\/\" class=\"elementor-icon\" tabindex=\"-1\" aria-label=\"maskaradadenda.com\" target=\"_blank\" rel=\"noopener\">\n\t\t\t\t<i aria-hidden=\"true\" class=\"jki jki-internet-light\"><\/i>\t\t\t\t<\/a>\n\t\t\t<\/div>\n\t\t\t\n\t\t\t\t\t\t<div class=\"elementor-icon-box-content\">\n\n\t\t\t\t\t\t\t\t\t<p class=\"elementor-icon-box-title\">\n\t\t\t\t\t\t<a href=\"https:\/\/maskaradadenda.com\/\" target=\"_blank\" rel=\"noopener\">\n\t\t\t\t\t\t\tmaskaradadenda.com\t\t\t\t\t\t<\/a>\n\t\t\t\t\t<\/p>\n\t\t\t\t\n\t\t\t\t\n\t\t\t<\/div>\n\t\t\t\n\t\t<\/div>\n\t\t\t\t\t\t<\/div>\n\t\t\t\t<div class=\"elementor-element elementor-element-bdbee23 elementor-position-inline-start elementor-mobile-position-inline-start elementor-view-default elementor-widget elementor-widget-icon-box\" data-id=\"bdbee23\" data-element_type=\"widget\" data-e-type=\"widget\" data-widget_type=\"icon-box.default\">\n\t\t\t\t\t\t\t<div class=\"elementor-icon-box-wrapper\">\n\n\t\t\t\t\t\t<div class=\"elementor-icon-box-icon\">\n\t\t\t\t<a href=\"https:\/\/www.instagram.com\/maskaradadenda\/\" class=\"elementor-icon\" tabindex=\"-1\" aria-label=\"maskaradadenda\" target=\"_blank\" rel=\"noopener\">\n\t\t\t\t<i aria-hidden=\"true\" class=\"jki jki-instagram-2-light\"><\/i>\t\t\t\t<\/a>\n\t\t\t<\/div>\n\t\t\t\n\t\t\t\t\t\t<div class=\"elementor-icon-box-content\">\n\n\t\t\t\t\t\t\t\t\t<p class=\"elementor-icon-box-title\">\n\t\t\t\t\t\t<a href=\"https:\/\/www.instagram.com\/maskaradadenda\/\" target=\"_blank\" rel=\"noopener\">\n\t\t\t\t\t\t\tmaskaradadenda\t\t\t\t\t\t<\/a>\n\t\t\t\t\t<\/p>\n\t\t\t\t\n\t\t\t\t\n\t\t\t<\/div>\n\t\t\t\n\t\t<\/div>\n\t\t\t\t\t\t<\/div>\n\t\t\t\t<\/div>\n\t\t\t\t<\/div>\n\t\t<div class=\"elementor-element elementor-element-c586357 e-con-full e-flex e-con e-child\" data-id=\"c586357\" data-element_type=\"container\" data-e-type=\"container\">\n\t\t\t\t<div class=\"elementor-element elementor-element-362ae162 elementor-widget elementor-widget-jkit_heading\" data-id=\"362ae162\" data-element_type=\"widget\" data-e-type=\"widget\" data-widget_type=\"jkit_heading.default\">\n\t\t\t\t\t<div  class=\"jeg-elementor-kit jkit-heading  align-left align-tablet- align-mobile- jeg_module__1_69f339d17aed6\" ><div class=\"heading-section-title  display-inline-block\"><p class=\"heading-title\"><span class=\"style-gradient\"><span>En Maskarada el trabajo se centr\u00f3 en acercar al cliente final el valor de una marca con un producto muy singular: carne y elaborados de cerdo p\u00edo negro aut\u00f3ctono. M\u00e1s all\u00e1 de comunicar lo que venden, el objetivo era construir una identidad de marca s\u00f3lida desde los canales digitales, capaz de trasladar la calidad, el origen y la personalidad del proyecto para impulsar sus ventas online.<\/span><\/span><\/p><\/div><\/div>\t\t\t\t<\/div>\n\t\t<div class=\"elementor-element elementor-element-192003ad e-con-full e-flex e-con e-child\" data-id=\"192003ad\" data-element_type=\"container\" data-e-type=\"container\">\n\t\t\t\t<div class=\"elementor-element elementor-element-1c9c8de elementor-widget__width-auto elementor-invisible elementor-widget elementor-widget-heading\" data-id=\"1c9c8de\" data-element_type=\"widget\" data-e-type=\"widget\" data-settings=\"{&quot;_animation&quot;:&quot;fadeInUp&quot;}\" data-widget_type=\"heading.default\">\n\t\t\t\t\t<div class=\"elementor-heading-title elementor-size-default\"><a href=\"https:\/\/batelamarketing.eus\/es\/branding-diseno\/\">branding<\/a><\/div>\t\t\t\t<\/div>\n\t\t\t\t<div class=\"elementor-element elementor-element-7175fe6 elementor-widget__width-auto elementor-invisible elementor-widget elementor-widget-heading\" data-id=\"7175fe6\" data-element_type=\"widget\" data-e-type=\"widget\" data-settings=\"{&quot;_animation&quot;:&quot;fadeInUp&quot;}\" data-widget_type=\"heading.default\">\n\t\t\t\t\t<div class=\"elementor-heading-title elementor-size-default\"><a href=\"https:\/\/batelamarketing.eus\/es\/gestion-de-redes-sociales\/\">gesti\u00f3n redes sociales<\/a><\/div>\t\t\t\t<\/div>\n\t\t\t\t<\/div>\n\t\t\t\t<\/div>\n\t\t\t\t<\/div>\n\t\t\t\t<div class=\"elementor-element elementor-element-e06b480 elementor-widget elementor-widget-image\" data-id=\"e06b480\" data-element_type=\"widget\" data-e-type=\"widget\" data-widget_type=\"image.default\">\n\t\t\t\t\t\t\t\t\t\t\t\t\t\t\t<img fetchpriority=\"high\" decoding=\"async\" width=\"1211\" height=\"807\" src=\"https:\/\/batelamarketing.eus\/wp-content\/uploads\/2026\/03\/Group-24-1.webp\" class=\"attachment-full size-full wp-image-11567\" alt=\"\" srcset=\"https:\/\/batelamarketing.eus\/wp-content\/uploads\/2026\/03\/Group-24-1.webp 1211w, https:\/\/batelamarketing.eus\/wp-content\/uploads\/2026\/03\/Group-24-1-300x200.webp 300w, https:\/\/batelamarketing.eus\/wp-content\/uploads\/2026\/03\/Group-24-1-1024x682.webp 1024w, https:\/\/batelamarketing.eus\/wp-content\/uploads\/2026\/03\/Group-24-1-768x512.webp 768w\" sizes=\"(max-width: 1211px) 100vw, 1211px\" \/>\t\t\t\t\t\t\t\t\t\t\t\t\t\t\t<\/div>\n\t\t<div class=\"elementor-element elementor-element-461917e5 e-con-full e-flex e-con e-child\" data-id=\"461917e5\" data-element_type=\"container\" data-e-type=\"container\">\n\t\t\t\t<div class=\"elementor-element elementor-element-261f338 elementor-widget__width-initial elementor-widget elementor-widget-jkit_heading\" data-id=\"261f338\" data-element_type=\"widget\" data-e-type=\"widget\" data-widget_type=\"jkit_heading.default\">\n\t\t\t\t\t<div  class=\"jeg-elementor-kit jkit-heading  align-center align-tablet- align-mobile- jeg_module__2_69f339d17c0c5\" ><div class=\"heading-section-title  display-inline-block\"><p class=\"heading-title\"><span class=\"style-gradient\"><span>Las redes sociales se convirtieron en el eje principal de esta estrategia, trabajando una comunicaci\u00f3n pensada para dar visibilidad al producto, poner en valor su singularidad y conectar con una audiencia cada vez m\u00e1s interesada en conocer lo que hay detr\u00e1s de cada pieza. A trav\u00e9s de los contenidos, fuimos construyendo un relato de marca m\u00e1s reconocible, cercano y diferencial.<\/span><\/span><\/p><\/div><\/div>\t\t\t\t<\/div>\n\t\t\t\t<\/div>\n\t\t<div class=\"elementor-element elementor-element-9e153cb e-con-full e-flex e-con e-child\" data-id=\"9e153cb\" data-element_type=\"container\" data-e-type=\"container\">\n\t\t<div class=\"elementor-element elementor-element-3a8eafc e-con-full e-flex e-con e-child\" data-id=\"3a8eafc\" data-element_type=\"container\" data-e-type=\"container\">\n\t\t\t\t<div class=\"elementor-element elementor-element-6aab173 elementor-widget elementor-widget-image\" data-id=\"6aab173\" data-element_type=\"widget\" data-e-type=\"widget\" data-widget_type=\"image.default\">\n\t\t\t\t\t\t\t\t\t\t\t\t\t\t\t<img decoding=\"async\" width=\"800\" height=\"533\" src=\"https:\/\/batelamarketing.eus\/wp-content\/uploads\/2026\/03\/Group-25-1024x682.webp\" class=\"attachment-large size-large wp-image-11583\" alt=\"\" srcset=\"https:\/\/batelamarketing.eus\/wp-content\/uploads\/2026\/03\/Group-25-1024x682.webp 1024w, https:\/\/batelamarketing.eus\/wp-content\/uploads\/2026\/03\/Group-25-300x200.webp 300w, https:\/\/batelamarketing.eus\/wp-content\/uploads\/2026\/03\/Group-25-768x512.webp 768w, https:\/\/batelamarketing.eus\/wp-content\/uploads\/2026\/03\/Group-25.webp 1211w\" sizes=\"(max-width: 800px) 100vw, 800px\" \/>\t\t\t\t\t\t\t\t\t\t\t\t\t\t\t<\/div>\n\t\t\t\t<\/div>\n\t\t<div class=\"elementor-element elementor-element-bce44fc e-con-full e-flex e-con e-child\" data-id=\"bce44fc\" data-element_type=\"container\" data-e-type=\"container\">\n\t\t\t\t<div class=\"elementor-element elementor-element-9630b84 elementor-widget elementor-widget-jkit_heading\" data-id=\"9630b84\" data-element_type=\"widget\" data-e-type=\"widget\" data-widget_type=\"jkit_heading.default\">\n\t\t\t\t\t<div  class=\"jeg-elementor-kit jkit-heading  align-left align-tablet- align-mobile- jeg_module__3_69f339d17d1ba\" ><div class=\"heading-section-title  display-inline-block\"><p class=\"heading-title\">la creaci\u00f3n de una comunidad en WhatsApp permiti\u00f3 abrir un canal todav\u00eda m\u00e1s cercano y exclusivo, favoreciendo una relaci\u00f3n m\u00e1s estrecha con su p\u00fablico y dando forma a una especie de club selecto en torno a la marca.<\/p><\/div><\/div>\t\t\t\t<\/div>\n\t\t\t\t<div class=\"elementor-element elementor-element-ae2c349 elementor-widget elementor-widget-jkit_heading\" data-id=\"ae2c349\" data-element_type=\"widget\" data-e-type=\"widget\" data-widget_type=\"jkit_heading.default\">\n\t\t\t\t\t<div  class=\"jeg-elementor-kit jkit-heading  align-left align-tablet- align-mobile- jeg_module__4_69f339d17e28f\" ><div class=\"heading-section-title  display-inline-block\"><p class=\"heading-title\"><span class=\"style-gradient\"><span>Ese trabajo se reforz\u00f3 tambi\u00e9n con acciones de email marketing dirigidas a su base de datos de clientes, generando una comunicaci\u00f3n m\u00e1s directa y constante. <\/span><\/span><\/p><\/div><\/div>\t\t\t\t<\/div>\n\t\t\t\t<\/div>\n\t\t\t\t<\/div>\n\t\t<div class=\"elementor-element elementor-element-2552bf0 e-con-full e-flex e-con e-child\" data-id=\"2552bf0\" data-element_type=\"container\" data-e-type=\"container\">\n\t\t\t\t<div class=\"elementor-element elementor-element-1fe7488 elementor-arrows-position-inside elementor-pagination-position-outside elementor-widget elementor-widget-image-carousel\" data-id=\"1fe7488\" data-element_type=\"widget\" data-e-type=\"widget\" data-settings=\"{&quot;slides_to_show&quot;:&quot;4&quot;,&quot;navigation&quot;:&quot;both&quot;,&quot;autoplay&quot;:&quot;yes&quot;,&quot;pause_on_hover&quot;:&quot;yes&quot;,&quot;pause_on_interaction&quot;:&quot;yes&quot;,&quot;autoplay_speed&quot;:5000,&quot;infinite&quot;:&quot;yes&quot;,&quot;speed&quot;:500}\" data-widget_type=\"image-carousel.default\">\n\t\t\t\t\t\t\t<div class=\"elementor-image-carousel-wrapper swiper\" role=\"region\" aria-roledescription=\"carousel\" aria-label=\"Carrusel de im\u00e1genes\" dir=\"ltr\">\n\t\t\t<div class=\"elementor-image-carousel swiper-wrapper\" aria-live=\"off\">\n\t\t\t\t\t\t\t\t<div class=\"swiper-slide\" role=\"group\" aria-roledescription=\"slide\" aria-label=\"1 de 5\"><figure class=\"swiper-slide-inner\"><img decoding=\"async\" class=\"swiper-slide-image\" src=\"https:\/\/batelamarketing.eus\/wp-content\/uploads\/2026\/03\/Group-36-1.webp\" alt=\"Group 36 (1)\" \/><\/figure><\/div><div class=\"swiper-slide\" role=\"group\" aria-roledescription=\"slide\" aria-label=\"2 de 5\"><figure class=\"swiper-slide-inner\"><img decoding=\"async\" class=\"swiper-slide-image\" src=\"https:\/\/batelamarketing.eus\/wp-content\/uploads\/2026\/03\/Group-37-1.webp\" alt=\"Group 37 (1)\" \/><\/figure><\/div><div class=\"swiper-slide\" role=\"group\" aria-roledescription=\"slide\" aria-label=\"3 de 5\"><figure class=\"swiper-slide-inner\"><img decoding=\"async\" class=\"swiper-slide-image\" src=\"https:\/\/batelamarketing.eus\/wp-content\/uploads\/2026\/03\/Group-40-1.webp\" alt=\"Group 40 (1)\" \/><\/figure><\/div><div class=\"swiper-slide\" role=\"group\" aria-roledescription=\"slide\" aria-label=\"4 de 5\"><figure class=\"swiper-slide-inner\"><img decoding=\"async\" class=\"swiper-slide-image\" src=\"https:\/\/batelamarketing.eus\/wp-content\/uploads\/2026\/03\/Group-38-1-1.webp\" alt=\"Group 38 (1) (1)\" \/><\/figure><\/div><div class=\"swiper-slide\" role=\"group\" aria-roledescription=\"slide\" aria-label=\"5 de 5\"><figure class=\"swiper-slide-inner\"><img decoding=\"async\" class=\"swiper-slide-image\" src=\"https:\/\/batelamarketing.eus\/wp-content\/uploads\/2026\/03\/Group-39-1.webp\" alt=\"Group 39 (1)\" \/><\/figure><\/div>\t\t\t<\/div>\n\t\t\t\t\t\t\t\t\t\t\t\t<div class=\"elementor-swiper-button elementor-swiper-button-prev\" role=\"button\" tabindex=\"0\">\n\t\t\t\t\t\t<svg aria-hidden=\"true\" class=\"e-font-icon-svg e-eicon-chevron-left\" viewBox=\"0 0 1000 1000\" xmlns=\"http:\/\/www.w3.org\/2000\/svg\"><path d=\"M646 125C629 125 613 133 604 142L308 442C296 454 292 471 292 487 292 504 296 521 308 533L604 854C617 867 629 875 646 875 663 875 679 871 692 858 704 846 713 829 713 812 713 796 708 779 692 767L438 487 692 225C700 217 708 204 708 187 708 171 704 154 692 142 675 129 663 125 646 125Z\"><\/path><\/svg>\t\t\t\t\t<\/div>\n\t\t\t\t\t<div class=\"elementor-swiper-button elementor-swiper-button-next\" role=\"button\" tabindex=\"0\">\n\t\t\t\t\t\t<svg aria-hidden=\"true\" class=\"e-font-icon-svg e-eicon-chevron-right\" viewBox=\"0 0 1000 1000\" xmlns=\"http:\/\/www.w3.org\/2000\/svg\"><path d=\"M696 533C708 521 713 504 713 487 713 471 708 454 696 446L400 146C388 133 375 125 354 125 338 125 325 129 313 142 300 154 292 171 292 187 292 204 296 221 308 233L563 492 304 771C292 783 288 800 288 817 288 833 296 850 308 863 321 871 338 875 354 875 371 875 388 867 400 854L696 533Z\"><\/path><\/svg>\t\t\t\t\t<\/div>\n\t\t\t\t\n\t\t\t\t\t\t\t\t\t<div class=\"swiper-pagination\"><\/div>\n\t\t\t\t\t\t\t\t\t<\/div>\n\t\t\t\t\t\t<\/div>\n\t\t\t\t<\/div>\n\t\t<div class=\"elementor-element elementor-element-af6c49a e-con-full e-flex e-con e-child\" data-id=\"af6c49a\" data-element_type=\"container\" data-e-type=\"container\">\n\t\t\t\t<div class=\"elementor-element elementor-element-7ef9c3e elementor-widget__width-initial elementor-widget elementor-widget-jkit_heading\" data-id=\"7ef9c3e\" data-element_type=\"widget\" data-e-type=\"widget\" data-widget_type=\"jkit_heading.default\">\n\t\t\t\t\t<div  class=\"jeg-elementor-kit jkit-heading  align-center align-tablet- align-mobile- jeg_module__5_69f339d17f4e8\" ><div class=\"heading-section-title  display-inline-block\"><p class=\"heading-title\"><span class=\"style-gradient\"><span>El resultado es una presencia digital m\u00e1s consistente, una comunidad m\u00e1s conectada con el universo Maskarada y una estrategia orientada no solo a ganar visibilidad, sino a convertir ese inter\u00e9s en relaci\u00f3n, fidelizaci\u00f3n y ventas online.<\/span><\/span><\/p><\/div><\/div>\t\t\t\t<\/div>\n\t\t\t\t<\/div>\n\t\t\t\t\t<\/div>\n\t\t\t\t<\/div>\n\t\t\t\t<\/div>\n\t\t","protected":false},"excerpt":{"rendered":"<p>Nombre del Cliente Maskarada Enlaces maskaradadenda.com maskaradadenda En Maskarada el trabajo se centr\u00f3 en acercar al cliente final el valor de una marca con un producto muy singular: carne y elaborados de cerdo p\u00edo negro aut\u00f3ctono. M\u00e1s all\u00e1 de comunicar lo que venden, el objetivo era construir una identidad de marca s\u00f3lida desde los canales [&hellip;]<\/p>\n","protected":false},"author":1,"featured_media":0,"parent":136,"menu_order":0,"comment_status":"closed","ping_status":"closed","template":"elementor_header_footer","meta":{"footnotes":""},"class_list":["post-11564","page","type-page","status-publish","hentry"],"_links":{"self":[{"href":"https:\/\/batelamarketing.eus\/es\/wp-json\/wp\/v2\/pages\/11564","targetHints":{"allow":["GET"]}}],"collection":[{"href":"https:\/\/batelamarketing.eus\/es\/wp-json\/wp\/v2\/pages"}],"about":[{"href":"https:\/\/batelamarketing.eus\/es\/wp-json\/wp\/v2\/types\/page"}],"author":[{"embeddable":true,"href":"https:\/\/batelamarketing.eus\/es\/wp-json\/wp\/v2\/users\/1"}],"replies":[{"embeddable":true,"href":"https:\/\/batelamarketing.eus\/es\/wp-json\/wp\/v2\/comments?post=11564"}],"version-history":[{"count":0,"href":"https:\/\/batelamarketing.eus\/es\/wp-json\/wp\/v2\/pages\/11564\/revisions"}],"up":[{"embeddable":true,"href":"https:\/\/batelamarketing.eus\/es\/wp-json\/wp\/v2\/pages\/136"}],"wp:attachment":[{"href":"https:\/\/batelamarketing.eus\/es\/wp-json\/wp\/v2\/media?parent=11564"}],"curies":[{"name":"wp","href":"https:\/\/api.w.org\/{rel}","templated":true}]}}