{"id":11631,"date":"2026-03-27T10:55:26","date_gmt":"2026-03-27T09:55:26","guid":{"rendered":"http:\/\/192.168.1.121\/batelamarketing\/?page_id=11631"},"modified":"2026-04-30T08:52:06","modified_gmt":"2026-04-30T06:52:06","slug":"pazzo","status":"publish","type":"page","link":"https:\/\/batelamarketing.eus\/es\/proyectos\/pazzo\/","title":{"rendered":"Pazzo"},"content":{"rendered":"\t\t<div data-elementor-type=\"wp-page\" data-elementor-id=\"11631\" class=\"elementor elementor-11631\" data-elementor-post-type=\"page\">\n\t\t\t\t<div class=\"elementor-element elementor-element-59d065f6 e-flex e-con-boxed e-con e-parent\" data-id=\"59d065f6\" data-element_type=\"container\" data-e-type=\"container\" data-settings=\"{&quot;background_background&quot;:&quot;classic&quot;}\">\n\t\t\t\t\t<div class=\"e-con-inner\">\n\t\t\t\t\t<\/div>\n\t\t\t\t<\/div>\n\t\t<div class=\"elementor-element elementor-element-3b389cda e-flex e-con-boxed e-con e-parent\" data-id=\"3b389cda\" data-element_type=\"container\" data-e-type=\"container\" data-settings=\"{&quot;background_background&quot;:&quot;classic&quot;}\">\n\t\t\t\t\t<div class=\"e-con-inner\">\n\t\t<div class=\"elementor-element elementor-element-6906b8b e-con-full e-flex e-con e-child\" data-id=\"6906b8b\" data-element_type=\"container\" data-e-type=\"container\">\n\t\t<div class=\"elementor-element elementor-element-43900f6a e-con-full e-flex e-con e-child\" data-id=\"43900f6a\" data-element_type=\"container\" data-e-type=\"container\">\n\t\t<div class=\"elementor-element elementor-element-e0fa830 e-con-full e-flex e-con e-child\" data-id=\"e0fa830\" data-element_type=\"container\" data-e-type=\"container\">\n\t\t\t\t<div class=\"elementor-element elementor-element-315897da elementor-widget elementor-widget-jkit_heading\" data-id=\"315897da\" data-element_type=\"widget\" data-e-type=\"widget\" data-widget_type=\"jkit_heading.default\">\n\t\t\t\t\t<div  class=\"jeg-elementor-kit jkit-heading  align-left align-tablet- align-mobile- jeg_module___69f339b9af658\" ><div class=\"heading-section-title  display-inline-block\"><h2 class=\"heading-title\">Nombre del Cliente<\/h2><\/div><div class=\"heading-section-description\"><p>Pazzo Pizza<\/p><\/div><\/div>\t\t\t\t<\/div>\n\t\t\t\t<\/div>\n\t\t<div class=\"elementor-element elementor-element-ce1ced8 e-con-full e-flex e-con e-child\" data-id=\"ce1ced8\" data-element_type=\"container\" data-e-type=\"container\">\n\t\t\t\t<div class=\"elementor-element elementor-element-ac23143 elementor-widget elementor-widget-heading\" data-id=\"ac23143\" data-element_type=\"widget\" data-e-type=\"widget\" data-widget_type=\"heading.default\">\n\t\t\t\t\t<h2 class=\"elementor-heading-title elementor-size-default\">Enlaces<\/h2>\t\t\t\t<\/div>\n\t\t\t\t<div class=\"elementor-element elementor-element-c166474 elementor-position-inline-start elementor-mobile-position-inline-start elementor-view-default elementor-widget elementor-widget-icon-box\" data-id=\"c166474\" data-element_type=\"widget\" data-e-type=\"widget\" data-widget_type=\"icon-box.default\">\n\t\t\t\t\t\t\t<div class=\"elementor-icon-box-wrapper\">\n\n\t\t\t\t\t\t<div class=\"elementor-icon-box-icon\">\n\t\t\t\t<a href=\"https:\/\/www.instagram.com\/pazzo_tolosa\/\" class=\"elementor-icon\" tabindex=\"-1\" aria-label=\"pazzo_tolosa\" target=\"_blank\" rel=\"noopener\">\n\t\t\t\t<i aria-hidden=\"true\" class=\"jki jki-instagram-2-light\"><\/i>\t\t\t\t<\/a>\n\t\t\t<\/div>\n\t\t\t\n\t\t\t\t\t\t<div class=\"elementor-icon-box-content\">\n\n\t\t\t\t\t\t\t\t\t<p class=\"elementor-icon-box-title\">\n\t\t\t\t\t\t<a href=\"https:\/\/www.instagram.com\/pazzo_tolosa\/\" target=\"_blank\" rel=\"noopener\">\n\t\t\t\t\t\t\tpazzo_tolosa\t\t\t\t\t\t<\/a>\n\t\t\t\t\t<\/p>\n\t\t\t\t\n\t\t\t\t\n\t\t\t<\/div>\n\t\t\t\n\t\t<\/div>\n\t\t\t\t\t\t<\/div>\n\t\t\t\t<\/div>\n\t\t\t\t<\/div>\n\t\t<div class=\"elementor-element elementor-element-c586357 e-con-full e-flex e-con e-child\" data-id=\"c586357\" data-element_type=\"container\" data-e-type=\"container\">\n\t\t\t\t<div class=\"elementor-element elementor-element-362ae162 elementor-widget elementor-widget-jkit_heading\" data-id=\"362ae162\" data-element_type=\"widget\" data-e-type=\"widget\" data-widget_type=\"jkit_heading.default\">\n\t\t\t\t\t<div  class=\"jeg-elementor-kit jkit-heading  align-left align-tablet- align-mobile- jeg_module__1_69f339b9b11ff\" ><div class=\"heading-section-title  display-inline-block\"><p class=\"heading-title\"><span class=\"style-gradient\"><span>En Pazzo Pizzak el reto estaba en dar forma a una comunicaci\u00f3n visual capaz de conectar con un p\u00fablico m\u00e1s joven, reforzando una identidad de marca ya marcada por un car\u00e1cter desenfadado, fresco y muy reconocible. La clave del proyecto estaba en crear un contenido audiovisual distinto, con personalidad propia y con capacidad para transmitir la esencia del local de una forma m\u00e1s atractiva y actual.<\/span><\/span><\/p><\/div><\/div>\t\t\t\t<\/div>\n\t\t<div class=\"elementor-element elementor-element-192003ad e-con-full e-flex e-con e-child\" data-id=\"192003ad\" data-element_type=\"container\" data-e-type=\"container\">\n\t\t\t\t<div class=\"elementor-element elementor-element-1c9c8de elementor-widget__width-auto elementor-invisible elementor-widget elementor-widget-heading\" data-id=\"1c9c8de\" data-element_type=\"widget\" data-e-type=\"widget\" data-settings=\"{&quot;_animation&quot;:&quot;fadeInUp&quot;}\" data-widget_type=\"heading.default\">\n\t\t\t\t\t<div class=\"elementor-heading-title elementor-size-default\"><a href=\"https:\/\/batelamarketing.eus\/es\/fotografia-y-videografia\/\">fotograf\u00eda<\/a><\/div>\t\t\t\t<\/div>\n\t\t\t\t<div class=\"elementor-element elementor-element-7175fe6 elementor-widget__width-auto elementor-invisible elementor-widget elementor-widget-heading\" data-id=\"7175fe6\" data-element_type=\"widget\" data-e-type=\"widget\" data-settings=\"{&quot;_animation&quot;:&quot;fadeInUp&quot;}\" data-widget_type=\"heading.default\">\n\t\t\t\t\t<div class=\"elementor-heading-title elementor-size-default\"><a href=\"https:\/\/batelamarketing.eus\/es\/fotografia-y-videografia\/\">v\u00eddeo<\/a><\/div>\t\t\t\t<\/div>\n\t\t\t\t<\/div>\n\t\t\t\t<\/div>\n\t\t\t\t<\/div>\n\t\t<div class=\"elementor-element elementor-element-6075294 e-con-full e-flex e-con e-child\" data-id=\"6075294\" data-element_type=\"container\" data-e-type=\"container\">\n\t\t<div class=\"elementor-element elementor-element-5f4ef8cb e-con-full e-flex e-con e-child\" data-id=\"5f4ef8cb\" data-element_type=\"container\" data-e-type=\"container\">\n\t\t\t\t<div class=\"elementor-element elementor-element-360c007f elementor-widget elementor-widget-image\" data-id=\"360c007f\" data-element_type=\"widget\" data-e-type=\"widget\" data-widget_type=\"image.default\">\n\t\t\t\t\t\t\t\t\t\t\t\t\t\t\t<img fetchpriority=\"high\" decoding=\"async\" width=\"800\" height=\"533\" src=\"https:\/\/batelamarketing.eus\/wp-content\/uploads\/2026\/03\/Rectangle-33-1-1024x682.webp\" class=\"attachment-large size-large wp-image-11633\" alt=\"\" srcset=\"https:\/\/batelamarketing.eus\/wp-content\/uploads\/2026\/03\/Rectangle-33-1-1024x682.webp 1024w, https:\/\/batelamarketing.eus\/wp-content\/uploads\/2026\/03\/Rectangle-33-1-300x200.webp 300w, https:\/\/batelamarketing.eus\/wp-content\/uploads\/2026\/03\/Rectangle-33-1-768x512.webp 768w, https:\/\/batelamarketing.eus\/wp-content\/uploads\/2026\/03\/Rectangle-33-1.webp 1211w\" sizes=\"(max-width: 800px) 100vw, 800px\" \/>\t\t\t\t\t\t\t\t\t\t\t\t\t\t\t<\/div>\n\t\t\t\t<\/div>\n\t\t\t\t<\/div>\n\t\t<div class=\"elementor-element elementor-element-461917e5 e-con-full e-flex e-con e-child\" data-id=\"461917e5\" data-element_type=\"container\" data-e-type=\"container\">\n\t\t\t\t<div class=\"elementor-element elementor-element-261f338 elementor-widget__width-initial elementor-widget elementor-widget-jkit_heading\" data-id=\"261f338\" data-element_type=\"widget\" data-e-type=\"widget\" data-widget_type=\"jkit_heading.default\">\n\t\t\t\t\t<div  class=\"jeg-elementor-kit jkit-heading  align-center align-tablet- align-mobile- jeg_module__2_69f339b9b2bb9\" ><div class=\"heading-section-title  display-inline-block\"><p class=\"heading-title\"><span class=\"style-gradient\"><span>Trabajamos una l\u00ednea de contenido pensada para destacar dentro del entorno digital, aprovechando las posibilidades creativas que ofrecen las herramientas de inteligencia artificial para construir un universo visual m\u00e1s singular. <\/span><\/span><\/p><\/div><\/div>\t\t\t\t<\/div>\n\t\t\t\t<\/div>\n\t\t<div class=\"elementor-element elementor-element-9e153cb e-con-full e-flex e-con e-child\" data-id=\"9e153cb\" data-element_type=\"container\" data-e-type=\"container\">\n\t\t<div class=\"elementor-element elementor-element-3a8eafc e-con-full e-flex e-con e-child\" data-id=\"3a8eafc\" data-element_type=\"container\" data-e-type=\"container\">\n\t\t\t\t<div class=\"elementor-element elementor-element-6aab173 elementor-widget elementor-widget-image\" data-id=\"6aab173\" data-element_type=\"widget\" data-e-type=\"widget\" data-widget_type=\"image.default\">\n\t\t\t\t\t\t\t\t\t\t\t\t\t\t\t<img decoding=\"async\" width=\"579\" height=\"694\" src=\"https:\/\/batelamarketing.eus\/wp-content\/uploads\/2026\/03\/placeholder-16.webp\" class=\"attachment-large size-large wp-image-11634\" alt=\"\" srcset=\"https:\/\/batelamarketing.eus\/wp-content\/uploads\/2026\/03\/placeholder-16.webp 579w, https:\/\/batelamarketing.eus\/wp-content\/uploads\/2026\/03\/placeholder-16-250x300.webp 250w\" sizes=\"(max-width: 579px) 100vw, 579px\" \/>\t\t\t\t\t\t\t\t\t\t\t\t\t\t\t<\/div>\n\t\t\t\t<\/div>\n\t\t<div class=\"elementor-element elementor-element-bce44fc e-con-full e-flex e-con e-child\" data-id=\"bce44fc\" data-element_type=\"container\" data-e-type=\"container\">\n\t\t\t\t<div class=\"elementor-element elementor-element-9630b84 elementor-widget elementor-widget-jkit_heading\" data-id=\"9630b84\" data-element_type=\"widget\" data-e-type=\"widget\" data-widget_type=\"jkit_heading.default\">\n\t\t\t\t\t<div  class=\"jeg-elementor-kit jkit-heading  align-left align-tablet- align-mobile- jeg_module__3_69f339b9b45e1\" ><div class=\"heading-section-title  display-inline-block\"><p class=\"heading-title\">Un enfoque creativo pensado para ampliar las posibilidades de la marca y darle una comunicaci\u00f3n m\u00e1s flexible, din\u00e1mica y coherente con su p\u00fablico.<\/p><\/div><\/div>\t\t\t\t<\/div>\n\t\t\t\t<div class=\"elementor-element elementor-element-ae2c349 elementor-widget elementor-widget-jkit_heading\" data-id=\"ae2c349\" data-element_type=\"widget\" data-e-type=\"widget\" data-widget_type=\"jkit_heading.default\">\n\t\t\t\t\t<div  class=\"jeg-elementor-kit jkit-heading  align-left align-tablet- align-mobile- jeg_module__4_69f339b9b5f8f\" ><div class=\"heading-section-title  display-inline-block\"><p class=\"heading-title\"><span class=\"style-gradient\"><span>El objetivo no era solo crear contenido llamativo, sino dotar al cliente de materiales vers\u00e1tiles, preparados para compartir en redes sociales o utilizar en distintos soportes seg\u00fan sus necesidades. <\/span><\/span><\/p><\/div><\/div>\t\t\t\t<\/div>\n\t\t\t\t<\/div>\n\t\t\t\t<\/div>\n\t\t<div class=\"elementor-element elementor-element-4cdd134 e-con-full e-flex e-con e-child\" data-id=\"4cdd134\" data-element_type=\"container\" data-e-type=\"container\">\n\t\t<div class=\"elementor-element elementor-element-c0e2985 e-con-full e-flex e-con e-child\" data-id=\"c0e2985\" data-element_type=\"container\" data-e-type=\"container\">\n\t\t\t\t<div class=\"elementor-element elementor-element-d6c04e4 elementor-widget elementor-widget-image\" data-id=\"d6c04e4\" data-element_type=\"widget\" data-e-type=\"widget\" data-widget_type=\"image.default\">\n\t\t\t\t\t\t\t\t\t\t\t\t\t\t\t<img decoding=\"async\" width=\"579\" height=\"694\" src=\"https:\/\/batelamarketing.eus\/wp-content\/uploads\/2026\/03\/placeholder-13-2-1.webp\" class=\"attachment-large size-large wp-image-11635\" alt=\"\" srcset=\"https:\/\/batelamarketing.eus\/wp-content\/uploads\/2026\/03\/placeholder-13-2-1.webp 579w, https:\/\/batelamarketing.eus\/wp-content\/uploads\/2026\/03\/placeholder-13-2-1-250x300.webp 250w\" sizes=\"(max-width: 579px) 100vw, 579px\" \/>\t\t\t\t\t\t\t\t\t\t\t\t\t\t\t<\/div>\n\t\t\t\t<\/div>\n\t\t<div class=\"elementor-element elementor-element-56c41c8 e-con-full e-flex e-con e-child\" data-id=\"56c41c8\" data-element_type=\"container\" data-e-type=\"container\">\n\t\t\t\t<div class=\"elementor-element elementor-element-d01714a elementor-widget elementor-widget-jkit_heading\" data-id=\"d01714a\" data-element_type=\"widget\" data-e-type=\"widget\" data-widget_type=\"jkit_heading.default\">\n\t\t\t\t\t<div  class=\"jeg-elementor-kit jkit-heading  align-left align-tablet- align-mobile- jeg_module__5_69f339b9b78cf\" ><div class=\"heading-section-title  display-inline-block\"><p class=\"heading-title\">Desarrollamos piezas con una est\u00e9tica muy viva, imaginativa y alineada con el tono juvenil de la marca, buscando salir de lo convencional y generar una imagen m\u00e1s diferencial.<\/p><\/div><\/div>\t\t\t\t<\/div>\n\t\t\t\t<div class=\"elementor-element elementor-element-a14579b elementor-widget elementor-widget-jkit_heading\" data-id=\"a14579b\" data-element_type=\"widget\" data-e-type=\"widget\" data-widget_type=\"jkit_heading.default\">\n\t\t\t\t\t<div  class=\"jeg-elementor-kit jkit-heading  align-left align-tablet- align-mobile- jeg_module__6_69f339b9b91dc\" ><div class=\"heading-section-title  display-inline-block\"><p class=\"heading-title\"><span class=\"style-gradient\"><span>Ese trabajo se reforz\u00f3 tambi\u00e9n con acciones de email marketing dirigidas a su base de datos de clientes, generando una comunicaci\u00f3n m\u00e1s directa y constante. <\/span><\/span><\/p><\/div><\/div>\t\t\t\t<\/div>\n\t\t\t\t<\/div>\n\t\t\t\t<\/div>\n\t\t<div class=\"elementor-element elementor-element-af6c49a e-con-full e-flex e-con e-child\" data-id=\"af6c49a\" data-element_type=\"container\" data-e-type=\"container\">\n\t\t\t\t<div class=\"elementor-element elementor-element-7ef9c3e elementor-widget__width-initial elementor-widget elementor-widget-jkit_heading\" data-id=\"7ef9c3e\" data-element_type=\"widget\" data-e-type=\"widget\" data-widget_type=\"jkit_heading.default\">\n\t\t\t\t\t<div  class=\"jeg-elementor-kit jkit-heading  align-center align-tablet- align-mobile- jeg_module__7_69f339b9baae6\" ><div class=\"heading-section-title  display-inline-block\"><p class=\"heading-title\"><span class=\"style-gradient\"><span>El resultado es un contenido audiovisual fresco, original y con identidad propia, que ayuda a Pazzo Pizzak a proyectar una imagen m\u00e1s actual, conectar mejor con audiencias j\u00f3venes y expresar su personalidad de una forma mucho m\u00e1s libre, visual y reconocible.<\/span><\/span><\/p><\/div><\/div>\t\t\t\t<\/div>\n\t\t\t\t<\/div>\n\t\t\t\t\t<\/div>\n\t\t\t\t<\/div>\n\t\t\t\t<\/div>\n\t\t","protected":false},"excerpt":{"rendered":"<p>Nombre del Cliente Pazzo Pizza Enlaces pazzo_tolosa En Pazzo Pizzak el reto estaba en dar forma a una comunicaci\u00f3n visual capaz de conectar con un p\u00fablico m\u00e1s joven, reforzando una identidad de marca ya marcada por un car\u00e1cter desenfadado, fresco y muy reconocible. La clave del proyecto estaba en crear un contenido audiovisual distinto, con [&hellip;]<\/p>\n","protected":false},"author":1,"featured_media":0,"parent":136,"menu_order":0,"comment_status":"closed","ping_status":"closed","template":"elementor_header_footer","meta":{"footnotes":""},"class_list":["post-11631","page","type-page","status-publish","hentry"],"_links":{"self":[{"href":"https:\/\/batelamarketing.eus\/es\/wp-json\/wp\/v2\/pages\/11631","targetHints":{"allow":["GET"]}}],"collection":[{"href":"https:\/\/batelamarketing.eus\/es\/wp-json\/wp\/v2\/pages"}],"about":[{"href":"https:\/\/batelamarketing.eus\/es\/wp-json\/wp\/v2\/types\/page"}],"author":[{"embeddable":true,"href":"https:\/\/batelamarketing.eus\/es\/wp-json\/wp\/v2\/users\/1"}],"replies":[{"embeddable":true,"href":"https:\/\/batelamarketing.eus\/es\/wp-json\/wp\/v2\/comments?post=11631"}],"version-history":[{"count":0,"href":"https:\/\/batelamarketing.eus\/es\/wp-json\/wp\/v2\/pages\/11631\/revisions"}],"up":[{"embeddable":true,"href":"https:\/\/batelamarketing.eus\/es\/wp-json\/wp\/v2\/pages\/136"}],"wp:attachment":[{"href":"https:\/\/batelamarketing.eus\/es\/wp-json\/wp\/v2\/media?parent=11631"}],"curies":[{"name":"wp","href":"https:\/\/api.w.org\/{rel}","templated":true}]}}