{"id":11667,"date":"2026-03-31T11:25:35","date_gmt":"2026-03-31T09:25:35","guid":{"rendered":"http:\/\/192.168.1.121\/batelamarketing\/?page_id=11667"},"modified":"2026-04-30T08:44:43","modified_gmt":"2026-04-30T06:44:43","slug":"motoras-de-la-isla","status":"publish","type":"page","link":"https:\/\/batelamarketing.eus\/es\/proyectos\/motoras-de-la-isla\/","title":{"rendered":"Motoras de la isla"},"content":{"rendered":"\t\t<div data-elementor-type=\"wp-page\" data-elementor-id=\"11667\" class=\"elementor elementor-11667\" data-elementor-post-type=\"page\">\n\t\t\t\t<div class=\"elementor-element elementor-element-59d065f6 e-flex e-con-boxed e-con e-parent\" data-id=\"59d065f6\" data-element_type=\"container\" data-e-type=\"container\" data-settings=\"{&quot;background_background&quot;:&quot;classic&quot;}\">\n\t\t\t\t\t<div class=\"e-con-inner\">\n\t\t\t\t\t<\/div>\n\t\t\t\t<\/div>\n\t\t<div class=\"elementor-element elementor-element-3b389cda e-flex e-con-boxed e-con e-parent\" data-id=\"3b389cda\" data-element_type=\"container\" data-e-type=\"container\" data-settings=\"{&quot;background_background&quot;:&quot;classic&quot;}\">\n\t\t\t\t\t<div class=\"e-con-inner\">\n\t\t<div class=\"elementor-element elementor-element-6906b8b e-con-full e-flex e-con e-child\" data-id=\"6906b8b\" data-element_type=\"container\" data-e-type=\"container\">\n\t\t<div class=\"elementor-element elementor-element-43900f6a e-con-full e-flex e-con e-child\" data-id=\"43900f6a\" data-element_type=\"container\" data-e-type=\"container\">\n\t\t<div class=\"elementor-element elementor-element-e0fa830 e-con-full e-flex e-con e-child\" data-id=\"e0fa830\" data-element_type=\"container\" data-e-type=\"container\">\n\t\t\t\t<div class=\"elementor-element elementor-element-315897da elementor-widget elementor-widget-jkit_heading\" data-id=\"315897da\" data-element_type=\"widget\" data-e-type=\"widget\" data-widget_type=\"jkit_heading.default\">\n\t\t\t\t\t<div  class=\"jeg-elementor-kit jkit-heading  align-left align-tablet- align-mobile- jeg_module___69f339eeac481\" ><div class=\"heading-section-title  display-inline-block\"><h2 class=\"heading-title\">Nombre del Cliente<\/h2><\/div><div class=\"heading-section-description\"><p>Grupo Isturiz<\/p><\/div><\/div>\t\t\t\t<\/div>\n\t\t\t\t<\/div>\n\t\t<div class=\"elementor-element elementor-element-70e6e08 e-con-full e-flex e-con e-child\" data-id=\"70e6e08\" data-element_type=\"container\" data-e-type=\"container\">\n\t\t\t\t<div class=\"elementor-element elementor-element-4b0677b elementor-widget elementor-widget-heading\" data-id=\"4b0677b\" data-element_type=\"widget\" data-e-type=\"widget\" data-widget_type=\"heading.default\">\n\t\t\t\t\t<h2 class=\"elementor-heading-title elementor-size-default\">Enlaces<\/h2>\t\t\t\t<\/div>\n\t\t\t\t<div class=\"elementor-element elementor-element-58d4390 elementor-position-inline-start elementor-mobile-position-inline-start elementor-view-default elementor-widget elementor-widget-icon-box\" data-id=\"58d4390\" data-element_type=\"widget\" data-e-type=\"widget\" data-widget_type=\"icon-box.default\">\n\t\t\t\t\t\t\t<div class=\"elementor-icon-box-wrapper\">\n\n\t\t\t\t\t\t<div class=\"elementor-icon-box-icon\">\n\t\t\t\t<a href=\"https:\/\/grupoisturiz.com\/\" class=\"elementor-icon\" tabindex=\"-1\" aria-label=\"grupoisturiz.com\" target=\"_blank\" rel=\"noopener\">\n\t\t\t\t<i aria-hidden=\"true\" class=\"jki jki-internet-light\"><\/i>\t\t\t\t<\/a>\n\t\t\t<\/div>\n\t\t\t\n\t\t\t\t\t\t<div class=\"elementor-icon-box-content\">\n\n\t\t\t\t\t\t\t\t\t<p class=\"elementor-icon-box-title\">\n\t\t\t\t\t\t<a href=\"https:\/\/grupoisturiz.com\/\" target=\"_blank\" rel=\"noopener\">\n\t\t\t\t\t\t\tgrupoisturiz.com\t\t\t\t\t\t<\/a>\n\t\t\t\t\t<\/p>\n\t\t\t\t\n\t\t\t\t\n\t\t\t<\/div>\n\t\t\t\n\t\t<\/div>\n\t\t\t\t\t\t<\/div>\n\t\t\t\t<\/div>\n\t\t\t\t<\/div>\n\t\t<div class=\"elementor-element elementor-element-c586357 e-con-full e-flex e-con e-child\" data-id=\"c586357\" data-element_type=\"container\" data-e-type=\"container\">\n\t\t\t\t<div class=\"elementor-element elementor-element-362ae162 elementor-widget elementor-widget-jkit_heading\" data-id=\"362ae162\" data-element_type=\"widget\" data-e-type=\"widget\" data-widget_type=\"jkit_heading.default\">\n\t\t\t\t\t<div  class=\"jeg-elementor-kit jkit-heading  align-left align-tablet- align-mobile- jeg_module__1_69f339eead55f\" ><div class=\"heading-section-title  display-inline-block\"><p class=\"heading-title\"><span class=\"style-gradient\"><span>En Motoras de la Isla el objetivo era poner en valor, a trav\u00e9s de una pieza audiovisual, uno de los servicios m\u00e1s representativos y recurrentes de la marca: el trayecto en motora hasta la isla. Una experiencia muy ligada al entorno, al mar y a una forma especial de descubrir la costa, que necesitaba trasladarse de manera atractiva y fiel a lo que vive el usuario.<\/span><\/span><\/p><\/div><\/div>\t\t\t\t<\/div>\n\t\t<div class=\"elementor-element elementor-element-192003ad e-con-full e-flex e-con e-child\" data-id=\"192003ad\" data-element_type=\"container\" data-e-type=\"container\">\n\t\t\t\t<div class=\"elementor-element elementor-element-1c9c8de elementor-widget__width-auto elementor-invisible elementor-widget elementor-widget-heading\" data-id=\"1c9c8de\" data-element_type=\"widget\" data-e-type=\"widget\" data-settings=\"{&quot;_animation&quot;:&quot;fadeInUp&quot;}\" data-widget_type=\"heading.default\">\n\t\t\t\t\t<div class=\"elementor-heading-title elementor-size-default\"><a href=\"https:\/\/batelamarketing.eus\/es\/fotografia-y-videografia\/\">v\u00eddeo<\/a><\/div>\t\t\t\t<\/div>\n\t\t\t\t<div class=\"elementor-element elementor-element-f4b2742 elementor-widget__width-auto elementor-invisible elementor-widget elementor-widget-heading\" data-id=\"f4b2742\" data-element_type=\"widget\" data-e-type=\"widget\" data-settings=\"{&quot;_animation&quot;:&quot;fadeInUp&quot;}\" data-widget_type=\"heading.default\">\n\t\t\t\t\t<div class=\"elementor-heading-title elementor-size-default\"><a href=\"https:\/\/batelamarketing.eus\/es\/fotografia-y-videografia\/\">fotograf\u00eda<\/a><\/div>\t\t\t\t<\/div>\n\t\t\t\t<div class=\"elementor-element elementor-element-7175fe6 elementor-widget__width-auto elementor-invisible elementor-widget elementor-widget-heading\" data-id=\"7175fe6\" data-element_type=\"widget\" data-e-type=\"widget\" data-settings=\"{&quot;_animation&quot;:&quot;fadeInUp&quot;}\" data-widget_type=\"heading.default\">\n\t\t\t\t\t<div class=\"elementor-heading-title elementor-size-default\"><a href=\"https:\/\/batelamarketing.eus\/es\/diseno-web\/\">dise\u00f1o web<\/a><\/div>\t\t\t\t<\/div>\n\t\t\t\t<\/div>\n\t\t\t\t<\/div>\n\t\t\t\t<\/div>\n\t\t<div class=\"elementor-element elementor-element-6075294 e-con-full e-flex e-con e-child\" data-id=\"6075294\" data-element_type=\"container\" data-e-type=\"container\">\n\t\t<div class=\"elementor-element elementor-element-5f4ef8cb e-con-full e-flex e-con e-child\" data-id=\"5f4ef8cb\" data-element_type=\"container\" data-e-type=\"container\">\n\t\t\t\t<div class=\"elementor-element elementor-element-360c007f elementor-widget elementor-widget-image\" data-id=\"360c007f\" data-element_type=\"widget\" data-e-type=\"widget\" data-widget_type=\"image.default\">\n\t\t\t\t\t\t\t\t\t\t\t\t\t\t\t<img fetchpriority=\"high\" decoding=\"async\" width=\"800\" height=\"418\" src=\"https:\/\/batelamarketing.eus\/wp-content\/uploads\/2026\/04\/1-72-1024x535.webp\" class=\"attachment-large size-large wp-image-11788\" alt=\"\" srcset=\"https:\/\/batelamarketing.eus\/wp-content\/uploads\/2026\/04\/1-72-1024x535.webp 1024w, https:\/\/batelamarketing.eus\/wp-content\/uploads\/2026\/04\/1-72-300x157.webp 300w, https:\/\/batelamarketing.eus\/wp-content\/uploads\/2026\/04\/1-72-768x401.webp 768w, https:\/\/batelamarketing.eus\/wp-content\/uploads\/2026\/04\/1-72-1536x802.webp 1536w, https:\/\/batelamarketing.eus\/wp-content\/uploads\/2026\/04\/1-72.webp 1593w\" sizes=\"(max-width: 800px) 100vw, 800px\" \/>\t\t\t\t\t\t\t\t\t\t\t\t\t\t\t<\/div>\n\t\t\t\t<\/div>\n\t\t\t\t<\/div>\n\t\t<div class=\"elementor-element elementor-element-461917e5 e-con-full e-flex e-con e-child\" data-id=\"461917e5\" data-element_type=\"container\" data-e-type=\"container\">\n\t\t\t\t<div class=\"elementor-element elementor-element-261f338 elementor-widget__width-initial elementor-widget elementor-widget-jkit_heading\" data-id=\"261f338\" data-element_type=\"widget\" data-e-type=\"widget\" data-widget_type=\"jkit_heading.default\">\n\t\t\t\t\t<div  class=\"jeg-elementor-kit jkit-heading  align-center align-tablet- align-mobile- jeg_module__2_69f339eeae53c\" ><div class=\"heading-section-title  display-inline-block\"><p class=\"heading-title\"><span class=\"style-gradient\"><span>Trabajamos la creaci\u00f3n de un v\u00eddeo pensado para mostrar ese servicio desde una mirada m\u00e1s emocional y visual, destacando no solo el desplazamiento en s\u00ed, sino tambi\u00e9n todo lo que lo rodea: el paisaje, la experiencia a bordo y el atractivo de una actividad estrechamente vinculada al mar. La intenci\u00f3n era reforzar la imagen de marca y ayudar a comunicar de forma m\u00e1s directa el valor de una propuesta tan reconocible dentro de su oferta.<\/span><\/span><\/p><\/div><\/div>\t\t\t\t<\/div>\n\t\t\t\t<\/div>\n\t\t<div class=\"elementor-element elementor-element-9e153cb e-con-full e-flex e-con e-child\" data-id=\"9e153cb\" data-element_type=\"container\" data-e-type=\"container\">\n\t\t<div class=\"elementor-element elementor-element-3a8eafc e-con-full e-flex e-con e-child\" data-id=\"3a8eafc\" data-element_type=\"container\" data-e-type=\"container\">\n\t\t\t\t<div class=\"elementor-element elementor-element-6aab173 elementor-widget elementor-widget-image\" data-id=\"6aab173\" data-element_type=\"widget\" data-e-type=\"widget\" data-widget_type=\"image.default\">\n\t\t\t\t\t\t\t\t\t\t\t\t\t\t\t<img decoding=\"async\" width=\"463\" height=\"307\" src=\"https:\/\/batelamarketing.eus\/wp-content\/uploads\/2026\/03\/1-70.webp\" class=\"attachment-large size-large wp-image-11680\" alt=\"\" srcset=\"https:\/\/batelamarketing.eus\/wp-content\/uploads\/2026\/03\/1-70.webp 463w, https:\/\/batelamarketing.eus\/wp-content\/uploads\/2026\/03\/1-70-300x199.webp 300w\" sizes=\"(max-width: 463px) 100vw, 463px\" \/>\t\t\t\t\t\t\t\t\t\t\t\t\t\t\t<\/div>\n\t\t\t\t<\/div>\n\t\t<div class=\"elementor-element elementor-element-bce44fc e-con-full e-flex e-con e-child\" data-id=\"bce44fc\" data-element_type=\"container\" data-e-type=\"container\">\n\t\t\t\t<div class=\"elementor-element elementor-element-9630b84 elementor-widget elementor-widget-jkit_heading\" data-id=\"9630b84\" data-element_type=\"widget\" data-e-type=\"widget\" data-widget_type=\"jkit_heading.default\">\n\t\t\t\t\t<div  class=\"jeg-elementor-kit jkit-heading  align-left align-tablet- align-mobile- jeg_module__3_69f339eeaf4ec\" ><div class=\"heading-section-title  display-inline-block\"><p class=\"heading-title\">A trav\u00e9s de esta pieza, Motoras de la Isla consigue ense\u00f1ar su servicio de una forma m\u00e1s sugerente, cercana y din\u00e1mica, facilitando que el p\u00fablico entienda mejor la experiencia y conecte con ella antes incluso de vivirla. <\/p><\/div><\/div>\t\t\t\t<\/div>\n\t\t\t\t<div class=\"elementor-element elementor-element-ae2c349 elementor-widget elementor-widget-jkit_heading\" data-id=\"ae2c349\" data-element_type=\"widget\" data-e-type=\"widget\" data-widget_type=\"jkit_heading.default\">\n\t\t\t\t\t<div  class=\"jeg-elementor-kit jkit-heading  align-left align-tablet- align-mobile- jeg_module__4_69f339eeb044e\" ><div class=\"heading-section-title  display-inline-block\"><p class=\"heading-title\"><span class=\"style-gradient\"><span>Un contenido pensado para captar la atenci\u00f3n, reforzar el posicionamiento de la marca y dar visibilidad a uno de sus principales reclamos.<\/span><\/span><\/p><\/div><\/div>\t\t\t\t<\/div>\n\t\t\t\t<\/div>\n\t\t\t\t<\/div>\n\t\t<div class=\"elementor-element elementor-element-af6c49a e-con-full e-flex e-con e-child\" data-id=\"af6c49a\" data-element_type=\"container\" data-e-type=\"container\">\n\t\t\t\t<div class=\"elementor-element elementor-element-7ef9c3e elementor-widget__width-initial elementor-widget elementor-widget-jkit_heading\" data-id=\"7ef9c3e\" data-element_type=\"widget\" data-e-type=\"widget\" data-widget_type=\"jkit_heading.default\">\n\t\t\t\t\t<div  class=\"jeg-elementor-kit jkit-heading  align-center align-tablet- align-mobile- jeg_module__5_69f339eeb140a\" ><div class=\"heading-section-title  display-inline-block\"><p class=\"heading-title\"><span class=\"style-gradient\"><span>El resultado es una herramienta visual con capacidad para transmitir mejor la esencia del servicio, mostrar su atractivo de forma inmediata y acompa\u00f1ar a la marca en su comunicaci\u00f3n con una imagen m\u00e1s cuidada, evocadora y alineada con su entorno.<\/span><\/span><\/p><\/div><\/div>\t\t\t\t<\/div>\n\t\t\t\t<\/div>\n\t\t\t\t\t<\/div>\n\t\t\t\t<\/div>\n\t\t\t\t<\/div>\n\t\t","protected":false},"excerpt":{"rendered":"<p>Nombre del Cliente Grupo Isturiz Enlaces grupoisturiz.com En Motoras de la Isla el objetivo era poner en valor, a trav\u00e9s de una pieza audiovisual, uno de los servicios m\u00e1s representativos y recurrentes de la marca: el trayecto en motora hasta la isla. Una experiencia muy ligada al entorno, al mar y a una forma especial [&hellip;]<\/p>\n","protected":false},"author":1,"featured_media":0,"parent":136,"menu_order":0,"comment_status":"closed","ping_status":"closed","template":"elementor_header_footer","meta":{"footnotes":""},"class_list":["post-11667","page","type-page","status-publish","hentry"],"_links":{"self":[{"href":"https:\/\/batelamarketing.eus\/es\/wp-json\/wp\/v2\/pages\/11667","targetHints":{"allow":["GET"]}}],"collection":[{"href":"https:\/\/batelamarketing.eus\/es\/wp-json\/wp\/v2\/pages"}],"about":[{"href":"https:\/\/batelamarketing.eus\/es\/wp-json\/wp\/v2\/types\/page"}],"author":[{"embeddable":true,"href":"https:\/\/batelamarketing.eus\/es\/wp-json\/wp\/v2\/users\/1"}],"replies":[{"embeddable":true,"href":"https:\/\/batelamarketing.eus\/es\/wp-json\/wp\/v2\/comments?post=11667"}],"version-history":[{"count":0,"href":"https:\/\/batelamarketing.eus\/es\/wp-json\/wp\/v2\/pages\/11667\/revisions"}],"up":[{"embeddable":true,"href":"https:\/\/batelamarketing.eus\/es\/wp-json\/wp\/v2\/pages\/136"}],"wp:attachment":[{"href":"https:\/\/batelamarketing.eus\/es\/wp-json\/wp\/v2\/media?parent=11667"}],"curies":[{"name":"wp","href":"https:\/\/api.w.org\/{rel}","templated":true}]}}