{"id":11815,"date":"2026-04-09T13:14:11","date_gmt":"2026-04-09T11:14:11","guid":{"rendered":"http:\/\/192.168.1.121\/batelamarketing\/?page_id=11815"},"modified":"2026-04-30T08:49:17","modified_gmt":"2026-04-30T06:49:17","slug":"asador-inaki","status":"publish","type":"page","link":"https:\/\/batelamarketing.eus\/es\/proyectos\/asador-inaki\/","title":{"rendered":"Asador I\u00f1aki"},"content":{"rendered":"\t\t<div data-elementor-type=\"wp-page\" data-elementor-id=\"11815\" class=\"elementor elementor-11815\" data-elementor-post-type=\"page\">\n\t\t\t\t<div class=\"elementor-element elementor-element-59d065f6 e-flex e-con-boxed e-con e-parent\" data-id=\"59d065f6\" data-element_type=\"container\" data-e-type=\"container\" data-settings=\"{&quot;background_background&quot;:&quot;classic&quot;}\">\n\t\t\t\t\t<div class=\"e-con-inner\">\n\t\t\t\t\t<\/div>\n\t\t\t\t<\/div>\n\t\t<div class=\"elementor-element elementor-element-3b389cda e-flex e-con-boxed e-con e-parent\" data-id=\"3b389cda\" data-element_type=\"container\" data-e-type=\"container\" data-settings=\"{&quot;background_background&quot;:&quot;classic&quot;}\">\n\t\t\t\t\t<div class=\"e-con-inner\">\n\t\t<div class=\"elementor-element elementor-element-6906b8b e-con-full e-flex e-con e-child\" data-id=\"6906b8b\" data-element_type=\"container\" data-e-type=\"container\">\n\t\t<div class=\"elementor-element elementor-element-43900f6a e-con-full e-flex e-con e-child\" data-id=\"43900f6a\" data-element_type=\"container\" data-e-type=\"container\">\n\t\t<div class=\"elementor-element elementor-element-e0fa830 e-con-full e-flex e-con e-child\" data-id=\"e0fa830\" data-element_type=\"container\" data-e-type=\"container\">\n\t\t\t\t<div class=\"elementor-element elementor-element-315897da elementor-widget elementor-widget-jkit_heading\" data-id=\"315897da\" data-element_type=\"widget\" data-e-type=\"widget\" data-widget_type=\"jkit_heading.default\">\n\t\t\t\t\t<div  class=\"jeg-elementor-kit jkit-heading  align-left align-tablet- align-mobile- jeg_module___69f33a0223ee5\" ><div class=\"heading-section-title  display-inline-block\"><h2 class=\"heading-title\">Nombre del Cliente<\/h2><\/div><div class=\"heading-section-description\"><p>Grupo Isturiz<\/p><\/div><\/div>\t\t\t\t<\/div>\n\t\t\t\t<\/div>\n\t\t<div class=\"elementor-element elementor-element-a14d544 e-con-full e-flex e-con e-child\" data-id=\"a14d544\" data-element_type=\"container\" data-e-type=\"container\">\n\t\t\t\t<div class=\"elementor-element elementor-element-1da0442 elementor-widget elementor-widget-heading\" data-id=\"1da0442\" data-element_type=\"widget\" data-e-type=\"widget\" data-widget_type=\"heading.default\">\n\t\t\t\t\t<h2 class=\"elementor-heading-title elementor-size-default\">Enlaces<\/h2>\t\t\t\t<\/div>\n\t\t\t\t<div class=\"elementor-element elementor-element-2921811 elementor-position-inline-start elementor-mobile-position-inline-start elementor-view-default elementor-widget elementor-widget-icon-box\" data-id=\"2921811\" data-element_type=\"widget\" data-e-type=\"widget\" data-widget_type=\"icon-box.default\">\n\t\t\t\t\t\t\t<div class=\"elementor-icon-box-wrapper\">\n\n\t\t\t\t\t\t<div class=\"elementor-icon-box-icon\">\n\t\t\t\t<span  class=\"elementor-icon\">\n\t\t\t\t<i aria-hidden=\"true\" class=\"jki jki-internet-light\"><\/i>\t\t\t\t<\/span>\n\t\t\t<\/div>\n\t\t\t\n\t\t\t\t\t\t<div class=\"elementor-icon-box-content\">\n\n\t\t\t\t\t\t\t\t\t<p class=\"elementor-icon-box-title\">\n\t\t\t\t\t\t<span  >\n\t\t\t\t\t\t\tpr\u00f3ximamente...\t\t\t\t\t\t<\/span>\n\t\t\t\t\t<\/p>\n\t\t\t\t\n\t\t\t\t\n\t\t\t<\/div>\n\t\t\t\n\t\t<\/div>\n\t\t\t\t\t\t<\/div>\n\t\t\t\t<\/div>\n\t\t\t\t<\/div>\n\t\t<div class=\"elementor-element elementor-element-c586357 e-con-full e-flex e-con e-child\" data-id=\"c586357\" data-element_type=\"container\" data-e-type=\"container\">\n\t\t\t\t<div class=\"elementor-element elementor-element-362ae162 elementor-widget elementor-widget-jkit_heading\" data-id=\"362ae162\" data-element_type=\"widget\" data-e-type=\"widget\" data-widget_type=\"jkit_heading.default\">\n\t\t\t\t\t<div  class=\"jeg-elementor-kit jkit-heading  align-left align-tablet- align-mobile- jeg_module__1_69f33a022514a\" ><div class=\"heading-section-title  display-inline-block\"><p class=\"heading-title\"><span class=\"style-gradient\"><span>En Asador I\u00f1aki el objetivo era trasladar al entorno digital una propuesta gastron\u00f3mica muy definida, centrada en la brasa y en una forma de entender la cocina basada en el producto, el sabor y una identidad muy reconocible. La web deb\u00eda ser capaz de recoger esa esencia y convertirla en una experiencia visual atractiva, sin renunciar a la claridad y a la funcionalidad.<\/span><\/span><\/p><\/div><\/div>\t\t\t\t<\/div>\n\t\t<div class=\"elementor-element elementor-element-192003ad e-con-full e-flex e-con e-child\" data-id=\"192003ad\" data-element_type=\"container\" data-e-type=\"container\">\n\t\t\t\t<div class=\"elementor-element elementor-element-7175fe6 elementor-widget__width-auto elementor-invisible elementor-widget elementor-widget-heading\" data-id=\"7175fe6\" data-element_type=\"widget\" data-e-type=\"widget\" data-settings=\"{&quot;_animation&quot;:&quot;fadeInUp&quot;}\" data-widget_type=\"heading.default\">\n\t\t\t\t\t<div class=\"elementor-heading-title elementor-size-default\"><a href=\"https:\/\/batelamarketing.eus\/es\/diseno-web\/\">dise\u00f1o web<\/a><\/div>\t\t\t\t<\/div>\n\t\t\t\t<\/div>\n\t\t\t\t<\/div>\n\t\t\t\t<\/div>\n\t\t<div class=\"elementor-element elementor-element-6075294 e-con-full e-flex e-con e-child\" data-id=\"6075294\" data-element_type=\"container\" data-e-type=\"container\">\n\t\t<div class=\"elementor-element elementor-element-5f4ef8cb e-con-full e-flex e-con e-child\" data-id=\"5f4ef8cb\" data-element_type=\"container\" data-e-type=\"container\">\n\t\t\t\t<div class=\"elementor-element elementor-element-360c007f elementor-widget elementor-widget-image\" data-id=\"360c007f\" data-element_type=\"widget\" data-e-type=\"widget\" data-widget_type=\"image.default\">\n\t\t\t\t\t\t\t\t\t\t\t\t\t\t\t<img fetchpriority=\"high\" decoding=\"async\" width=\"800\" height=\"407\" src=\"https:\/\/batelamarketing.eus\/wp-content\/uploads\/2026\/04\/1-77-1024x521.webp\" class=\"attachment-large size-large wp-image-11846\" alt=\"\" srcset=\"https:\/\/batelamarketing.eus\/wp-content\/uploads\/2026\/04\/1-77-1024x521.webp 1024w, https:\/\/batelamarketing.eus\/wp-content\/uploads\/2026\/04\/1-77-300x153.webp 300w, https:\/\/batelamarketing.eus\/wp-content\/uploads\/2026\/04\/1-77-768x391.webp 768w, https:\/\/batelamarketing.eus\/wp-content\/uploads\/2026\/04\/1-77-1536x782.webp 1536w, https:\/\/batelamarketing.eus\/wp-content\/uploads\/2026\/04\/1-77.webp 1750w\" sizes=\"(max-width: 800px) 100vw, 800px\" \/>\t\t\t\t\t\t\t\t\t\t\t\t\t\t\t<\/div>\n\t\t\t\t<\/div>\n\t\t\t\t<\/div>\n\t\t<div class=\"elementor-element elementor-element-461917e5 e-con-full e-flex e-con e-child\" data-id=\"461917e5\" data-element_type=\"container\" data-e-type=\"container\">\n\t\t\t\t<div class=\"elementor-element elementor-element-261f338 elementor-widget__width-initial elementor-widget elementor-widget-jkit_heading\" data-id=\"261f338\" data-element_type=\"widget\" data-e-type=\"widget\" data-widget_type=\"jkit_heading.default\">\n\t\t\t\t\t<div  class=\"jeg-elementor-kit jkit-heading  align-center align-tablet- align-mobile- jeg_module__2_69f33a02261c8\" ><div class=\"heading-section-title  display-inline-block\"><p class=\"heading-title\"><span class=\"style-gradient\"><span>Trabajamos un sitio pensado para transmitir el car\u00e1cter del restaurante desde el primer momento, poniendo en valor su propuesta gastron\u00f3mica, su personalidad y el tipo de experiencia que ofrece en sala. El reto estaba en encontrar el equilibrio entre una imagen cuidada y sugerente, y una navegaci\u00f3n pr\u00e1ctica que permitiera al usuario encontrar la informaci\u00f3n de forma r\u00e1pida y sencilla.<\/span><\/span><\/p><\/div><\/div>\t\t\t\t<\/div>\n\t\t\t\t<\/div>\n\t\t<div class=\"elementor-element elementor-element-9e153cb e-con-full e-flex e-con e-child\" data-id=\"9e153cb\" data-element_type=\"container\" data-e-type=\"container\">\n\t\t<div class=\"elementor-element elementor-element-3a8eafc e-con-full e-flex e-con e-child\" data-id=\"3a8eafc\" data-element_type=\"container\" data-e-type=\"container\">\n\t\t\t\t<div class=\"elementor-element elementor-element-6aab173 elementor-widget elementor-widget-image\" data-id=\"6aab173\" data-element_type=\"widget\" data-e-type=\"widget\" data-widget_type=\"image.default\">\n\t\t\t\t\t\t\t\t\t\t\t\t\t\t\t<img decoding=\"async\" width=\"800\" height=\"598\" src=\"https:\/\/batelamarketing.eus\/wp-content\/uploads\/2026\/04\/Inakimovil2-1024x765.jpg\" class=\"attachment-large size-large wp-image-11838\" alt=\"\" srcset=\"https:\/\/batelamarketing.eus\/wp-content\/uploads\/2026\/04\/Inakimovil2-1024x765.jpg 1024w, https:\/\/batelamarketing.eus\/wp-content\/uploads\/2026\/04\/Inakimovil2-300x224.jpg 300w, https:\/\/batelamarketing.eus\/wp-content\/uploads\/2026\/04\/Inakimovil2-768x574.jpg 768w, https:\/\/batelamarketing.eus\/wp-content\/uploads\/2026\/04\/Inakimovil2-1536x1147.jpg 1536w, https:\/\/batelamarketing.eus\/wp-content\/uploads\/2026\/04\/Inakimovil2-2048x1530.jpg 2048w\" sizes=\"(max-width: 800px) 100vw, 800px\" \/>\t\t\t\t\t\t\t\t\t\t\t\t\t\t\t<\/div>\n\t\t\t\t<\/div>\n\t\t<div class=\"elementor-element elementor-element-bce44fc e-con-full e-flex e-con e-child\" data-id=\"bce44fc\" data-element_type=\"container\" data-e-type=\"container\">\n\t\t\t\t<div class=\"elementor-element elementor-element-9630b84 elementor-widget elementor-widget-jkit_heading\" data-id=\"9630b84\" data-element_type=\"widget\" data-e-type=\"widget\" data-widget_type=\"jkit_heading.default\">\n\t\t\t\t\t<div  class=\"jeg-elementor-kit jkit-heading  align-left align-tablet- align-mobile- jeg_module__3_69f33a022720b\" ><div class=\"heading-section-title  display-inline-block\"><p class=\"heading-title\">El resultado fue una web visualmente atractiva, coherente con la identidad del asador y preparada para acompa\u00f1ar su posicionamiento con una presencia digital m\u00e1s s\u00f3lida. <\/p><\/div><\/div>\t\t\t\t<\/div>\n\t\t\t\t<div class=\"elementor-element elementor-element-ae2c349 elementor-widget elementor-widget-jkit_heading\" data-id=\"ae2c349\" data-element_type=\"widget\" data-e-type=\"widget\" data-widget_type=\"jkit_heading.default\">\n\t\t\t\t\t<div  class=\"jeg-elementor-kit jkit-heading  align-left align-tablet- align-mobile- jeg_module__4_69f33a02281ab\" ><div class=\"heading-section-title  display-inline-block\"><p class=\"heading-title\"><span class=\"style-gradient\"><span>Un espacio dise\u00f1ado para despertar el inter\u00e9s, reforzar la marca y presentar de forma clara todo aquello que hace de Asador I\u00f1aki un restaurante con personalidad propia en Irun.<\/span><\/span><\/p><\/div><\/div>\t\t\t\t<\/div>\n\t\t\t\t<\/div>\n\t\t\t\t<\/div>\n\t\t<div class=\"elementor-element elementor-element-af6c49a e-con-full e-flex e-con e-child\" data-id=\"af6c49a\" data-element_type=\"container\" data-e-type=\"container\">\n\t\t\t\t<div class=\"elementor-element elementor-element-7ef9c3e elementor-widget__width-initial elementor-widget elementor-widget-jkit_heading\" data-id=\"7ef9c3e\" data-element_type=\"widget\" data-e-type=\"widget\" data-widget_type=\"jkit_heading.default\">\n\t\t\t\t\t<div  class=\"jeg-elementor-kit jkit-heading  align-center align-tablet- align-mobile- jeg_module__5_69f33a022918d\" ><div class=\"heading-section-title  display-inline-block\"><p class=\"heading-title\"><span class=\"style-gradient\"><span>El resultado es una herramienta visual con capacidad para transmitir mejor la esencia del servicio, mostrar su atractivo de forma inmediata y acompa\u00f1ar a la marca en su comunicaci\u00f3n con una imagen m\u00e1s cuidada, evocadora y alineada con su entorno.<\/span><\/span><\/p><\/div><\/div>\t\t\t\t<\/div>\n\t\t\t\t<\/div>\n\t\t\t\t\t<\/div>\n\t\t\t\t<\/div>\n\t\t\t\t<\/div>\n\t\t","protected":false},"excerpt":{"rendered":"<p>Nombre del Cliente Grupo Isturiz Enlaces pr\u00f3ximamente&#8230; En Asador I\u00f1aki el objetivo era trasladar al entorno digital una propuesta gastron\u00f3mica muy definida, centrada en la brasa y en una forma de entender la cocina basada en el producto, el sabor y una identidad muy reconocible. La web deb\u00eda ser capaz de recoger esa esencia y [&hellip;]<\/p>\n","protected":false},"author":1,"featured_media":0,"parent":136,"menu_order":0,"comment_status":"closed","ping_status":"closed","template":"elementor_header_footer","meta":{"footnotes":""},"class_list":["post-11815","page","type-page","status-publish","hentry"],"_links":{"self":[{"href":"https:\/\/batelamarketing.eus\/es\/wp-json\/wp\/v2\/pages\/11815","targetHints":{"allow":["GET"]}}],"collection":[{"href":"https:\/\/batelamarketing.eus\/es\/wp-json\/wp\/v2\/pages"}],"about":[{"href":"https:\/\/batelamarketing.eus\/es\/wp-json\/wp\/v2\/types\/page"}],"author":[{"embeddable":true,"href":"https:\/\/batelamarketing.eus\/es\/wp-json\/wp\/v2\/users\/1"}],"replies":[{"embeddable":true,"href":"https:\/\/batelamarketing.eus\/es\/wp-json\/wp\/v2\/comments?post=11815"}],"version-history":[{"count":0,"href":"https:\/\/batelamarketing.eus\/es\/wp-json\/wp\/v2\/pages\/11815\/revisions"}],"up":[{"embeddable":true,"href":"https:\/\/batelamarketing.eus\/es\/wp-json\/wp\/v2\/pages\/136"}],"wp:attachment":[{"href":"https:\/\/batelamarketing.eus\/es\/wp-json\/wp\/v2\/media?parent=11815"}],"curies":[{"name":"wp","href":"https:\/\/api.w.org\/{rel}","templated":true}]}}