{"id":11882,"date":"2026-04-14T11:39:46","date_gmt":"2026-04-14T09:39:46","guid":{"rendered":"http:\/\/192.168.1.121\/batelamarketing\/?page_id=11882"},"modified":"2026-04-29T10:57:34","modified_gmt":"2026-04-29T08:57:34","slug":"consultoria-estrategica-de-marketing","status":"publish","type":"page","link":"https:\/\/batelamarketing.eus\/es\/consultoria-estrategica-de-marketing\/","title":{"rendered":"consultor\u00eda estrat\u00e9gica"},"content":{"rendered":"\t\t<div data-elementor-type=\"wp-page\" data-elementor-id=\"11882\" class=\"elementor elementor-11882\" data-elementor-post-type=\"page\">\n\t\t\t\t<div class=\"elementor-element elementor-element-dd93c20 e-flex e-con-boxed e-con e-parent\" data-id=\"dd93c20\" data-element_type=\"container\" data-e-type=\"container\" data-settings=\"{&quot;background_background&quot;:&quot;classic&quot;}\">\n\t\t\t\t\t<div class=\"e-con-inner\">\n\t\t\t\t<div class=\"elementor-element elementor-element-c382b76 elementor-widget elementor-widget-jkit_heading\" data-id=\"c382b76\" data-element_type=\"widget\" data-e-type=\"widget\" data-widget_type=\"jkit_heading.default\">\n\t\t\t\t\t<div  class=\"jeg-elementor-kit jkit-heading  align-left align-tablet- align-mobile- jeg_module___69fc0bcc6a83e\" ><div class=\"heading-section-title  display-inline-block\"><h1 class=\"heading-title\"><span class=\"style-gradient\"><span>CONSULTOR\u00cdA ESTRAT\u00c9GICA<\/span><\/span><\/h1><\/div><\/div>\t\t\t\t<\/div>\n\t\t\t\t\t<\/div>\n\t\t\t\t<\/div>\n\t\t<div class=\"elementor-element elementor-element-ba0e7cd e-flex e-con-boxed e-con e-parent\" data-id=\"ba0e7cd\" data-element_type=\"container\" data-e-type=\"container\" data-settings=\"{&quot;background_background&quot;:&quot;classic&quot;}\">\n\t\t\t\t\t<div class=\"e-con-inner\">\n\t\t<div class=\"elementor-element elementor-element-342bf16 e-con-full e-flex elementor-invisible e-con e-child\" data-id=\"342bf16\" data-element_type=\"container\" data-e-type=\"container\" data-settings=\"{&quot;animation&quot;:&quot;fadeInUp&quot;}\">\n\t\t\t\t<div class=\"elementor-element elementor-element-f251284 elementor-widget elementor-widget-jkit_heading\" data-id=\"f251284\" data-element_type=\"widget\" data-e-type=\"widget\" data-widget_type=\"jkit_heading.default\">\n\t\t\t\t\t<div  class=\"jeg-elementor-kit jkit-heading  align-left align-tablet- align-mobile- jeg_module__1_69fc0bcc6bb46\" ><div class=\"heading-section-title  display-inline-block\"><p class=\"heading-title\"><span class=\"style-gradient\"><span>ofrecemos asesoramiento profesional a empresas ayud\u00e1ndoles a mejorar la eficacia de sus estrategias de marketing.<\/span><\/span><\/p><\/div><\/div>\t\t\t\t<\/div>\n\t\t\t\t<div class=\"elementor-element elementor-element-3bf2ee4 elementor-widget__width-initial elementor-widget elementor-widget-jkit_heading\" data-id=\"3bf2ee4\" data-element_type=\"widget\" data-e-type=\"widget\" data-widget_type=\"jkit_heading.default\">\n\t\t\t\t\t<div  class=\"jeg-elementor-kit jkit-heading  align-left align-tablet- align-mobile- jeg_module__2_69fc0bcc6cb71\" ><div class=\"heading-section-title  display-inline-block\"><p class=\"heading-title\"><span class=\"style-gradient\"><span>Transformamos tus desaf\u00edos en crecimiento. Dise\u00f1amos estrategias que potencian tu marca en el mercado. Trabajamos para que cada acci\u00f3n genere resultados.<\/span><\/span><\/p><\/div><\/div>\t\t\t\t<\/div>\n\t\t\t\t<div class=\"elementor-element elementor-element-e063187 elementor-view-framed e-transform e-transform elementor-shape-circle elementor-widget elementor-widget-icon\" data-id=\"e063187\" data-element_type=\"widget\" data-e-type=\"widget\" data-settings=\"{&quot;_transform_rotateZ_effect&quot;:{&quot;unit&quot;:&quot;px&quot;,&quot;size&quot;:0,&quot;sizes&quot;:[]},&quot;_transform_rotateZ_effect_hover&quot;:{&quot;unit&quot;:&quot;px&quot;,&quot;size&quot;:45,&quot;sizes&quot;:[]},&quot;_transform_rotateZ_effect_tablet&quot;:{&quot;unit&quot;:&quot;deg&quot;,&quot;size&quot;:&quot;&quot;,&quot;sizes&quot;:[]},&quot;_transform_rotateZ_effect_mobile&quot;:{&quot;unit&quot;:&quot;deg&quot;,&quot;size&quot;:&quot;&quot;,&quot;sizes&quot;:[]},&quot;_transform_rotateZ_effect_hover_tablet&quot;:{&quot;unit&quot;:&quot;deg&quot;,&quot;size&quot;:&quot;&quot;,&quot;sizes&quot;:[]},&quot;_transform_rotateZ_effect_hover_mobile&quot;:{&quot;unit&quot;:&quot;deg&quot;,&quot;size&quot;:&quot;&quot;,&quot;sizes&quot;:[]}}\" data-widget_type=\"icon.default\">\n\t\t\t\t\t\t\t<div class=\"elementor-icon-wrapper\">\n\t\t\t<a class=\"elementor-icon\" href=\"https:\/\/batelamarketing.eus\/contacto\/\">\n\t\t\t<i aria-hidden=\"true\" class=\"jki jki-arrow-up-right-line\"><\/i>\t\t\t<\/a>\n\t\t<\/div>\n\t\t\t\t\t\t<\/div>\n\t\t\t\t<\/div>\n\t\t\t\t<div class=\"elementor-element elementor-element-afba23e elementor-widget elementor-widget-heading\" data-id=\"afba23e\" data-element_type=\"widget\" data-e-type=\"widget\" data-widget_type=\"heading.default\">\n\t\t\t\t\t<h2 class=\"elementor-heading-title elementor-size-default\">C\u00f3mo te ayudamos<\/h2>\t\t\t\t<\/div>\n\t\t<div class=\"elementor-element elementor-element-23d6247 e-con-full e-flex e-con e-child\" data-id=\"23d6247\" data-element_type=\"container\" data-e-type=\"container\">\n\t\t<div class=\"elementor-element elementor-element-485a054 e-con-full e-flex elementor-invisible e-con e-child\" data-id=\"485a054\" data-element_type=\"container\" data-e-type=\"container\" data-settings=\"{&quot;animation&quot;:&quot;fadeInUp&quot;,&quot;animation_delay&quot;:200,&quot;motion_fx_motion_fx_scrolling&quot;:&quot;yes&quot;,&quot;motion_fx_translateX_effect&quot;:&quot;yes&quot;,&quot;motion_fx_translateX_direction&quot;:&quot;negative&quot;,&quot;motion_fx_translateX_affectedRange&quot;:{&quot;unit&quot;:&quot;%&quot;,&quot;size&quot;:&quot;&quot;,&quot;sizes&quot;:{&quot;start&quot;:0,&quot;end&quot;:50}},&quot;motion_fx_devices&quot;:[&quot;desktop&quot;],&quot;motion_fx_translateX_speed&quot;:{&quot;unit&quot;:&quot;px&quot;,&quot;size&quot;:4,&quot;sizes&quot;:[]}}\">\n\t\t<div class=\"elementor-element elementor-element-a82e8ca e-con-full e-flex e-con e-child\" data-id=\"a82e8ca\" data-element_type=\"container\" data-e-type=\"container\">\n\t\t\t\t<div class=\"elementor-element elementor-element-3c66ba2 elementor-widget elementor-widget-heading\" data-id=\"3c66ba2\" data-element_type=\"widget\" data-e-type=\"widget\" data-widget_type=\"heading.default\">\n\t\t\t\t\t<h3 class=\"elementor-heading-title elementor-size-default\">analizamos la situaci\u00f3n actual de tu empresa<\/h3>\t\t\t\t<\/div>\n\t\t\t\t<\/div>\n\t\t<div class=\"elementor-element elementor-element-04166d1 e-con-full e-flex e-con e-child\" data-id=\"04166d1\" data-element_type=\"container\" data-e-type=\"container\">\n\t\t\t\t<div class=\"elementor-element elementor-element-af46a01 elementor-widget elementor-widget-text-editor\" data-id=\"af46a01\" data-element_type=\"widget\" data-e-type=\"widget\" data-widget_type=\"text-editor.default\">\n\t\t\t\t\t\t\t\t\t<p><span style=\"font-weight: 400;\">evaluamos y hacemos un an\u00e1lisis exhaustivo de c\u00f3mo es la presencia digital de tu marca en las diferentes \u00e1reas del marketing.<\/span><\/p>\t\t\t\t\t\t\t\t<\/div>\n\t\t\t\t<\/div>\n\t\t\t\t<\/div>\n\t\t<div class=\"elementor-element elementor-element-a8c4e1a e-con-full e-flex elementor-invisible e-con e-child\" data-id=\"a8c4e1a\" data-element_type=\"container\" data-e-type=\"container\" data-settings=\"{&quot;animation&quot;:&quot;fadeInUp&quot;,&quot;animation_delay&quot;:200,&quot;motion_fx_motion_fx_scrolling&quot;:&quot;yes&quot;,&quot;motion_fx_translateX_effect&quot;:&quot;yes&quot;,&quot;motion_fx_translateX_affectedRange&quot;:{&quot;unit&quot;:&quot;%&quot;,&quot;size&quot;:&quot;&quot;,&quot;sizes&quot;:{&quot;start&quot;:0,&quot;end&quot;:50}},&quot;motion_fx_devices&quot;:[&quot;desktop&quot;],&quot;motion_fx_translateX_speed&quot;:{&quot;unit&quot;:&quot;px&quot;,&quot;size&quot;:4,&quot;sizes&quot;:[]}}\">\n\t\t<div class=\"elementor-element elementor-element-62bc5c9 e-con-full e-flex e-con e-child\" data-id=\"62bc5c9\" data-element_type=\"container\" data-e-type=\"container\">\n\t\t\t\t<div class=\"elementor-element elementor-element-0e32e60 elementor-widget elementor-widget-heading\" data-id=\"0e32e60\" data-element_type=\"widget\" data-e-type=\"widget\" data-widget_type=\"heading.default\">\n\t\t\t\t\t<h3 class=\"elementor-heading-title elementor-size-default\">evaluamos a la competencia<\/h3>\t\t\t\t<\/div>\n\t\t\t\t<\/div>\n\t\t<div class=\"elementor-element elementor-element-011f22d e-con-full e-flex e-con e-child\" data-id=\"011f22d\" data-element_type=\"container\" data-e-type=\"container\">\n\t\t\t\t<div class=\"elementor-element elementor-element-27f8559 elementor-widget elementor-widget-text-editor\" data-id=\"27f8559\" data-element_type=\"widget\" data-e-type=\"widget\" data-widget_type=\"text-editor.default\">\n\t\t\t\t\t\t\t\t\t<p><span style=\"font-weight: 400;\">definimos qui\u00e9nes son los competidores de tu negocio para poder detectar puntos de mejora y tambi\u00e9n debilidades con respecto a ellos.<\/span><\/p>\t\t\t\t\t\t\t\t<\/div>\n\t\t\t\t<\/div>\n\t\t\t\t<\/div>\n\t\t\t\t<\/div>\n\t\t<div class=\"elementor-element elementor-element-15beff3 e-con-full e-flex e-con e-child\" data-id=\"15beff3\" data-element_type=\"container\" data-e-type=\"container\" data-settings=\"{&quot;motion_fx_motion_fx_scrolling&quot;:&quot;yes&quot;,&quot;motion_fx_devices&quot;:[&quot;desktop&quot;,&quot;tablet&quot;,&quot;mobile&quot;]}\">\n\t\t<div class=\"elementor-element elementor-element-ae32d5e e-con-full e-flex elementor-invisible e-con e-child\" data-id=\"ae32d5e\" data-element_type=\"container\" data-e-type=\"container\" data-settings=\"{&quot;animation&quot;:&quot;fadeInUp&quot;,&quot;animation_delay&quot;:200,&quot;motion_fx_motion_fx_scrolling&quot;:&quot;yes&quot;,&quot;motion_fx_translateX_effect&quot;:&quot;yes&quot;,&quot;motion_fx_translateX_direction&quot;:&quot;negative&quot;,&quot;motion_fx_translateX_affectedRange&quot;:{&quot;unit&quot;:&quot;%&quot;,&quot;size&quot;:&quot;&quot;,&quot;sizes&quot;:{&quot;start&quot;:0,&quot;end&quot;:50}},&quot;motion_fx_devices&quot;:[&quot;desktop&quot;],&quot;motion_fx_translateX_speed&quot;:{&quot;unit&quot;:&quot;px&quot;,&quot;size&quot;:4,&quot;sizes&quot;:[]}}\">\n\t\t<div class=\"elementor-element elementor-element-98fc4bb e-con-full e-flex e-con e-child\" data-id=\"98fc4bb\" data-element_type=\"container\" data-e-type=\"container\">\n\t\t\t\t<div class=\"elementor-element elementor-element-71625e4 elementor-widget elementor-widget-heading\" data-id=\"71625e4\" data-element_type=\"widget\" data-e-type=\"widget\" data-widget_type=\"heading.default\">\n\t\t\t\t\t<h2 class=\"elementor-heading-title elementor-size-default\">definici\u00f3n de objetivos<\/h2>\t\t\t\t<\/div>\n\t\t\t\t<\/div>\n\t\t<div class=\"elementor-element elementor-element-571cdcf e-con-full e-flex e-con e-child\" data-id=\"571cdcf\" data-element_type=\"container\" data-e-type=\"container\">\n\t\t\t\t<div class=\"elementor-element elementor-element-fc57a41 elementor-widget elementor-widget-text-editor\" data-id=\"fc57a41\" data-element_type=\"widget\" data-e-type=\"widget\" data-widget_type=\"text-editor.default\">\n\t\t\t\t\t\t\t\t\t<p><span style=\"font-weight: 400;\">tras tener los resultados del an\u00e1lisis de la empresa y de la competencia, nos encargamos de definir los objetivos seg\u00fan las necesidades que hemos visto. Unos objetivos espec\u00edficos, medibles, alcanzables, relevantes y con tiempo definido.<\/span><\/p>\t\t\t\t\t\t\t\t<\/div>\n\t\t\t\t<\/div>\n\t\t\t\t<\/div>\n\t\t<div class=\"elementor-element elementor-element-ab64eca e-con-full e-flex elementor-invisible e-con e-child\" data-id=\"ab64eca\" data-element_type=\"container\" data-e-type=\"container\" data-settings=\"{&quot;animation&quot;:&quot;fadeInUp&quot;,&quot;animation_delay&quot;:200,&quot;motion_fx_motion_fx_scrolling&quot;:&quot;yes&quot;,&quot;motion_fx_translateX_effect&quot;:&quot;yes&quot;,&quot;motion_fx_translateX_affectedRange&quot;:{&quot;unit&quot;:&quot;%&quot;,&quot;size&quot;:&quot;&quot;,&quot;sizes&quot;:{&quot;start&quot;:0,&quot;end&quot;:50}},&quot;motion_fx_devices&quot;:[&quot;desktop&quot;],&quot;motion_fx_translateX_speed&quot;:{&quot;unit&quot;:&quot;px&quot;,&quot;size&quot;:4,&quot;sizes&quot;:[]}}\">\n\t\t<div class=\"elementor-element elementor-element-4eeb76d e-con-full e-flex e-con e-child\" data-id=\"4eeb76d\" data-element_type=\"container\" data-e-type=\"container\">\n\t\t\t\t<div class=\"elementor-element elementor-element-16501d1 elementor-widget elementor-widget-heading\" data-id=\"16501d1\" data-element_type=\"widget\" data-e-type=\"widget\" data-widget_type=\"heading.default\">\n\t\t\t\t\t<h2 class=\"elementor-heading-title elementor-size-default\">desarrollamos estrategias de marketing<\/h2>\t\t\t\t<\/div>\n\t\t\t\t<\/div>\n\t\t<div class=\"elementor-element elementor-element-c68e87f e-con-full e-flex e-con e-child\" data-id=\"c68e87f\" data-element_type=\"container\" data-e-type=\"container\">\n\t\t\t\t<div class=\"elementor-element elementor-element-830b13b elementor-widget elementor-widget-text-editor\" data-id=\"830b13b\" data-element_type=\"widget\" data-e-type=\"widget\" data-widget_type=\"text-editor.default\">\n\t\t\t\t\t\t\t\t\t<p><span style=\"font-weight: 400;\">dise\u00f1amos y planteamos tus objetivos y estrategias para conseguirlos, con una hoja de ruta en la que planificamos de manera organizada y sencilla las acciones de marketing que deben implementarse.<\/span><\/p>\t\t\t\t\t\t\t\t<\/div>\n\t\t\t\t<\/div>\n\t\t\t\t<\/div>\n\t\t\t\t<\/div>\n\t\t\t\t<div class=\"elementor-element elementor-element-79bda4c elementor-widget elementor-widget-image\" data-id=\"79bda4c\" data-element_type=\"widget\" data-e-type=\"widget\" data-widget_type=\"image.default\">\n\t\t\t\t\t\t\t\t\t\t\t\t\t\t\t<img fetchpriority=\"high\" decoding=\"async\" width=\"1920\" height=\"1080\" src=\"https:\/\/batelamarketing.eus\/wp-content\/uploads\/2026\/04\/consultoria-estrategia-3.jpg\" class=\"attachment-full size-full wp-image-11987\" alt=\"\" srcset=\"https:\/\/batelamarketing.eus\/wp-content\/uploads\/2026\/04\/consultoria-estrategia-3.jpg 1920w, https:\/\/batelamarketing.eus\/wp-content\/uploads\/2026\/04\/consultoria-estrategia-3-300x169.jpg 300w, https:\/\/batelamarketing.eus\/wp-content\/uploads\/2026\/04\/consultoria-estrategia-3-1024x576.jpg 1024w, https:\/\/batelamarketing.eus\/wp-content\/uploads\/2026\/04\/consultoria-estrategia-3-768x432.jpg 768w, https:\/\/batelamarketing.eus\/wp-content\/uploads\/2026\/04\/consultoria-estrategia-3-1536x864.jpg 1536w\" sizes=\"(max-width: 1920px) 100vw, 1920px\" \/>\t\t\t\t\t\t\t\t\t\t\t\t\t\t\t<\/div>\n\t\t\t\t\t<\/div>\n\t\t\t\t<\/div>\n\t\t<div class=\"elementor-element elementor-element-b558102 e-flex e-con-boxed e-con e-parent\" data-id=\"b558102\" data-element_type=\"container\" data-e-type=\"container\">\n\t\t\t\t\t<div class=\"e-con-inner\">\n\t\t<div class=\"elementor-element elementor-element-ebe9762 e-con-full e-flex e-con e-child\" data-id=\"ebe9762\" data-element_type=\"container\" data-e-type=\"container\">\n\t\t<div class=\"elementor-element elementor-element-eb3ce34 e-con-full e-flex elementor-invisible e-con e-child\" data-id=\"eb3ce34\" data-element_type=\"container\" data-e-type=\"container\" data-settings=\"{&quot;animation&quot;:&quot;fadeInUp&quot;}\">\n\t\t\t\t<div class=\"elementor-element elementor-element-3b83544 elementor-widget elementor-widget-jkit_heading\" data-id=\"3b83544\" data-element_type=\"widget\" data-e-type=\"widget\" data-widget_type=\"jkit_heading.default\">\n\t\t\t\t\t<div  class=\"jeg-elementor-kit jkit-heading  align-left align-tablet- align-mobile- jeg_module__3_69fc0bcc6fe4a\" ><div class=\"heading-section-title  display-inline-block\"><h2 class=\"heading-title\"><span class=\"style-gradient\"><span>preguntas sobre el servicio de consultor\u00eda<\/span><\/span><\/h2><\/div><\/div>\t\t\t\t<\/div>\n\t\t\t\t<\/div>\n\t\t\t\t<div class=\"elementor-element elementor-element-5df0b17 elementor-widget elementor-widget-jkit_button\" data-id=\"5df0b17\" data-element_type=\"widget\" data-e-type=\"widget\" data-widget_type=\"jkit_button.default\">\n\t\t\t\t\t<div  class=\"jeg-elementor-kit jkit-button  icon-position-after jeg_module__4_69fc0bcc74fd3\" ><a href=\"https:\/\/batelamarketing.eus\/contacto\/\" class=\"jkit-button-wrapper\">Haznos una pregunta<i aria-hidden=\"true\" class=\"jki jki-right-arrow1-light\"><\/i><\/a><\/div>\t\t\t\t<\/div>\n\t\t\t\t<\/div>\n\t\t<div class=\"elementor-element elementor-element-618949e e-con-full e-flex e-con e-child\" data-id=\"618949e\" data-element_type=\"container\" data-e-type=\"container\">\n\t\t\t\t<div class=\"elementor-element elementor-element-53c9ced elementor-widget elementor-widget-jkit_accordion\" data-id=\"53c9ced\" data-element_type=\"widget\" data-e-type=\"widget\" data-widget_type=\"jkit_accordion.default\">\n\t\t\t\t\t<div  class=\"jeg-elementor-kit jkit-accordion style-default jeg_module__5_69fc0bcc82dad\" ><div class=\"card-wrapper expand\">\n                <div class=\"card-header\">\n                    <a href=\"#expand-8fab880\" class=\"card-header-button\" aria-expanded=\"false\" data-target=\"#expand-8fab880\" aria-controls=\"expand-8fab880\">\n                        <span class=\"title\">\u00bfPor qu\u00e9 necesito una consultora estrat\u00e9gica de marketing?<\/span><div class=\"right-icon-group\">\n                <div class=\"normal-icon\"><i aria-hidden=\"true\" class=\"jki jki-plus-circle-solid\"><\/i><\/div>\n                <div class=\"active-icon\"><i aria-hidden=\"true\" class=\"jki jki-minus-circle-solid\"><\/i><\/div>\n            <\/div>\n                    <\/a>\n                <\/div>\n                <div class=\"card-expand\" id=\"expand-8fab880\" style=\"display:block\"><div class=\"card-body\"><div class=\"elementor-accordion-item\"><div id=\"elementor-tab-content-1661\" class=\"elementor-tab-content elementor-clearfix elementor-active\" role=\"region\" data-tab=\"1\" aria-labelledby=\"elementor-tab-title-1661\"><p><span style=\"font-weight: 400\">el marketing sin estrategia es como navegar sin br\u00fajula. Tener una estrategia bien definida te permite:<\/span><\/p><ul><li style=\"font-weight: 400\"><span style=\"font-weight: 400\">Diferenciarte de la competencia<\/span><\/li><li style=\"font-weight: 400\"><span style=\"font-weight: 400\">Conectar con tu audiencia<\/span><\/li><li style=\"font-weight: 400\"><span style=\"font-weight: 400\">Optimizar tus recursos<\/span><\/li><li style=\"font-weight: 400\"><span style=\"font-weight: 400\">Medir resultados y mejorar continuamente<\/span><\/li><\/ul><\/div><\/div><\/div><\/div>\n            <\/div><div class=\"card-wrapper \">\n                <div class=\"card-header\">\n                    <a href=\"#expand-c8565b5\" class=\"card-header-button\" aria-expanded=\"false\" data-target=\"#expand-c8565b5\" aria-controls=\"expand-c8565b5\">\n                        <span class=\"title\">\u00bfTambi\u00e9n ejecut\u00e1is las campa\u00f1as?<\/span><div class=\"right-icon-group\">\n                <div class=\"normal-icon\"><i aria-hidden=\"true\" class=\"jki jki-plus-circle-solid\"><\/i><\/div>\n                <div class=\"active-icon\"><i aria-hidden=\"true\" class=\"jki jki-minus-circle-solid\"><\/i><\/div>\n            <\/div>\n                    <\/a>\n                <\/div>\n                <div class=\"card-expand\" id=\"expand-c8565b5\" style=\"display:none\"><div class=\"card-body\"><div class=\"elementor-accordion-item\"><div id=\"elementor-tab-content-1662\" class=\"elementor-tab-content elementor-clearfix elementor-active\" role=\"region\" data-tab=\"2\" aria-labelledby=\"elementor-tab-title-1662\"><p><span style=\"font-weight: 400\">te ayudamos a planificar y, si lo deseas, trabajar contigo o con tu equipo para ejecutar algunas acciones clave.<\/span><\/p><\/div><\/div><\/div><\/div>\n            <\/div><div class=\"card-wrapper \">\n                <div class=\"card-header\">\n                    <a href=\"#expand-c1c9830\" class=\"card-header-button\" aria-expanded=\"false\" data-target=\"#expand-c1c9830\" aria-controls=\"expand-c1c9830\">\n                        <span class=\"title\">\u00bfEn qu\u00e9 se diferencia el marketing estrat\u00e9gico del marketing operativo?<\/span><div class=\"right-icon-group\">\n                <div class=\"normal-icon\"><i aria-hidden=\"true\" class=\"jki jki-plus-circle-solid\"><\/i><\/div>\n                <div class=\"active-icon\"><i aria-hidden=\"true\" class=\"jki jki-minus-circle-solid\"><\/i><\/div>\n            <\/div>\n                    <\/a>\n                <\/div>\n                <div class=\"card-expand\" id=\"expand-c1c9830\" style=\"display:none\"><div class=\"card-body\"><p><span style=\"font-weight: 400\">el marketing estrat\u00e9gico se enfoca en la planificaci\u00f3n a largo plazo, el an\u00e1lisis de mercado, la propuesta de valor y la segmentaci\u00f3n.<\/span><\/p><p><span style=\"font-weight: 400\">el operativo es la ejecuci\u00f3n de dicha planificaci\u00f3n: campa\u00f1as, redes sociales, publicidad, etc.<\/span><\/p><\/div><\/div>\n            <\/div><\/div>\t\t\t\t<\/div>\n\t\t\t\t<\/div>\n\t\t\t\t\t<\/div>\n\t\t\t\t<\/div>\n\t\t\t\t<\/div>\n\t\t","protected":false},"excerpt":{"rendered":"<p>CONSULTOR\u00cdA ESTRAT\u00c9GICA ofrecemos asesoramiento profesional a empresas ayud\u00e1ndoles a mejorar la eficacia de sus estrategias de marketing. Transformamos tus desaf\u00edos en crecimiento. Dise\u00f1amos estrategias que potencian tu marca en el mercado. Trabajamos para que cada acci\u00f3n genere resultados. C\u00f3mo te ayudamos analizamos la situaci\u00f3n actual de tu empresa evaluamos y hacemos un an\u00e1lisis exhaustivo de [&hellip;]<\/p>\n","protected":false},"author":1,"featured_media":0,"parent":0,"menu_order":0,"comment_status":"closed","ping_status":"closed","template":"","meta":{"footnotes":""},"class_list":["post-11882","page","type-page","status-publish","hentry"],"_links":{"self":[{"href":"https:\/\/batelamarketing.eus\/es\/wp-json\/wp\/v2\/pages\/11882","targetHints":{"allow":["GET"]}}],"collection":[{"href":"https:\/\/batelamarketing.eus\/es\/wp-json\/wp\/v2\/pages"}],"about":[{"href":"https:\/\/batelamarketing.eus\/es\/wp-json\/wp\/v2\/types\/page"}],"author":[{"embeddable":true,"href":"https:\/\/batelamarketing.eus\/es\/wp-json\/wp\/v2\/users\/1"}],"replies":[{"embeddable":true,"href":"https:\/\/batelamarketing.eus\/es\/wp-json\/wp\/v2\/comments?post=11882"}],"version-history":[{"count":0,"href":"https:\/\/batelamarketing.eus\/es\/wp-json\/wp\/v2\/pages\/11882\/revisions"}],"wp:attachment":[{"href":"https:\/\/batelamarketing.eus\/es\/wp-json\/wp\/v2\/media?parent=11882"}],"curies":[{"name":"wp","href":"https:\/\/api.w.org\/{rel}","templated":true}]}}