{"id":122,"date":"2026-01-15T08:28:42","date_gmt":"2026-01-15T07:28:42","guid":{"rendered":"http:\/\/192.168.1.121\/batelamarketing\/?page_id=122"},"modified":"2026-04-29T09:34:32","modified_gmt":"2026-04-29T07:34:32","slug":"servicios","status":"publish","type":"page","link":"https:\/\/batelamarketing.eus\/es\/servicios\/","title":{"rendered":"servicios"},"content":{"rendered":"\t\t<div data-elementor-type=\"wp-page\" data-elementor-id=\"122\" class=\"elementor elementor-122\" data-elementor-post-type=\"page\">\n\t\t\t\t<div class=\"elementor-element elementor-element-248e8ca7 e-flex e-con-boxed e-con e-parent\" data-id=\"248e8ca7\" data-element_type=\"container\" data-e-type=\"container\" data-settings=\"{&quot;background_background&quot;:&quot;classic&quot;}\">\n\t\t\t\t\t<div class=\"e-con-inner\">\n\t\t\t\t<div class=\"elementor-element elementor-element-58369610 elementor-widget elementor-widget-jkit_heading\" data-id=\"58369610\" data-element_type=\"widget\" data-e-type=\"widget\" data-widget_type=\"jkit_heading.default\">\n\t\t\t\t\t<div  class=\"jeg-elementor-kit jkit-heading  align-left align-tablet- align-mobile- jeg_module___6a068d65a8334\" ><div class=\"heading-section-title  display-inline-block\"><h1 class=\"heading-title\"><span class=\"style-gradient\"><span>Servicios de marketing digital<\/span><\/span><\/h1><\/div><\/div>\t\t\t\t<\/div>\n\t\t\t\t\t<\/div>\n\t\t\t\t<\/div>\n\t\t<div class=\"elementor-element elementor-element-661659b2 e-flex e-con-boxed e-con e-parent\" data-id=\"661659b2\" data-element_type=\"container\" data-e-type=\"container\" data-settings=\"{&quot;background_background&quot;:&quot;classic&quot;}\">\n\t\t\t\t\t<div class=\"e-con-inner\">\n\t\t<div class=\"elementor-element elementor-element-524f9a63 e-con-full e-flex elementor-invisible e-con e-child\" data-id=\"524f9a63\" data-element_type=\"container\" data-e-type=\"container\" data-settings=\"{&quot;animation&quot;:&quot;fadeInUp&quot;}\">\n\t\t\t\t<div class=\"elementor-element elementor-element-567715c4 elementor-widget elementor-widget-heading\" data-id=\"567715c4\" data-element_type=\"widget\" data-e-type=\"widget\" data-widget_type=\"heading.default\">\n\t\t\t\t\t<h2 class=\"elementor-heading-title elementor-size-default\">Servicios<\/h2>\t\t\t\t<\/div>\n\t\t\t\t<div class=\"elementor-element elementor-element-f24bd09 elementor-widget__width-initial elementor-widget elementor-widget-jkit_heading\" data-id=\"f24bd09\" data-element_type=\"widget\" data-e-type=\"widget\" data-widget_type=\"jkit_heading.default\">\n\t\t\t\t\t<div  class=\"jeg-elementor-kit jkit-heading  align-left align-tablet- align-mobile- jeg_module__1_6a068d65ab89b\" ><div class=\"heading-section-title  display-inline-block\"><h2 class=\"heading-title\"><span class=\"style-gradient\"><span>soluciones de marketing digital integrales e integradas adaptadas a tus propias necesidades<\/span><\/span><\/h2><\/div><\/div>\t\t\t\t<\/div>\n\t\t\t\t<\/div>\n\t\t<div class=\"elementor-element elementor-element-34d8813a e-con-full e-flex e-con e-child\" data-id=\"34d8813a\" data-element_type=\"container\" data-e-type=\"container\">\n\t\t<div class=\"elementor-element elementor-element-36c99fa0 e-con-full e-flex elementor-invisible e-con e-child\" data-id=\"36c99fa0\" data-element_type=\"container\" data-e-type=\"container\" data-settings=\"{&quot;animation&quot;:&quot;fadeInUp&quot;,&quot;animation_delay&quot;:200,&quot;background_background&quot;:&quot;classic&quot;}\">\n\t\t<div class=\"elementor-element elementor-element-44110f55 e-con-full e-flex e-con e-child\" data-id=\"44110f55\" data-element_type=\"container\" data-e-type=\"container\">\n\t\t\t\t<div class=\"elementor-element elementor-element-50e7beb1 elementor-widget elementor-widget-heading\" data-id=\"50e7beb1\" data-element_type=\"widget\" data-e-type=\"widget\" data-widget_type=\"heading.default\">\n\t\t\t\t\t<p class=\"elementor-heading-title elementor-size-default\">01<\/p>\t\t\t\t<\/div>\n\t\t\t\t<\/div>\n\t\t<div class=\"elementor-element elementor-element-9652592 e-con-full e-flex e-con e-child\" data-id=\"9652592\" data-element_type=\"container\" data-e-type=\"container\">\n\t\t\t\t<div class=\"elementor-element elementor-element-3dd8bd07 elementor-widget elementor-widget-heading\" data-id=\"3dd8bd07\" data-element_type=\"widget\" data-e-type=\"widget\" data-widget_type=\"heading.default\">\n\t\t\t\t\t<h3 class=\"elementor-heading-title elementor-size-default\">dise\u00f1o <br>\nweb<\/h3>\t\t\t\t<\/div>\n\t\t\t\t<\/div>\n\t\t<div class=\"elementor-element elementor-element-2b5268c5 e-con-full e-flex e-con e-child\" data-id=\"2b5268c5\" data-element_type=\"container\" data-e-type=\"container\">\n\t\t\t\t<div class=\"elementor-element elementor-element-102987c1 elementor-widget elementor-widget-text-editor\" data-id=\"102987c1\" data-element_type=\"widget\" data-e-type=\"widget\" data-widget_type=\"text-editor.default\">\n\t\t\t\t\t\t\t\t\t<p><span style=\"font-weight: 400;\">tu presencia digital es tu carta de presentaci\u00f3n, empezando por tu p\u00e1gina web. Es vital tenerla lo m\u00e1s estructurada posible y optimizada con un contenido que realmente aporte valor para hacerte ver en los motores de b\u00fasqueda y llegar a tus potenciales clientes.<\/span><\/p>\t\t\t\t\t\t\t\t<\/div>\n\t\t\t\t<div class=\"elementor-element elementor-element-46911742 elementor-widget elementor-widget-jkit_button\" data-id=\"46911742\" data-element_type=\"widget\" data-e-type=\"widget\" data-widget_type=\"jkit_button.default\">\n\t\t\t\t\t<div  class=\"jeg-elementor-kit jkit-button  icon-position-after jeg_module__2_6a068d65b1cd4\" ><a href=\"https:\/\/batelamarketing.eus\/es\/diseno-web\/\" class=\"jkit-button-wrapper\">\u00bfC\u00f3mo lo hacemos?<i aria-hidden=\"true\" class=\"jki jki-right-arrow1-light\"><\/i><\/a><\/div>\t\t\t\t<\/div>\n\t\t\t\t<\/div>\n\t\t\t\t<\/div>\n\t\t<div class=\"elementor-element elementor-element-4e098849 e-con-full e-flex elementor-invisible e-con e-child\" data-id=\"4e098849\" data-element_type=\"container\" data-e-type=\"container\" data-settings=\"{&quot;animation&quot;:&quot;fadeInUp&quot;,&quot;animation_delay&quot;:200,&quot;background_background&quot;:&quot;classic&quot;}\">\n\t\t<div class=\"elementor-element elementor-element-6495bf45 e-con-full e-flex e-con e-child\" data-id=\"6495bf45\" data-element_type=\"container\" data-e-type=\"container\">\n\t\t\t\t<div class=\"elementor-element elementor-element-643add3f elementor-widget elementor-widget-heading\" data-id=\"643add3f\" data-element_type=\"widget\" data-e-type=\"widget\" data-widget_type=\"heading.default\">\n\t\t\t\t\t<p class=\"elementor-heading-title elementor-size-default\">02<\/p>\t\t\t\t<\/div>\n\t\t\t\t<\/div>\n\t\t<div class=\"elementor-element elementor-element-1fb7f4ff e-con-full e-flex e-con e-child\" data-id=\"1fb7f4ff\" data-element_type=\"container\" data-e-type=\"container\">\n\t\t\t\t<div class=\"elementor-element elementor-element-4456cf4 elementor-widget elementor-widget-heading\" data-id=\"4456cf4\" data-element_type=\"widget\" data-e-type=\"widget\" data-widget_type=\"heading.default\">\n\t\t\t\t\t<h3 class=\"elementor-heading-title elementor-size-default\">branding<\/h3>\t\t\t\t<\/div>\n\t\t\t\t<\/div>\n\t\t<div class=\"elementor-element elementor-element-3328573 e-con-full e-flex e-con e-child\" data-id=\"3328573\" data-element_type=\"container\" data-e-type=\"container\">\n\t\t\t\t<div class=\"elementor-element elementor-element-2023429b elementor-widget elementor-widget-text-editor\" data-id=\"2023429b\" data-element_type=\"widget\" data-e-type=\"widget\" data-widget_type=\"text-editor.default\">\n\t\t\t\t\t\t\t\t\t<p><span style=\"font-weight: 400;\">tu imagen corporativa es tu principal valor diferencial frente a tu competencia. No seas una marca m\u00e1s, busca ser LA MARCA. \u00bfTe atreves?<\/span><\/p>\t\t\t\t\t\t\t\t<\/div>\n\t\t\t\t<div class=\"elementor-element elementor-element-3c083362 elementor-widget elementor-widget-jkit_button\" data-id=\"3c083362\" data-element_type=\"widget\" data-e-type=\"widget\" data-widget_type=\"jkit_button.default\">\n\t\t\t\t\t<div  class=\"jeg-elementor-kit jkit-button  icon-position-after jeg_module__3_6a068d65b880a\" ><a href=\"https:\/\/batelamarketing.eus\/es\/branding-diseno\/\" class=\"jkit-button-wrapper\">\u00bfC\u00f3mo lo hacemos?<i aria-hidden=\"true\" class=\"jki jki-right-arrow1-light\"><\/i><\/a><\/div>\t\t\t\t<\/div>\n\t\t\t\t<\/div>\n\t\t\t\t<\/div>\n\t\t<div class=\"elementor-element elementor-element-a22f65f e-con-full e-flex elementor-invisible e-con e-child\" data-id=\"a22f65f\" data-element_type=\"container\" data-e-type=\"container\" data-settings=\"{&quot;animation&quot;:&quot;fadeInUp&quot;,&quot;animation_delay&quot;:200,&quot;background_background&quot;:&quot;classic&quot;}\">\n\t\t<div class=\"elementor-element elementor-element-f3cc789 e-con-full e-flex e-con e-child\" data-id=\"f3cc789\" data-element_type=\"container\" data-e-type=\"container\">\n\t\t\t\t<div class=\"elementor-element elementor-element-6c52b27 elementor-widget elementor-widget-heading\" data-id=\"6c52b27\" data-element_type=\"widget\" data-e-type=\"widget\" data-widget_type=\"heading.default\">\n\t\t\t\t\t<p class=\"elementor-heading-title elementor-size-default\">03<\/p>\t\t\t\t<\/div>\n\t\t\t\t<\/div>\n\t\t<div class=\"elementor-element elementor-element-26d53b7 e-con-full e-flex e-con e-child\" data-id=\"26d53b7\" data-element_type=\"container\" data-e-type=\"container\">\n\t\t\t\t<div class=\"elementor-element elementor-element-64b6a25 elementor-widget elementor-widget-heading\" data-id=\"64b6a25\" data-element_type=\"widget\" data-e-type=\"widget\" data-widget_type=\"heading.default\">\n\t\t\t\t\t<h3 class=\"elementor-heading-title elementor-size-default\">redes<br>\nsociales<\/h3>\t\t\t\t<\/div>\n\t\t\t\t<\/div>\n\t\t<div class=\"elementor-element elementor-element-8829dd9 e-con-full e-flex e-con e-child\" data-id=\"8829dd9\" data-element_type=\"container\" data-e-type=\"container\">\n\t\t\t\t<div class=\"elementor-element elementor-element-8ed6b0c elementor-widget elementor-widget-text-editor\" data-id=\"8ed6b0c\" data-element_type=\"widget\" data-e-type=\"widget\" data-widget_type=\"text-editor.default\">\n\t\t\t\t\t\t\t\t\t<p><span style=\"font-weight: 400;\">en batela tenemos clar\u00edsimo que, hoy d\u00eda, sin una estrategia de Social Media, tu empresa no es visible. Instagram, TikTok, LinkedIn. \u00bfQuieres hacer crecer tu negocio?<\/span><\/p>\t\t\t\t\t\t\t\t<\/div>\n\t\t\t\t<div class=\"elementor-element elementor-element-f5ab27e elementor-widget elementor-widget-jkit_button\" data-id=\"f5ab27e\" data-element_type=\"widget\" data-e-type=\"widget\" data-widget_type=\"jkit_button.default\">\n\t\t\t\t\t<div  class=\"jeg-elementor-kit jkit-button  icon-position-after jeg_module__4_6a068d65c07c0\" ><a href=\"https:\/\/batelamarketing.eus\/es\/gestion-de-redes-sociales\/\" class=\"jkit-button-wrapper\">\u00bfC\u00f3mo lo hacemos?<i aria-hidden=\"true\" class=\"jki jki-right-arrow1-light\"><\/i><\/a><\/div>\t\t\t\t<\/div>\n\t\t\t\t<\/div>\n\t\t\t\t<\/div>\n\t\t<div class=\"elementor-element elementor-element-aa2338f e-con-full e-flex elementor-invisible e-con e-child\" data-id=\"aa2338f\" data-element_type=\"container\" data-e-type=\"container\" data-settings=\"{&quot;animation&quot;:&quot;fadeInUp&quot;,&quot;animation_delay&quot;:200,&quot;background_background&quot;:&quot;classic&quot;}\">\n\t\t<div class=\"elementor-element elementor-element-c0af109 e-con-full e-flex e-con e-child\" data-id=\"c0af109\" data-element_type=\"container\" data-e-type=\"container\">\n\t\t\t\t<div class=\"elementor-element elementor-element-220d609 elementor-widget elementor-widget-heading\" data-id=\"220d609\" data-element_type=\"widget\" data-e-type=\"widget\" data-widget_type=\"heading.default\">\n\t\t\t\t\t<p class=\"elementor-heading-title elementor-size-default\">04<\/p>\t\t\t\t<\/div>\n\t\t\t\t<\/div>\n\t\t<div class=\"elementor-element elementor-element-c3317c4 e-con-full e-flex e-con e-child\" data-id=\"c3317c4\" data-element_type=\"container\" data-e-type=\"container\">\n\t\t\t\t<div class=\"elementor-element elementor-element-c99c1c5 elementor-widget elementor-widget-heading\" data-id=\"c99c1c5\" data-element_type=\"widget\" data-e-type=\"widget\" data-widget_type=\"heading.default\">\n\t\t\t\t\t<h3 class=\"elementor-heading-title elementor-size-default\">seo<\/h3>\t\t\t\t<\/div>\n\t\t\t\t<\/div>\n\t\t<div class=\"elementor-element elementor-element-3bfdf66 e-con-full e-flex e-con e-child\" data-id=\"3bfdf66\" data-element_type=\"container\" data-e-type=\"container\">\n\t\t\t\t<div class=\"elementor-element elementor-element-34818d8 elementor-widget elementor-widget-text-editor\" data-id=\"34818d8\" data-element_type=\"widget\" data-e-type=\"widget\" data-widget_type=\"text-editor.default\">\n\t\t\t\t\t\t\t\t\t<p><span style=\"font-weight: 400;\">Google puede ser tu mejor escaparate\u2026si sabes c\u00f3mo mostrarte. En batela hacemos que tu web suba posiciones y compita con la IA con un SEO estrat\u00e9gico y resultados medibles.<\/span><\/p>\t\t\t\t\t\t\t\t<\/div>\n\t\t\t\t<div class=\"elementor-element elementor-element-bc77d76 elementor-widget elementor-widget-jkit_button\" data-id=\"bc77d76\" data-element_type=\"widget\" data-e-type=\"widget\" data-widget_type=\"jkit_button.default\">\n\t\t\t\t\t<div  class=\"jeg-elementor-kit jkit-button  icon-position-after jeg_module__5_6a068d65c5bda\" ><a href=\"https:\/\/batelamarketing.eus\/es\/seo\/\" class=\"jkit-button-wrapper\">\u00bfC\u00f3mo lo hacemos?<i aria-hidden=\"true\" class=\"jki jki-right-arrow1-light\"><\/i><\/a><\/div>\t\t\t\t<\/div>\n\t\t\t\t<\/div>\n\t\t\t\t<\/div>\n\t\t<div class=\"elementor-element elementor-element-2219fe3 e-con-full e-flex elementor-invisible e-con e-child\" data-id=\"2219fe3\" data-element_type=\"container\" data-e-type=\"container\" data-settings=\"{&quot;animation&quot;:&quot;fadeInUp&quot;,&quot;animation_delay&quot;:200,&quot;background_background&quot;:&quot;classic&quot;}\">\n\t\t<div class=\"elementor-element elementor-element-25e1930 e-con-full e-flex e-con e-child\" data-id=\"25e1930\" data-element_type=\"container\" data-e-type=\"container\">\n\t\t\t\t<div class=\"elementor-element elementor-element-278fe64 elementor-widget elementor-widget-heading\" data-id=\"278fe64\" data-element_type=\"widget\" data-e-type=\"widget\" data-widget_type=\"heading.default\">\n\t\t\t\t\t<p class=\"elementor-heading-title elementor-size-default\">05<\/p>\t\t\t\t<\/div>\n\t\t\t\t<\/div>\n\t\t<div class=\"elementor-element elementor-element-36589e6 e-con-full e-flex e-con e-child\" data-id=\"36589e6\" data-element_type=\"container\" data-e-type=\"container\">\n\t\t\t\t<div class=\"elementor-element elementor-element-0ef6f23 elementor-widget elementor-widget-heading\" data-id=\"0ef6f23\" data-element_type=\"widget\" data-e-type=\"widget\" data-widget_type=\"heading.default\">\n\t\t\t\t\t<h3 class=\"elementor-heading-title elementor-size-default\">fotograf\u00eda<br>\ny v\u00eddeo<\/h3>\t\t\t\t<\/div>\n\t\t\t\t<\/div>\n\t\t<div class=\"elementor-element elementor-element-3f22060 e-con-full e-flex e-con e-child\" data-id=\"3f22060\" data-element_type=\"container\" data-e-type=\"container\">\n\t\t\t\t<div class=\"elementor-element elementor-element-d959add elementor-widget elementor-widget-text-editor\" data-id=\"d959add\" data-element_type=\"widget\" data-e-type=\"widget\" data-widget_type=\"text-editor.default\">\n\t\t\t\t\t\t\t\t\t<p><span style=\"font-weight: 400;\">captar la esencia de tu marca a trav\u00e9s de la fotograf\u00eda y el v\u00eddeo es imprescindible para llegar a conectar con tu p\u00fablico, y poder transmitir tus valores.<\/span><\/p>\t\t\t\t\t\t\t\t<\/div>\n\t\t\t\t<div class=\"elementor-element elementor-element-629daf0 elementor-widget elementor-widget-jkit_button\" data-id=\"629daf0\" data-element_type=\"widget\" data-e-type=\"widget\" data-widget_type=\"jkit_button.default\">\n\t\t\t\t\t<div  class=\"jeg-elementor-kit jkit-button  icon-position-after jeg_module__6_6a068d65caf84\" ><a href=\"https:\/\/batelamarketing.eus\/es\/fotografia-y-videografia\/\" class=\"jkit-button-wrapper\">\u00bfC\u00f3mo lo hacemos?<i aria-hidden=\"true\" class=\"jki jki-right-arrow1-light\"><\/i><\/a><\/div>\t\t\t\t<\/div>\n\t\t\t\t<\/div>\n\t\t\t\t<\/div>\n\t\t<div class=\"elementor-element elementor-element-60c44bf e-con-full e-flex elementor-invisible e-con e-child\" data-id=\"60c44bf\" data-element_type=\"container\" data-e-type=\"container\" data-settings=\"{&quot;animation&quot;:&quot;fadeInUp&quot;,&quot;animation_delay&quot;:200,&quot;background_background&quot;:&quot;classic&quot;}\">\n\t\t<div class=\"elementor-element elementor-element-dca7428 e-con-full e-flex e-con e-child\" data-id=\"dca7428\" data-element_type=\"container\" data-e-type=\"container\">\n\t\t\t\t<div class=\"elementor-element elementor-element-37e60d1 elementor-widget elementor-widget-heading\" data-id=\"37e60d1\" data-element_type=\"widget\" data-e-type=\"widget\" data-widget_type=\"heading.default\">\n\t\t\t\t\t<p class=\"elementor-heading-title elementor-size-default\">06<\/p>\t\t\t\t<\/div>\n\t\t\t\t<\/div>\n\t\t<div class=\"elementor-element elementor-element-8068bcd e-con-full e-flex e-con e-child\" data-id=\"8068bcd\" data-element_type=\"container\" data-e-type=\"container\">\n\t\t\t\t<div class=\"elementor-element elementor-element-eec3e8b elementor-widget elementor-widget-heading\" data-id=\"eec3e8b\" data-element_type=\"widget\" data-e-type=\"widget\" data-widget_type=\"heading.default\">\n\t\t\t\t\t<h3 class=\"elementor-heading-title elementor-size-default\">consultor\u00eda<br>\nde marketing<\/h3>\t\t\t\t<\/div>\n\t\t\t\t<\/div>\n\t\t<div class=\"elementor-element elementor-element-04a318d e-con-full e-flex e-con e-child\" data-id=\"04a318d\" data-element_type=\"container\" data-e-type=\"container\">\n\t\t\t\t<div class=\"elementor-element elementor-element-95f80af elementor-widget elementor-widget-text-editor\" data-id=\"95f80af\" data-element_type=\"widget\" data-e-type=\"widget\" data-widget_type=\"text-editor.default\">\n\t\t\t\t\t\t\t\t\t<p><span style=\"font-weight: 400;\">como consultor\u00eda estrat\u00e9gica dise\u00f1amos estrategias que potencian tu marca en el mercado. Trabajamos para que cada acci\u00f3n genere resultados.<\/span><\/p>\t\t\t\t\t\t\t\t<\/div>\n\t\t\t\t<div class=\"elementor-element elementor-element-2a02c77 elementor-widget elementor-widget-jkit_button\" data-id=\"2a02c77\" data-element_type=\"widget\" data-e-type=\"widget\" data-widget_type=\"jkit_button.default\">\n\t\t\t\t\t<div  class=\"jeg-elementor-kit jkit-button  icon-position-after jeg_module__7_6a068d65d0416\" ><a href=\"https:\/\/batelamarketing.eus\/es\/consultoria-estrategica-de-marketing\/\" class=\"jkit-button-wrapper\">\u00bfC\u00f3mo lo hacemos?<i aria-hidden=\"true\" class=\"jki jki-right-arrow1-light\"><\/i><\/a><\/div>\t\t\t\t<\/div>\n\t\t\t\t<\/div>\n\t\t\t\t<\/div>\n\t\t\t\t<\/div>\n\t\t\t\t\t<\/div>\n\t\t\t\t<\/div>\n\t\t\t\t<\/div>\n\t\t","protected":false},"excerpt":{"rendered":"<p>Servicios de marketing digital Servicios soluciones de marketing digital integrales e integradas adaptadas a tus propias necesidades 01 dise\u00f1o web tu presencia digital es tu carta de presentaci\u00f3n, empezando por tu p\u00e1gina web. Es vital tenerla lo m\u00e1s estructurada posible y optimizada con un contenido que realmente aporte valor para hacerte ver en los motores [&hellip;]<\/p>\n","protected":false},"author":1,"featured_media":0,"parent":0,"menu_order":0,"comment_status":"closed","ping_status":"closed","template":"","meta":{"footnotes":""},"class_list":["post-122","page","type-page","status-publish","hentry"],"_links":{"self":[{"href":"https:\/\/batelamarketing.eus\/es\/wp-json\/wp\/v2\/pages\/122","targetHints":{"allow":["GET"]}}],"collection":[{"href":"https:\/\/batelamarketing.eus\/es\/wp-json\/wp\/v2\/pages"}],"about":[{"href":"https:\/\/batelamarketing.eus\/es\/wp-json\/wp\/v2\/types\/page"}],"author":[{"embeddable":true,"href":"https:\/\/batelamarketing.eus\/es\/wp-json\/wp\/v2\/users\/1"}],"replies":[{"embeddable":true,"href":"https:\/\/batelamarketing.eus\/es\/wp-json\/wp\/v2\/comments?post=122"}],"version-history":[{"count":0,"href":"https:\/\/batelamarketing.eus\/es\/wp-json\/wp\/v2\/pages\/122\/revisions"}],"wp:attachment":[{"href":"https:\/\/batelamarketing.eus\/es\/wp-json\/wp\/v2\/media?parent=122"}],"curies":[{"name":"wp","href":"https:\/\/api.w.org\/{rel}","templated":true}]}}