{"id":12372,"date":"2026-04-24T12:31:46","date_gmt":"2026-04-24T10:31:46","guid":{"rendered":"http:\/\/192.168.1.121\/batelamarketing\/?page_id=12372"},"modified":"2026-04-29T12:22:50","modified_gmt":"2026-04-29T10:22:50","slug":"landing-diseno-web-donostia","status":"publish","type":"page","link":"https:\/\/batelamarketing.eus\/es\/landing-diseno-web-donostia\/","title":{"rendered":"Landing dise\u00f1o web"},"content":{"rendered":"\t\t<div data-elementor-type=\"wp-page\" data-elementor-id=\"12372\" class=\"elementor elementor-12372\" data-elementor-post-type=\"page\">\n\t\t\t\t<div class=\"elementor-element elementor-element-78e8145 e-flex e-con-boxed e-con e-parent\" data-id=\"78e8145\" data-element_type=\"container\" data-e-type=\"container\" data-settings=\"{&quot;background_background&quot;:&quot;classic&quot;,&quot;shape_divider_bottom&quot;:&quot;waves&quot;,&quot;shape_divider_bottom_negative&quot;:&quot;yes&quot;}\">\n\t\t\t\t\t<div class=\"e-con-inner\">\n\t\t\t\t<div class=\"elementor-shape elementor-shape-bottom\" aria-hidden=\"true\" data-negative=\"true\">\n\t\t\t<svg xmlns=\"http:\/\/www.w3.org\/2000\/svg\" viewBox=\"0 0 1000 100\" preserveAspectRatio=\"none\">\n\t<path class=\"elementor-shape-fill\" d=\"M790.5,93.1c-59.3-5.3-116.8-18-192.6-50c-29.6-12.7-76.9-31-100.5-35.9c-23.6-4.9-52.6-7.8-75.5-5.3\n\tc-10.2,1.1-22.6,1.4-50.1,7.4c-27.2,6.3-58.2,16.6-79.4,24.7c-41.3,15.9-94.9,21.9-134,22.6C72,58.2,0,25.8,0,25.8V100h1000V65.3\n\tc0,0-51.5,19.4-106.2,25.7C839.5,97,814.1,95.2,790.5,93.1z\"\/>\n<\/svg>\t\t<\/div>\n\t\t<div class=\"elementor-element elementor-element-ad573e0 e-con-full e-grid e-con e-child\" data-id=\"ad573e0\" data-element_type=\"container\" data-e-type=\"container\">\n\t\t\t\t<div class=\"elementor-element elementor-element-7041e5d elementor-widget elementor-widget-image\" data-id=\"7041e5d\" data-element_type=\"widget\" data-e-type=\"widget\" data-widget_type=\"image.default\">\n\t\t\t\t\t\t\t\t\t\t\t\t\t\t\t<img decoding=\"async\" width=\"160\" height=\"46\" src=\"https:\/\/batelamarketing.eus\/wp-content\/uploads\/2026\/01\/batela.1-blanco.png\" class=\"attachment-large size-large wp-image-97\" alt=\"\" \/>\t\t\t\t\t\t\t\t\t\t\t\t\t\t\t<\/div>\n\t\t\t\t<\/div>\n\t\t<div class=\"elementor-element elementor-element-8ea01d8 e-con-full e-grid e-con e-child\" data-id=\"8ea01d8\" data-element_type=\"container\" data-e-type=\"container\">\n\t\t<div class=\"elementor-element elementor-element-96f8b98 e-con-full e-flex e-con e-child\" data-id=\"96f8b98\" data-element_type=\"container\" data-e-type=\"container\">\n\t\t\t\t<div class=\"elementor-element elementor-element-abf3936 elementor-widget elementor-widget-jkit_heading\" data-id=\"abf3936\" data-element_type=\"widget\" data-e-type=\"widget\" data-widget_type=\"jkit_heading.default\">\n\t\t\t\t\t<div  class=\"jeg-elementor-kit jkit-heading  align-left align-tablet- align-mobile- jeg_module___6a05f96f5f416\" ><div class=\"heading-section-title  display-inline-block\"><h1 class=\"heading-title\"><span class=\"style-gradient\"><span>dise\u00f1o web para pymes en Donostia<\/span><\/span><\/h1><\/div><\/div>\t\t\t\t<\/div>\n\t\t\t\t<div class=\"elementor-element elementor-element-7a2916d elementor-widget__width-initial elementor-widget elementor-widget-text-editor\" data-id=\"7a2916d\" data-element_type=\"widget\" data-e-type=\"widget\" data-widget_type=\"text-editor.default\">\n\t\t\t\t\t\t\t\t\t<ul><li>Dise\u00f1amos y desarrollamos\u00a0<em><strong>tiendas online<\/strong><\/em>\u00a0con un \u00fanico objetivo: la conversi\u00f3n.<\/li><li>Creamos y dise\u00f1amos\u00a0<em><strong>Landing Pages<\/strong><\/em>\u00a0optimizadas para conseguir leads cualificados<\/li><li>Potenciamos la presencia de tu marca aumentando su\u00a0<em><strong>visibilidad<\/strong><\/em>.<\/li><li>Webs\u00a0<em><strong>pensadas para el usuario<\/strong><\/em>, basadas en la experiencia de usuario y optimizadas para SEO.<\/li><li style=\"list-style-type: none;\">\u00a0<\/li><\/ul>\t\t\t\t\t\t\t\t<\/div>\n\t\t\t\t<\/div>\n\t\t<div class=\"elementor-element elementor-element-0dc443b e-con-full e-flex e-con e-child\" data-id=\"0dc443b\" data-element_type=\"container\" data-e-type=\"container\" data-settings=\"{&quot;background_background&quot;:&quot;classic&quot;}\">\n\t\t\t\t<div class=\"elementor-element elementor-element-5084aa2 elementor-widget elementor-widget-jkit_heading\" data-id=\"5084aa2\" data-element_type=\"widget\" data-e-type=\"widget\" data-widget_type=\"jkit_heading.default\">\n\t\t\t\t\t<div  class=\"jeg-elementor-kit jkit-heading  align-left align-tablet- align-mobile- jeg_module__1_6a05f96f6394c\" ><div class=\"heading-section-title  display-inline-block\"><p class=\"heading-title\"><span class=\"style-gradient\"><span>descubre todo lo que podemos hacer por ti, \u00bfconectamos?<\/span><\/span><\/p><\/div><\/div>\t\t\t\t<\/div>\n\t\t\t\t<div class=\"elementor-element elementor-element-9979e1f elementor-widget elementor-widget-jkit_contact_form_7\" data-id=\"9979e1f\" data-element_type=\"widget\" data-e-type=\"widget\" data-widget_type=\"jkit_contact_form_7.default\">\n\t\t\t\t\t<div  class=\"jeg-elementor-kit jkit-contact-form-7 jeg_module__2_6a05f96f6a635\" >\n<div class=\"wpcf7 no-js\" id=\"wpcf7-f12678-o1\" lang=\"es-ES\" dir=\"ltr\" data-wpcf7-id=\"12678\">\n<div class=\"screen-reader-response\"><p role=\"status\" aria-live=\"polite\" aria-atomic=\"true\"><\/p> <ul><\/ul><\/div>\n<form action=\"\/es\/wp-json\/wp\/v2\/pages\/12372#wpcf7-f12678-o1\" method=\"post\" class=\"wpcf7-form init\" aria-label=\"Formulario de contacto\" novalidate=\"novalidate\" data-status=\"init\">\n<fieldset class=\"hidden-fields-container\"><input type=\"hidden\" name=\"_wpcf7\" value=\"12678\" \/><input type=\"hidden\" name=\"_wpcf7_version\" value=\"6.1.5\" \/><input type=\"hidden\" name=\"_wpcf7_locale\" value=\"es_ES\" \/><input type=\"hidden\" name=\"_wpcf7_unit_tag\" value=\"wpcf7-f12678-o1\" \/><input type=\"hidden\" name=\"_wpcf7_container_post\" value=\"0\" \/><input type=\"hidden\" name=\"_wpcf7_posted_data_hash\" value=\"\" \/><input type=\"hidden\" name=\"_wpcf7_recaptcha_response\" value=\"\" \/>\n<\/fieldset>\n<p><span class=\"wpcf7-form-control-wrap\" data-name=\"your-name\"><input size=\"40\" maxlength=\"400\" class=\"wpcf7-form-control wpcf7-text wpcf7-validates-as-required\" aria-required=\"true\" aria-invalid=\"false\" placeholder=\"tu nombre\" value=\"\" type=\"text\" name=\"your-name\" \/><\/span><br \/>\n<span class=\"wpcf7-form-control-wrap\" data-name=\"your-email\"><input size=\"40\" maxlength=\"400\" class=\"wpcf7-form-control wpcf7-email wpcf7-validates-as-required wpcf7-text wpcf7-validates-as-email\" aria-required=\"true\" aria-invalid=\"false\" placeholder=\"tu correo electr\u00f3nico\" value=\"\" type=\"email\" name=\"your-email\" \/><\/span><br \/>\n<span class=\"wpcf7-form-control-wrap\" data-name=\"your-telephone\"><input size=\"40\" maxlength=\"400\" class=\"wpcf7-form-control wpcf7-tel wpcf7-validates-as-required wpcf7-text wpcf7-validates-as-tel\" aria-required=\"true\" aria-invalid=\"false\" placeholder=\"tu n\u00famero de tel\u00e9fono\" value=\"\" type=\"tel\" name=\"your-telephone\" \/><\/span><br \/>\n<span class=\"wpcf7-form-control-wrap\" data-name=\"textarea-879\"><input size=\"40\" maxlength=\"400\" class=\"wpcf7-form-control wpcf7-text wpcf7-validates-as-required\" aria-required=\"true\" aria-invalid=\"false\" placeholder=\"nombre de tu empresa \/ marca\" value=\"\" type=\"text\" name=\"textarea-879\" \/><\/span><br \/>\n<span class=\"wpcf7-form-control-wrap\" data-name=\"your-message\"><textarea cols=\"40\" rows=\"8\" maxlength=\"2000\" class=\"wpcf7-form-control wpcf7-textarea\" aria-invalid=\"false\" placeholder=\"\u00bfen qu\u00e9 te podemos ayudar?\" name=\"your-message\"><\/textarea><\/span>\n<\/p>\n<p><span class=\"wpcf7-form-control-wrap\" data-name=\"Privacidad\"><span class=\"wpcf7-form-control wpcf7-acceptance\"><span class=\"wpcf7-list-item\"><label><input type=\"checkbox\" name=\"Privacidad\" value=\"1\" aria-invalid=\"false\" \/><span class=\"wpcf7-list-item-label\">he le\u00eddo y aceptado la <a href=\"https:\/\/batelamarketing.eus\/es\/politica-privacidad\/\" target=\"_blank\">pol\u00edtica legal<\/a><\/span><\/label><\/span><\/span><\/span>\n<\/p>\n<p>[honeypot segundo-apellido]\n<\/p>\n<p><input class=\"wpcf7-form-control wpcf7-submit has-spinner\" type=\"submit\" value=\"enviar\" \/>\n<\/p><div class=\"wpcf7-response-output\" aria-hidden=\"true\"><\/div>\n<\/form>\n<\/div>\n<\/div>\t\t\t\t<\/div>\n\t\t\t\t<\/div>\n\t\t\t\t<\/div>\n\t\t\t\t\t<\/div>\n\t\t\t\t<\/div>\n\t\t<div class=\"elementor-element elementor-element-910ea87 e-grid e-con-boxed e-con e-parent\" data-id=\"910ea87\" data-element_type=\"container\" data-e-type=\"container\" data-settings=\"{&quot;background_background&quot;:&quot;classic&quot;}\">\n\t\t\t\t\t<div class=\"e-con-inner\">\n\t\t\t\t<div class=\"elementor-element elementor-element-a62bd25 elementor-widget elementor-widget-jkit_heading\" data-id=\"a62bd25\" data-element_type=\"widget\" data-e-type=\"widget\" data-widget_type=\"jkit_heading.default\">\n\t\t\t\t\t<div  class=\"jeg-elementor-kit jkit-heading  align-left align-tablet- align-mobile- jeg_module__3_6a05f96f71dac\" ><div class=\"heading-section-title  display-inline-block\"><h2 class=\"heading-title\"><span class=\"style-gradient\"><span>te presentamos nuestra metodolog\u00eda de trabajo<\/span><\/span><\/h2><\/div><\/div>\t\t\t\t<\/div>\n\t\t\t\t<div class=\"elementor-element elementor-element-b941537 elementor-view-default elementor-position-block-start elementor-mobile-position-block-start elementor-widget elementor-widget-icon-box\" data-id=\"b941537\" data-element_type=\"widget\" data-e-type=\"widget\" data-widget_type=\"icon-box.default\">\n\t\t\t\t\t\t\t<div class=\"elementor-icon-box-wrapper\">\n\n\t\t\t\t\t\t<div class=\"elementor-icon-box-icon\">\n\t\t\t\t<span  class=\"elementor-icon\">\n\t\t\t\t<svg xmlns=\"http:\/\/www.w3.org\/2000\/svg\" xmlns:xlink=\"http:\/\/www.w3.org\/1999\/xlink\" x=\"0px\" y=\"0px\" width=\"26px\" height=\"22px\" viewBox=\"0 0 26 22\" style=\"enable-background:new 0 0 26 22;\" xml:space=\"preserve\">  <g>\t<path d=\"M24.2,22H1.8c-1,0-1.8-0.8-1.8-1.8V1.8C0,0.8,0.8,0,1.8,0h7.7c1,0,1.8,0.8,1.8,1.8V3h13c1,0,1.8,0.8,1.8,1.8v15.5  C26,21.2,25.2,22,24.2,22z M1.8,1.2c-0.3,0-0.6,0.3-0.6,0.6v18.4c0,0.3,0.3,0.6,0.6,0.6h22.5c0.3,0,0.6-0.3,0.6-0.6V4.8  c0-0.3-0.3-0.6-0.6-0.6H10V1.8c0-0.3-0.3-0.6-0.6-0.6H1.8z\"><\/path>\t<path d=\"M9.5,18.1V6.9l8.6,5.6L9.5,18.1z M10.6,9.1v6.8l5.3-3.4L10.6,9.1z\"><\/path><\/g><\/svg>\t\t\t\t<\/span>\n\t\t\t<\/div>\n\t\t\t\n\t\t\t\t\t\t<div class=\"elementor-icon-box-content\">\n\n\t\t\t\t\t\t\t\t\t<h3 class=\"elementor-icon-box-title\">\n\t\t\t\t\t\t<span  >\n\t\t\t\t\t\t\tobjetivos\t\t\t\t\t\t<\/span>\n\t\t\t\t\t<\/h3>\n\t\t\t\t\n\t\t\t\t\t\t\t\t\t<p class=\"elementor-icon-box-description\">\n\t\t\t\t\t\tEsta etapa implica definir de manera clara y espec\u00edfica lo que deseas lograr con la campa\u00f1a. Establecer objetivos medibles y alcanzables es fundamental para tener una direcci\u00f3n clara.\t\t\t\t\t<\/p>\n\t\t\t\t\n\t\t\t<\/div>\n\t\t\t\n\t\t<\/div>\n\t\t\t\t\t\t<\/div>\n\t\t\t\t<div class=\"elementor-element elementor-element-0e7109d elementor-view-default elementor-position-block-start elementor-mobile-position-block-start elementor-widget elementor-widget-icon-box\" data-id=\"0e7109d\" data-element_type=\"widget\" data-e-type=\"widget\" data-widget_type=\"icon-box.default\">\n\t\t\t\t\t\t\t<div class=\"elementor-icon-box-wrapper\">\n\n\t\t\t\t\t\t<div class=\"elementor-icon-box-icon\">\n\t\t\t\t<span  class=\"elementor-icon\">\n\t\t\t\t<svg xmlns=\"http:\/\/www.w3.org\/2000\/svg\" xmlns:xlink=\"http:\/\/www.w3.org\/1999\/xlink\" x=\"0px\" y=\"0px\" width=\"29px\" height=\"23px\" viewBox=\"0 0 29 23\" style=\"enable-background:new 0 0 29 23;\" xml:space=\"preserve\">  <path d=\"M29,4.1l-6,1.9V2.4C23,1.1,21.9,0,20.5,0H2.4C1.1,0,0,1.1,0,2.4v18.2C0,21.9,1.1,23,2.4,23h18.1c1.3,0,2.4-1.1,2.4-2.4v-3.6 l6,1.9V4.1z M21.8,20.6c0,0.7-0.5,1.2-1.2,1.2H2.4c-0.7,0-1.2-0.5-1.2-1.2V2.4c0-0.7,0.5-1.2,1.2-1.2h18.1c0.7,0,1.2,0.5,1.2,1.2 V20.6z M27.8,17.2L23,15.7V7.3l4.8-1.5V17.2z\"><\/path><\/svg>\t\t\t\t<\/span>\n\t\t\t<\/div>\n\t\t\t\n\t\t\t\t\t\t<div class=\"elementor-icon-box-content\">\n\n\t\t\t\t\t\t\t\t\t<h3 class=\"elementor-icon-box-title\">\n\t\t\t\t\t\t<span  >\n\t\t\t\t\t\t\testrategia\t\t\t\t\t\t<\/span>\n\t\t\t\t\t<\/h3>\n\t\t\t\t\n\t\t\t\t\t\t\t\t\t<p class=\"elementor-icon-box-description\">\n\t\t\t\t\t\tUna vez que tienes claros tus objetivos, debes desarrollar una estrategia general que gu\u00ede aquellas acciones que decidiremos realizar hacia la consecuci\u00f3n de esos objetivos. \n\n\t\t\t\t\t<\/p>\n\t\t\t\t\n\t\t\t<\/div>\n\t\t\t\n\t\t<\/div>\n\t\t\t\t\t\t<\/div>\n\t\t\t\t<div class=\"elementor-element elementor-element-dd2de40 elementor-view-default elementor-position-block-start elementor-mobile-position-block-start elementor-widget elementor-widget-icon-box\" data-id=\"dd2de40\" data-element_type=\"widget\" data-e-type=\"widget\" data-widget_type=\"icon-box.default\">\n\t\t\t\t\t\t\t<div class=\"elementor-icon-box-wrapper\">\n\n\t\t\t\t\t\t<div class=\"elementor-icon-box-icon\">\n\t\t\t\t<span  class=\"elementor-icon\">\n\t\t\t\t<svg xmlns=\"http:\/\/www.w3.org\/2000\/svg\" xmlns:xlink=\"http:\/\/www.w3.org\/1999\/xlink\" x=\"0px\" y=\"0px\" width=\"25px\" height=\"26px\" viewBox=\"0 0 25 26\" style=\"enable-background:new 0 0 25 26;\" xml:space=\"preserve\">  <path d=\"M5,12.1l18.6-7.3l-1.1-2.9c-0.6-1.6-2.3-2.3-3.9-1.7L1.9,6.7C1.2,7,0.6,7.6,0.3,8.3c-0.3,0.7-0.3,1.6,0,2.3l1,2.1V23 c0,1.7,1.3,3,3,3H22c1.6,0,3-1.4,3-3V12.1H5z M23.8,16.9h-4.5l-3.6-3.6h8.1V16.9z M12.1,16.9l-3.6-3.6H14l3.6,3.6H12.1z M10.5,16.9 H2.4v-3.6h4.5L10.5,16.9z M7.9,9.6L10,4.9l5.1-2L13,7.6L7.9,9.6z M19,1.3c0.2-0.1,0.4-0.1,0.6-0.1c0.7,0,1.4,0.4,1.7,1.2L22,4.1 L14.6,7l2.1-4.8L19,1.3z M1.3,8.8c0.2-0.4,0.5-0.8,1-1l6.1-2.4l-2.1,4.8l-4.2,1.7l-0.8-1.7C1.1,9.8,1.2,9.3,1.3,8.8z M22,24.8H4.2 c-1,0-1.8-0.8-1.8-1.8v-4.8h21.4V23C23.8,24,23,24.8,22,24.8z\"><\/path><\/svg>\t\t\t\t<\/span>\n\t\t\t<\/div>\n\t\t\t\n\t\t\t\t\t\t<div class=\"elementor-icon-box-content\">\n\n\t\t\t\t\t\t\t\t\t<h3 class=\"elementor-icon-box-title\">\n\t\t\t\t\t\t<span  >\n\t\t\t\t\t\t\tacciones\t\t\t\t\t\t<\/span>\n\t\t\t\t\t<\/h3>\n\t\t\t\t\n\t\t\t\t\t\t\t\t\t<p class=\"elementor-icon-box-description\">\n\t\t\t\t\t\tEn esta etapa, se trata de implementar las t\u00e1cticas y actividades espec\u00edficas que formar\u00e1n parte de la estrategia. Es importante que estas acciones est\u00e9n alineadas con tus objetivos y estrategia.\t\t\t\t\t<\/p>\n\t\t\t\t\n\t\t\t<\/div>\n\t\t\t\n\t\t<\/div>\n\t\t\t\t\t\t<\/div>\n\t\t\t\t<div class=\"elementor-element elementor-element-f94b58d elementor-view-default elementor-position-block-start elementor-mobile-position-block-start elementor-widget elementor-widget-icon-box\" data-id=\"f94b58d\" data-element_type=\"widget\" data-e-type=\"widget\" data-widget_type=\"icon-box.default\">\n\t\t\t\t\t\t\t<div class=\"elementor-icon-box-wrapper\">\n\n\t\t\t\t\t\t<div class=\"elementor-icon-box-icon\">\n\t\t\t\t<span  class=\"elementor-icon\">\n\t\t\t\t<svg xmlns=\"http:\/\/www.w3.org\/2000\/svg\" xmlns:xlink=\"http:\/\/www.w3.org\/1999\/xlink\" x=\"0px\" y=\"0px\" width=\"25px\" height=\"23px\" viewBox=\"0 0 25 23\" style=\"enable-background:new 0 0 25 23;\" xml:space=\"preserve\">  <path d=\"M25,1.2V0H0v1.2h3.6v3H0v1.2h4.8v12.1H0v1.2h3.6v3H0V23h25v-1.2h-3.6v-3H25v-1.2h-4.8V5.4H25V4.2h-3.6v-3H25z M13.1,4.2v-3 h3v3H13.1z M8.9,4.2v-3h3v3H8.9z M4.8,1.2h3v3h-3V1.2z M4.8,18.8h3v3h-3V18.8z M16.1,18.8v3h-3v-3H16.1z M11.9,21.8h-3v-3h3V21.8z  M20.2,21.8h-3v-3h3V21.8z M19,17.6H6V5.4H19V17.6z M20.2,4.2h-3v-3h3V4.2z\"><\/path><\/svg>\t\t\t\t<\/span>\n\t\t\t<\/div>\n\t\t\t\n\t\t\t\t\t\t<div class=\"elementor-icon-box-content\">\n\n\t\t\t\t\t\t\t\t\t<h3 class=\"elementor-icon-box-title\">\n\t\t\t\t\t\t<span  >\n\t\t\t\t\t\t\tresultados\t\t\t\t\t\t<\/span>\n\t\t\t\t\t<\/h3>\n\t\t\t\t\n\t\t\t\t\t\t\t\t\t<p class=\"elementor-icon-box-description\">\n\t\t\t\t\t\tDespu\u00e9s de ejecutar las acciones, es fundamental medir y evaluar los resultados obtenidos. Esta informaci\u00f3n te permitir\u00e1 determinar la efectividad de la estrategia e ir ajust\u00e1ndola.\t\t\t\t\t<\/p>\n\t\t\t\t\n\t\t\t<\/div>\n\t\t\t\n\t\t<\/div>\n\t\t\t\t\t\t<\/div>\n\t\t\t\t\t<\/div>\n\t\t\t\t<\/div>\n\t\t<div class=\"elementor-element elementor-element-6c9fa4d e-flex e-con-boxed e-con e-parent\" data-id=\"6c9fa4d\" data-element_type=\"container\" data-e-type=\"container\">\n\t\t\t\t\t<div class=\"e-con-inner\">\n\t\t<div class=\"elementor-element elementor-element-9cb3471 e-con-full e-flex e-con e-child\" data-id=\"9cb3471\" data-element_type=\"container\" data-e-type=\"container\" data-settings=\"{&quot;background_background&quot;:&quot;classic&quot;}\">\n\t\t\t\t<div class=\"elementor-element elementor-element-b998687 elementor-widget elementor-widget-jkit_heading\" data-id=\"b998687\" data-element_type=\"widget\" data-e-type=\"widget\" data-widget_type=\"jkit_heading.default\">\n\t\t\t\t\t<div  class=\"jeg-elementor-kit jkit-heading  align-left align-tablet- align-mobile- jeg_module__4_6a05f96f7cefb\" ><div class=\"heading-section-title  display-inline-block\"><p class=\"heading-title\"><span class=\"style-gradient\"><span>descubre todo lo que podemos hacer por ti, \u00bfconectamos?<\/span><\/span><\/p><\/div><\/div>\t\t\t\t<\/div>\n\t\t\t\t<div class=\"elementor-element elementor-element-c0d8a20 elementor-widget elementor-widget-jkit_contact_form_7\" data-id=\"c0d8a20\" data-element_type=\"widget\" data-e-type=\"widget\" data-widget_type=\"jkit_contact_form_7.default\">\n\t\t\t\t\t<div  class=\"jeg-elementor-kit jkit-contact-form-7 jeg_module__5_6a05f96f7ea12\" >\n<div class=\"wpcf7 no-js\" id=\"wpcf7-f12678-o2\" lang=\"es-ES\" dir=\"ltr\" data-wpcf7-id=\"12678\">\n<div class=\"screen-reader-response\"><p role=\"status\" aria-live=\"polite\" aria-atomic=\"true\"><\/p> <ul><\/ul><\/div>\n<form action=\"\/es\/wp-json\/wp\/v2\/pages\/12372#wpcf7-f12678-o2\" method=\"post\" class=\"wpcf7-form init\" aria-label=\"Formulario de contacto\" novalidate=\"novalidate\" data-status=\"init\">\n<fieldset class=\"hidden-fields-container\"><input type=\"hidden\" name=\"_wpcf7\" value=\"12678\" \/><input type=\"hidden\" name=\"_wpcf7_version\" value=\"6.1.5\" \/><input type=\"hidden\" name=\"_wpcf7_locale\" value=\"es_ES\" \/><input type=\"hidden\" name=\"_wpcf7_unit_tag\" value=\"wpcf7-f12678-o2\" \/><input type=\"hidden\" name=\"_wpcf7_container_post\" value=\"0\" \/><input type=\"hidden\" name=\"_wpcf7_posted_data_hash\" value=\"\" \/><input type=\"hidden\" name=\"_wpcf7_recaptcha_response\" value=\"\" \/>\n<\/fieldset>\n<p><span class=\"wpcf7-form-control-wrap\" data-name=\"your-name\"><input size=\"40\" maxlength=\"400\" class=\"wpcf7-form-control wpcf7-text wpcf7-validates-as-required\" aria-required=\"true\" aria-invalid=\"false\" placeholder=\"tu nombre\" value=\"\" type=\"text\" name=\"your-name\" \/><\/span><br \/>\n<span class=\"wpcf7-form-control-wrap\" data-name=\"your-email\"><input size=\"40\" maxlength=\"400\" class=\"wpcf7-form-control wpcf7-email wpcf7-validates-as-required wpcf7-text wpcf7-validates-as-email\" aria-required=\"true\" aria-invalid=\"false\" placeholder=\"tu correo electr\u00f3nico\" value=\"\" type=\"email\" name=\"your-email\" \/><\/span><br \/>\n<span class=\"wpcf7-form-control-wrap\" data-name=\"your-telephone\"><input size=\"40\" maxlength=\"400\" class=\"wpcf7-form-control wpcf7-tel wpcf7-validates-as-required wpcf7-text wpcf7-validates-as-tel\" aria-required=\"true\" aria-invalid=\"false\" placeholder=\"tu n\u00famero de tel\u00e9fono\" value=\"\" type=\"tel\" name=\"your-telephone\" \/><\/span><br \/>\n<span class=\"wpcf7-form-control-wrap\" data-name=\"textarea-879\"><input size=\"40\" maxlength=\"400\" class=\"wpcf7-form-control wpcf7-text wpcf7-validates-as-required\" aria-required=\"true\" aria-invalid=\"false\" placeholder=\"nombre de tu empresa \/ marca\" value=\"\" type=\"text\" name=\"textarea-879\" \/><\/span><br \/>\n<span class=\"wpcf7-form-control-wrap\" data-name=\"your-message\"><textarea cols=\"40\" rows=\"8\" maxlength=\"2000\" class=\"wpcf7-form-control wpcf7-textarea\" aria-invalid=\"false\" placeholder=\"\u00bfen qu\u00e9 te podemos ayudar?\" name=\"your-message\"><\/textarea><\/span>\n<\/p>\n<p><span class=\"wpcf7-form-control-wrap\" data-name=\"Privacidad\"><span class=\"wpcf7-form-control wpcf7-acceptance\"><span class=\"wpcf7-list-item\"><label><input type=\"checkbox\" name=\"Privacidad\" value=\"1\" aria-invalid=\"false\" \/><span class=\"wpcf7-list-item-label\">he le\u00eddo y aceptado la <a href=\"https:\/\/batelamarketing.eus\/es\/politica-privacidad\/\" target=\"_blank\">pol\u00edtica legal<\/a><\/span><\/label><\/span><\/span><\/span>\n<\/p>\n<p>[honeypot segundo-apellido]\n<\/p>\n<p><input class=\"wpcf7-form-control wpcf7-submit has-spinner\" type=\"submit\" value=\"enviar\" \/>\n<\/p><div class=\"wpcf7-response-output\" aria-hidden=\"true\"><\/div>\n<\/form>\n<\/div>\n<\/div>\t\t\t\t<\/div>\n\t\t\t\t<\/div>\n\t\t\t\t\t<\/div>\n\t\t\t\t<\/div>\n\t\t<div class=\"elementor-element elementor-element-fbcdb2e e-flex e-con-boxed e-con e-parent\" data-id=\"fbcdb2e\" data-element_type=\"container\" data-e-type=\"container\" data-settings=\"{&quot;background_background&quot;:&quot;classic&quot;}\">\n\t\t\t\t\t<div class=\"e-con-inner\">\n\t\t\t\t<div class=\"elementor-element elementor-element-b503678 elementor-widget elementor-widget-image\" data-id=\"b503678\" data-element_type=\"widget\" data-e-type=\"widget\" data-widget_type=\"image.default\">\n\t\t\t\t\t\t\t\t\t\t\t\t\t\t\t<img decoding=\"async\" width=\"160\" height=\"46\" src=\"https:\/\/batelamarketing.eus\/wp-content\/uploads\/2026\/01\/batela.1-blanco.png\" class=\"attachment-large size-large wp-image-97\" alt=\"\" \/>\t\t\t\t\t\t\t\t\t\t\t\t\t\t\t<\/div>\n\t\t<div class=\"elementor-element elementor-element-715adda e-con-full e-grid e-con e-child\" data-id=\"715adda\" data-element_type=\"container\" data-e-type=\"container\">\n\t\t\t\t<div class=\"elementor-element elementor-element-fdcaf21 elementor-widget__width-initial elementor-widget elementor-widget-text-editor\" data-id=\"fdcaf21\" data-element_type=\"widget\" data-e-type=\"widget\" data-widget_type=\"text-editor.default\">\n\t\t\t\t\t\t\t\t\t<p>Somos una agencia de marketing digital, publicidad y dise\u00f1o con sede en Donostia &#8211; San Sebasti\u00e1n.<\/p>\t\t\t\t\t\t\t\t<\/div>\n\t\t\t\t<div class=\"elementor-element elementor-element-2fe60e1 elementor-widget elementor-widget-text-editor\" data-id=\"2fe60e1\" data-element_type=\"widget\" data-e-type=\"widget\" data-widget_type=\"text-editor.default\">\n\t\t\t\t\t\t\t\t\t<p><span style=\"color: #9b9b9b;\">\u00a9 2023 batela marketing | Grupo CEI<\/span><\/p>\t\t\t\t\t\t\t\t<\/div>\n\t\t\t\t<\/div>\n\t\t\t\t\t<\/div>\n\t\t\t\t<\/div>\n\t\t\t\t<\/div>\n\t\t","protected":false},"excerpt":{"rendered":"<p>dise\u00f1o web para pymes en Donostia Dise\u00f1amos y desarrollamos\u00a0tiendas online\u00a0con un \u00fanico objetivo: la conversi\u00f3n. Creamos y dise\u00f1amos\u00a0Landing Pages\u00a0optimizadas para conseguir leads cualificados Potenciamos la presencia de tu marca aumentando su\u00a0visibilidad. Webs\u00a0pensadas para el usuario, basadas en la experiencia de usuario y optimizadas para SEO. \u00a0 descubre todo lo que podemos hacer por ti, \u00bfconectamos? [&hellip;]<\/p>\n","protected":false},"author":1,"featured_media":0,"parent":0,"menu_order":0,"comment_status":"closed","ping_status":"closed","template":"elementor_canvas","meta":{"footnotes":""},"class_list":["post-12372","page","type-page","status-publish","hentry"],"_links":{"self":[{"href":"https:\/\/batelamarketing.eus\/es\/wp-json\/wp\/v2\/pages\/12372","targetHints":{"allow":["GET"]}}],"collection":[{"href":"https:\/\/batelamarketing.eus\/es\/wp-json\/wp\/v2\/pages"}],"about":[{"href":"https:\/\/batelamarketing.eus\/es\/wp-json\/wp\/v2\/types\/page"}],"author":[{"embeddable":true,"href":"https:\/\/batelamarketing.eus\/es\/wp-json\/wp\/v2\/users\/1"}],"replies":[{"embeddable":true,"href":"https:\/\/batelamarketing.eus\/es\/wp-json\/wp\/v2\/comments?post=12372"}],"version-history":[{"count":0,"href":"https:\/\/batelamarketing.eus\/es\/wp-json\/wp\/v2\/pages\/12372\/revisions"}],"wp:attachment":[{"href":"https:\/\/batelamarketing.eus\/es\/wp-json\/wp\/v2\/media?parent=12372"}],"curies":[{"name":"wp","href":"https:\/\/api.w.org\/{rel}","templated":true}]}}