{"id":3,"date":"2023-06-06T08:04:57","date_gmt":"2023-06-06T08:04:57","guid":{"rendered":"http:\/\/192.168.1.121\/batela\/?page_id=3"},"modified":"2025-04-07T15:48:37","modified_gmt":"2025-04-07T13:48:37","slug":"politica-privacidad","status":"publish","type":"page","link":"https:\/\/batelamarketing.eus\/es\/politica-privacidad\/","title":{"rendered":"Pol\u00edtica de privacidad"},"content":{"rendered":"\n<p>En cumplimiento de la Ley 34\/2002 de 11 de Julio, de Servicios de la Sociedad de la Informaci\u00f3n y de Comercio Electr\u00f3nico (LSSI-CE), Cei informa de que es titular del portal www.grupocei.net&nbsp;En cumplimiento de la Ley 34\/2002 de 11 de Julio, de Servicios de la Sociedad de la Informaci\u00f3n y de Comercio Electr\u00f3nico (LSSI-CE), Cei informa de que es titular del portal www.grupocei.net<\/p>\n\n\n\n<p>De acuerdo con las exigencias del art\u00edculo 10 de la citada ley informa de los siguientes datos:<\/p>\n\n\n\n<p><strong>RESPONSABLE:<\/strong>\u00a0Cei Zerbitzuak S.L.U.<br><strong>CIF:<\/strong>\u00a0B56579832<br><strong>DIRECCI\u00d3N:<\/strong>\u00a0Zubieta, 54 bajo 20007 Donostia.<br><strong>TELEFONO:<\/strong>\u00a0943 42 90 03 |\u00a0<strong>Fax:<\/strong>\u00a0943 42 37 53<br><strong>EMAIL:<\/strong>\u00a0dpd@grupocei.net<\/p>\n\n\n\n<h2 class=\"wp-block-heading has-white-color has-text-color has-link-color wp-elements-e24c0b727b982c3dda485f63f3af5d99\">FINALIDAD<\/h2>\n\n\n\n<p><br>Los datos que nos ha proporcionado, ser\u00e1n utilizados para contestar a la solicitud de la informaci\u00f3n planteada.<\/p>\n\n\n\n<p><br>En caso de que contrate alguno de nuestros productos o servicios, utilizaremos sus datos personales para la gesti\u00f3n y la facturaci\u00f3n de los mismos.<br>Los datos se conservar\u00e1n durante el plazo exigido por la ley, salvo que usted comunique la negativa al uso de los datos personales, en cuyo caso, se proceder\u00e1 a su bloqueo inmediato.<\/p>\n\n\n\n<p><br>Conservaremos sus datos de contacto para informarle peri\u00f3dicamente sobre los productos y servicios, propios o de las empresas que forman el Grupo Cei, que entendamos puedan resultar de su inter\u00e9s.<br><br>En caso de que nos haya envido su Curriculum Vitae, con la finalidad de gestionar su participaci\u00f3n en futuros procesos de selecci\u00f3n, el plazo de conservaci\u00f3n de datos ser\u00e1 de 1 a\u00f1o (por considerar que tras dicho periodo la informaci\u00f3n de su CV estar\u00e1 desactualizada).<\/p>\n\n\n\n<p><br>Siempre podr\u00e1 ejercer los derechos de acceso, rectificaci\u00f3n, portabilidad, limitaci\u00f3n al tratamiento y supresi\u00f3n de los datos objeto de tratamiento.<\/p>\n\n\n\n<p>\u00a0<br>Asimismo, le informamos que disponemos de un Delegado de Protecci\u00f3n de Datos, con qui\u00e9n se podr\u00e1 poner en contacto a trav\u00e9s de la siguiente direcci\u00f3n\u00a0dpd@grupocei.net.<\/p>\n\n\n\n<h2 class=\"wp-block-heading has-white-color has-text-color has-link-color wp-elements-ae6920578365ec993e4565f43268b015\">LEGITIMACI\u00d3N<\/h2>\n\n\n\n<p>La base legal para el tratamiento de sus datos personales es el consentimiento del interesado al cumplimentar y aceptar el formulario de recogida de datos de la p\u00e1gina web o al enviar la solicitud del Curriculum.<\/p>\n\n\n\n<p><br>En caso de clientes la base legal ser\u00e1 la relaci\u00f3n contractual.<\/p>\n\n\n\n<h2 class=\"wp-block-heading has-white-color has-text-color has-link-color wp-elements-3be3dcdeaddfba94662bf6f7bd78ed6e\">DESTINATARIOS<\/h2>\n\n\n\n<p><br>Los datos no se ceder\u00e1n a terceros salvo en los casos en que exista una obligaci\u00f3n legal o sea necesario para el cumplimiento de la finalidad del tratamiento.<\/p>\n\n\n\n<h2 class=\"wp-block-heading has-white-color has-text-color has-link-color wp-elements-2516936c422fbe8e8f0340afceb95dbf\">DERECHOS<\/h2>\n\n\n\n<p><br>Los derechos que le asisten como persona interesada y de acuerdo con el RGPD son los siguientes:<br>\u2022 Derecho a solicitar el acceso a los datos personales relativos a su persona<br>\u2022 Derecho a solicitar su rectificaci\u00f3n o supresi\u00f3n<br>\u2022 Derecho a solicitar la limitaci\u00f3n de su tratamiento<br>\u2022 Derecho a oponerse al tratamiento<br>\u2022 Derecho a la portabilidad de los datos<\/p>\n\n\n\n<p><br>Para ejercer cualquiera de los derechos mencionados anteriormente dirigi\u00e9ndose mediante correo electr\u00f3nico a la direcci\u00f3n\u00a0dpd@grupocei.net.\u00a0Para poder tramitar la solicitud de ejercicio de derechos, ser\u00e1 necesario comprobar la identidad del usuario, por lo que dicha comunicaci\u00f3n deber\u00e1 incluir nombre y apellidos, petici\u00f3n en que se concreta la solicitud, direcci\u00f3n a efectos de notificaciones, fecha, firma y fotocopia del DNI u otro documento v\u00e1lido identificativo.<\/p>\n\n\n\n<p><br>Asimismo, le informamos que disponemos de un Delegado de Protecci\u00f3n de Datos, con qui\u00e9n se podr\u00e1 poner en contacto a trav\u00e9s de la siguiente direcci\u00f3n\u00a0dpd@grupocei.net.<\/p>\n\n\n\n<p><br>Si considera que hay un problema con la forma en que Cei Zerbitzuak S.L.U. est\u00e1 tratando sus datos, puede dirigir sus reclamaciones a la autoridad de protecci\u00f3n de datos que corresponda, siendo la Agencia Espa\u00f1ola de Protecci\u00f3n de Datos la indicada en el caso de territorio espa\u00f1ol.<\/p>\n\n\n\n<h2 class=\"wp-block-heading has-white-color has-text-color has-link-color wp-elements-6d2c8be94ce3c77885b328a045e8188c\">ACTUALIZACI\u00d3N DE LA POL\u00cdTICA DE PRIVACIDAD<\/h2>\n\n\n\n<p><br>Cei Zerbitzuak S.L.U. se reserva el derecho de modificar su pol\u00edtica de privacidad o condiciones de uso por motivos de adaptaci\u00f3n a la legislaci\u00f3n vigente. Se recomienda al usuario de este sitio web la revisi\u00f3n peri\u00f3dica de esta p\u00e1gina, ya que el uso de este sitio web por parte del usuario se entender\u00e1 como aceptaci\u00f3n de la pol\u00edtica de privacidad. Aseguramos la absoluta confidencialidad y privacidad de los datos personales recogidos. Se han adoptado las medidas de seguridad con el fin de evitar la alteraci\u00f3n, p\u00e9rdida, tratamiento o acceso no autorizado. Sin embargo, Cei Zerbitzuak S.L.U. no ser\u00e1 responsable de las incidencias que puedan surgir en torno a datos personales cuando estas se deriven, o bien de un ataque o acceso no autorizado a los sistemas de tal forma que resulte imposible detectarlo o impedirlo a\u00fan adopt\u00e1ndose las medidas seg\u00fan el estado de la tecnolog\u00eda actual.<\/p>\n","protected":false},"excerpt":{"rendered":"<p>En cumplimiento de la Ley 34\/2002 de 11 de Julio, de Servicios de la Sociedad de la Informaci\u00f3n y de Comercio Electr\u00f3nico (LSSI-CE), Cei informa de que es titular del portal www.grupocei.net&nbsp;En cumplimiento de la Ley 34\/2002 de 11 de Julio, de Servicios de la Sociedad de la Informaci\u00f3n y de Comercio Electr\u00f3nico (LSSI-CE), Cei [&hellip;]<\/p>\n","protected":false},"author":1,"featured_media":0,"parent":0,"menu_order":0,"comment_status":"closed","ping_status":"closed","template":"","meta":{"footnotes":""},"class_list":["post-3","page","type-page","status-publish","hentry"],"_links":{"self":[{"href":"https:\/\/batelamarketing.eus\/es\/wp-json\/wp\/v2\/pages\/3","targetHints":{"allow":["GET"]}}],"collection":[{"href":"https:\/\/batelamarketing.eus\/es\/wp-json\/wp\/v2\/pages"}],"about":[{"href":"https:\/\/batelamarketing.eus\/es\/wp-json\/wp\/v2\/types\/page"}],"author":[{"embeddable":true,"href":"https:\/\/batelamarketing.eus\/es\/wp-json\/wp\/v2\/users\/1"}],"replies":[{"embeddable":true,"href":"https:\/\/batelamarketing.eus\/es\/wp-json\/wp\/v2\/comments?post=3"}],"version-history":[{"count":4,"href":"https:\/\/batelamarketing.eus\/es\/wp-json\/wp\/v2\/pages\/3\/revisions"}],"predecessor-version":[{"id":10642,"href":"https:\/\/batelamarketing.eus\/es\/wp-json\/wp\/v2\/pages\/3\/revisions\/10642"}],"wp:attachment":[{"href":"https:\/\/batelamarketing.eus\/es\/wp-json\/wp\/v2\/media?parent=3"}],"curies":[{"name":"wp","href":"https:\/\/api.w.org\/{rel}","templated":true}]}}