{"id":3451,"date":"2021-07-08T08:55:29","date_gmt":"2021-07-08T08:55:29","guid":{"rendered":"https:\/\/eidan.qodeinteractive.com\/?page_id=3451"},"modified":"2025-04-09T14:06:52","modified_gmt":"2025-04-09T12:06:52","slug":"contacto","status":"publish","type":"page","link":"https:\/\/batelamarketing.eus\/es\/contacto\/","title":{"rendered":"contacto"},"content":{"rendered":"\t\t<div data-elementor-type=\"wp-page\" data-elementor-id=\"3451\" class=\"elementor elementor-3451\" data-elementor-post-type=\"page\">\n\t\t\t\t\t\t<section class=\"elementor-section elementor-top-section elementor-element elementor-element-e3e8a6a qodef-elementor-content-grid elementor-section-boxed elementor-section-height-default elementor-section-height-default\" data-id=\"e3e8a6a\" data-element_type=\"section\" data-settings=\"{&quot;background_background&quot;:&quot;classic&quot;}\">\n\t\t\t\t\t\t<div class=\"elementor-container elementor-column-gap-default\">\n\t\t\t\t\t<div class=\"elementor-column elementor-col-50 elementor-top-column elementor-element elementor-element-63bdd64\" data-id=\"63bdd64\" data-element_type=\"column\">\n\t\t\t<div class=\"elementor-widget-wrap elementor-element-populated\">\n\t\t\t\t\t\t<section class=\"elementor-section elementor-inner-section elementor-element elementor-element-4ed9411 elementor-section-boxed elementor-section-height-default elementor-section-height-default qodef-elementor-content-no\" data-id=\"4ed9411\" data-element_type=\"section\">\n\t\t\t\t\t\t<div class=\"elementor-container elementor-column-gap-default\">\n\t\t\t\t\t<div class=\"elementor-column elementor-col-100 elementor-inner-column elementor-element elementor-element-1608dcd\" data-id=\"1608dcd\" data-element_type=\"column\">\n\t\t\t<div class=\"elementor-widget-wrap elementor-element-populated\">\n\t\t\t\t\t\t<div class=\"elementor-element elementor-element-298e9d2 elementor-widget elementor-widget-eidan_core_section_title\" data-id=\"298e9d2\" data-element_type=\"widget\" data-widget_type=\"eidan_core_section_title.default\">\n\t\t\t\t<div class=\"elementor-widget-container\">\n\t\t\t\t\t<div class=\"qodef-shortcode qodef-m  qodef-section-title qodef-alignment--left \">\n\t\t<h1 class=\"qodef-m-title\" style=\"color: #FFFFFF\">\n\t\t\t\t\tdescubre todo lo que podemos hacer por ti, \u00bfempezamos?\t\t\t<\/h1>\n\t\t<p class=\"qodef-m-text\" style=\"margin-top: 28px;color: #FFFFFF\">puedes ponerte en contacto con nuestro equipo mediante dos v\u00edas, rellenando un cuestionario f\u00e1cil y sencillo o mediante el contacto de toda la vida. T\u00fa decides, \u00a1te esperamos!<\/p>\n<\/div>\n\t\t\t\t<\/div>\n\t\t\t\t<\/div>\n\t\t\t\t\t<\/div>\n\t\t<\/div>\n\t\t\t\t\t<\/div>\n\t\t<\/section>\n\t\t\t\t<section class=\"elementor-section elementor-inner-section elementor-element elementor-element-f409e81 elementor-section-boxed elementor-section-height-default elementor-section-height-default qodef-elementor-content-no\" data-id=\"f409e81\" data-element_type=\"section\">\n\t\t\t\t\t\t<div class=\"elementor-container elementor-column-gap-default\">\n\t\t\t\t\t<div class=\"elementor-column elementor-col-100 elementor-inner-column elementor-element elementor-element-aec0e86\" data-id=\"aec0e86\" data-element_type=\"column\">\n\t\t\t<div class=\"elementor-widget-wrap elementor-element-populated\">\n\t\t\t\t\t\t<div class=\"elementor-element elementor-element-987eb06 elementor-widget elementor-widget-eidan_core_section_title\" data-id=\"987eb06\" data-element_type=\"widget\" data-widget_type=\"eidan_core_section_title.default\">\n\t\t\t\t<div class=\"elementor-widget-container\">\n\t\t\t\t\t<div class=\"qodef-shortcode qodef-m  qodef-section-title qodef-alignment--left \">\n\t\t<h2 class=\"qodef-m-title\" style=\"color: #FFFFFF\">\n\t\t\t\t\tDonostia - San Sebasti\u00e1n\t\t\t<\/h2>\n\t<\/div>\n\t\t\t\t<\/div>\n\t\t\t\t<\/div>\n\t\t\t\t<div class=\"elementor-element elementor-element-c78805c elementor-widget elementor-widget-text-editor\" data-id=\"c78805c\" data-element_type=\"widget\" data-widget_type=\"text-editor.default\">\n\t\t\t\t<div class=\"elementor-widget-container\">\n\t\t\t\t\t\t\t\t\t<ul><li><span style=\"color: #ffffff;\"><a style=\"color: #ffffff;\" href=\"https:\/\/maps.app.goo.gl\/8YnqciYhsCwzdi378\" target=\"_blank\" rel=\"noopener\"><span class=\"c_detail\"><span class=\"c_desc\">Rekalde 1, 1\u00aa Planta Local 41B \/ <\/span><\/span><span class=\"c_detail\"><span class=\"c_desc\">20160 Lasarte-Oria (Gipuzkoa)<\/span><\/span><\/a><\/span><\/li><li>+34 943 21 53 64<\/li><li>batela@batelamarketing.eus<\/li><\/ul>\t\t\t\t\t\t\t\t<\/div>\n\t\t\t\t<\/div>\n\t\t\t\t\t<\/div>\n\t\t<\/div>\n\t\t\t\t\t<\/div>\n\t\t<\/section>\n\t\t\t\t\t<\/div>\n\t\t<\/div>\n\t\t\t\t<div class=\"elementor-column elementor-col-50 elementor-top-column elementor-element elementor-element-d8c30cb\" data-id=\"d8c30cb\" data-element_type=\"column\" data-settings=\"{&quot;background_background&quot;:&quot;classic&quot;}\">\n\t\t\t<div class=\"elementor-widget-wrap elementor-element-populated\">\n\t\t\t\t\t\t<div class=\"elementor-element elementor-element-7783443 elementor-widget elementor-widget-wp-widget-eidan_core_contact_form_7\" data-id=\"7783443\" data-element_type=\"widget\" data-widget_type=\"wp-widget-eidan_core_contact_form_7.default\">\n\t\t\t\t<div class=\"elementor-widget-container\">\n\t\t\t\t\t\t\t\t<div class=\"qodef-contact-form-7\">\n\t\t\t\t\n<div class=\"wpcf7 no-js\" id=\"wpcf7-f4106-o1\" lang=\"es-ES\" dir=\"ltr\" data-wpcf7-id=\"4106\">\n<div class=\"screen-reader-response\"><p role=\"status\" aria-live=\"polite\" aria-atomic=\"true\"><\/p> <ul><\/ul><\/div>\n<form action=\"\/es\/wp-json\/wp\/v2\/pages\/3451#wpcf7-f4106-o1\" method=\"post\" class=\"wpcf7-form init\" aria-label=\"Formulario de contacto\" novalidate=\"novalidate\" data-status=\"init\">\n<fieldset class=\"hidden-fields-container\"><input type=\"hidden\" name=\"_wpcf7\" value=\"4106\" \/><input type=\"hidden\" name=\"_wpcf7_version\" value=\"6.1.1\" \/><input type=\"hidden\" name=\"_wpcf7_locale\" value=\"es_ES\" \/><input type=\"hidden\" name=\"_wpcf7_unit_tag\" value=\"wpcf7-f4106-o1\" \/><input type=\"hidden\" name=\"_wpcf7_container_post\" value=\"0\" \/><input type=\"hidden\" name=\"_wpcf7_posted_data_hash\" value=\"\" \/><input type=\"hidden\" name=\"_wpcf7_recaptcha_response\" value=\"\" \/>\n<\/fieldset>\n<span class=\"wpcf7-form-control-wrap\" data-name=\"your-name\"><input size=\"40\" maxlength=\"400\" class=\"wpcf7-form-control wpcf7-text wpcf7-validates-as-required\" aria-required=\"true\" aria-invalid=\"false\" placeholder=\"tu nombre\" value=\"\" type=\"text\" name=\"your-name\" \/><\/span>\n<span class=\"wpcf7-form-control-wrap\" data-name=\"your-email\"><input size=\"40\" maxlength=\"400\" class=\"wpcf7-form-control wpcf7-email wpcf7-validates-as-required wpcf7-text wpcf7-validates-as-email\" aria-required=\"true\" aria-invalid=\"false\" placeholder=\"tu correo electr\u00f3nico\" value=\"\" type=\"email\" name=\"your-email\" \/><\/span> \n<span class=\"wpcf7-form-control-wrap\" data-name=\"your-telephone\"><input size=\"40\" maxlength=\"400\" class=\"wpcf7-form-control wpcf7-tel wpcf7-validates-as-required wpcf7-text wpcf7-validates-as-tel\" aria-required=\"true\" aria-invalid=\"false\" placeholder=\"tu n\u00famero de tel\u00e9fono\" value=\"\" type=\"tel\" name=\"your-telephone\" \/><\/span>\n<span class=\"wpcf7-form-control-wrap\" data-name=\"your-message\"><textarea cols=\"40\" rows=\"8\" maxlength=\"2000\" class=\"wpcf7-form-control wpcf7-textarea\" aria-invalid=\"false\" placeholder=\"\u00bfen qu\u00e9 te podemos ayudar?\" name=\"your-message\"><\/textarea><\/span>\n<span class=\"wpcf7-form-control-wrap\" data-name=\"checkbox-91\"><span class=\"wpcf7-form-control wpcf7-checkbox wpcf7-validates-as-required\"><span class=\"wpcf7-list-item first last\"><label><input type=\"checkbox\" name=\"checkbox-91[]\" value=\"he le\u00eddo y aceptado la pol\u00edtica legal\" \/><span class=\"wpcf7-list-item-label\">he le\u00eddo y aceptado la pol\u00edtica legal<\/span><\/label><\/span><\/span><\/span>\n<br>\n<br>\n<br>\n<span id=\"wpcf7-69ea3623a4b05-wrapper\" class=\"wpcf7-form-control-wrap segundo-apellido-wrap\" style=\"display:none !important; visibility:hidden !important;\"><label for=\"wpcf7-69ea3623a4b05-field\" class=\"hp-message\">Por favor, deja este campo vac\u00edo.<\/label><input id=\"wpcf7-69ea3623a4b05-field\"  class=\"wpcf7-form-control wpcf7-text\" type=\"text\" name=\"segundo-apellido\" value=\"\" size=\"40\" tabindex=\"-1\" autocomplete=\"new-password\" \/><\/span>\n\n<button class=\"wpcf7-form-control wpcf7-submit qodef-button qodef-size--normal qodef-layout--filled qodef-m qodef-form-submit\" type=\"submit\"><span class=\"qodef-m-text\">enviar<\/span><\/button><div class=\"wpcf7-response-output\" aria-hidden=\"true\"><\/div>\n<\/form>\n<\/div>\n\t\t\t<\/div>\n\t\t\t\t\t\t\t<\/div>\n\t\t\t\t<\/div>\n\t\t\t\t\t<\/div>\n\t\t<\/div>\n\t\t\t\t\t<\/div>\n\t\t<\/section>\n\t\t\t\t<section class=\"elementor-section elementor-top-section elementor-element elementor-element-9d4abab elementor-section-full_width elementor-section-height-default elementor-section-height-default qodef-elementor-content-no\" data-id=\"9d4abab\" data-element_type=\"section\" data-settings=\"{&quot;background_background&quot;:&quot;classic&quot;}\">\n\t\t\t\t\t\t<div class=\"elementor-container elementor-column-gap-default\">\n\t\t\t\t\t<div class=\"elementor-column elementor-col-100 elementor-top-column elementor-element elementor-element-a49fa6d\" data-id=\"a49fa6d\" data-element_type=\"column\">\n\t\t\t<div class=\"elementor-widget-wrap elementor-element-populated\">\n\t\t\t\t\t\t<div class=\"elementor-element elementor-element-561c60d elementor-widget elementor-widget-eidan_core_google_map\" data-id=\"561c60d\" data-element_type=\"widget\" data-widget_type=\"eidan_core_google_map.default\">\n\t\t\t\t<div class=\"elementor-widget-container\">\n\t\t\t\t\t<div class=\"qodef-shortcode qodef-m  qodef-google-map\">\n\t<div class=\"qodef-m-map\" id=\"qodef-map-id--856\" data-addresses='[\"https:\/\/www.google.com\/maps\/search\/brooklyn+brewery\/@40.6941332,-74.0198742,13z\/data=!3m1!4b1\"]' data-pin=https:\/\/batelamarketing.eus\/wp-includes\/images\/media\/default.svg data-unique-id=856 data-height=800><\/div>\n<\/div>\n\t\t\t\t<\/div>\n\t\t\t\t<\/div>\n\t\t\t\t\t<\/div>\n\t\t<\/div>\n\t\t\t\t\t<\/div>\n\t\t<\/section>\n\t\t\t\t<\/div>\n\t\t","protected":false},"excerpt":{"rendered":"<p>descubre todo lo que podemos hacer por ti, \u00bfempezamos? puedes ponerte en contacto con nuestro equipo mediante dos v\u00edas, rellenando un cuestionario f\u00e1cil y sencillo o mediante el contacto de toda la vida. T\u00fa decides, \u00a1te esperamos! Donostia &#8211; San Sebasti\u00e1n Rekalde 1, 1\u00aa Planta Local 41B \/ 20160 Lasarte-Oria (Gipuzkoa) +34 943 21 53 [&hellip;]<\/p>\n","protected":false},"author":1,"featured_media":0,"parent":0,"menu_order":0,"comment_status":"closed","ping_status":"closed","template":"page-full-width.php","meta":{"footnotes":""},"class_list":["post-3451","page","type-page","status-publish","hentry"],"_links":{"self":[{"href":"https:\/\/batelamarketing.eus\/es\/wp-json\/wp\/v2\/pages\/3451","targetHints":{"allow":["GET"]}}],"collection":[{"href":"https:\/\/batelamarketing.eus\/es\/wp-json\/wp\/v2\/pages"}],"about":[{"href":"https:\/\/batelamarketing.eus\/es\/wp-json\/wp\/v2\/types\/page"}],"author":[{"embeddable":true,"href":"https:\/\/batelamarketing.eus\/es\/wp-json\/wp\/v2\/users\/1"}],"replies":[{"embeddable":true,"href":"https:\/\/batelamarketing.eus\/es\/wp-json\/wp\/v2\/comments?post=3451"}],"version-history":[{"count":64,"href":"https:\/\/batelamarketing.eus\/es\/wp-json\/wp\/v2\/pages\/3451\/revisions"}],"predecessor-version":[{"id":11189,"href":"https:\/\/batelamarketing.eus\/es\/wp-json\/wp\/v2\/pages\/3451\/revisions\/11189"}],"wp:attachment":[{"href":"https:\/\/batelamarketing.eus\/es\/wp-json\/wp\/v2\/media?parent=3451"}],"curies":[{"name":"wp","href":"https:\/\/api.w.org\/{rel}","templated":true}]}}